{"id":10,"date":"2023-05-03T09:03:30","date_gmt":"2023-05-03T07:03:30","guid":{"rendered":"https:\/\/www.cempulik.eu\/shop\/?page_id=10"},"modified":"2024-02-22T10:15:57","modified_gmt":"2024-02-22T09:15:57","slug":"zwroty","status":"publish","type":"page","link":"https:\/\/www.cempulik.eu\/shop\/zwroty\/","title":{"rendered":"Polityka zwrot\u00f3w i refundacji"},"content":{"rendered":"\n<h4 class=\"wp-block-heading\" id=\"h-polityka-zwrotow-i-refundacji\">Polityka zwrot\u00f3w i refundacji:<\/h4>\n\n\n\n<p>Przys\u0142uguje Ci prawo do rezygnacji z zam\u00f3wienia w ci\u0105gu 30 dni bez podania przyczyny.<\/p>\n\n\n\n<p>Termin rezygnacji z zam\u00f3wienia wynosi 30 dni od dnia otrzymania towaru lub od dnia, w kt\u00f3rym wskazana przez Ciebie osoba trzecia, niepe\u0142ni\u0105ca funkcji przewo\u017anika, wesz\u0142a w posiadanie dostarczonego produktu.<\/p>\n\n\n\n<p>Aby skorzysta\u0107 z prawa do odst\u0105pienia od umowy, musisz poinformowa\u0107 nas o swojej decyzji poprzez z\u0142o\u017cenie jednoznacznego o\u015bwiadczenia.<\/p>\n\n\n\n<p>O swojej decyzji mo\u017cesz nas poinformowa\u0107 drog\u0105 mailow\u0105 pisz\u0105c na adres firma@cempulik.eu.<\/p>\n\n\n\n<p>Zwrotu koszt\u00f3w dokonamy nie p\u00f3\u017aniej ni\u017c w ci\u0105gu 30 dni od dnia otrzymania przez nas zwr\u00f3conych towar\u00f3w. Wykorzystamy ten sam spos\u00f3b p\u0142atno\u015bci, kt\u00f3ry zosta\u0142 u\u017cyty przez Ciebie do z\u0142o\u017cenia zam\u00f3wienia, a Ty nie poniesiesz \u017cadnych op\u0142at z tytu\u0142u takiego zwrotu.<\/p>\n\n\n\n<h4 class=\"wp-block-heading\" id=\"h-warunki-zwrotow\">Warunki zwrot\u00f3w:<\/h4>\n\n\n\n<p>Aby towar kwalifikowa\u0142 si\u0119 do zwrotu, upewnij si\u0119, \u017ce:<\/p>\n\n\n\n<ul class=\"wp-block-list\">\n<li>Towar zosta\u0142 zakupiony w ci\u0105gu ostatnich 30 dni<\/li>\n\n\n\n<li>Towar umieszczony jest w oryginalnym opakowaniu<\/li>\n<\/ul>\n\n\n\n<p>Zwrotowi nie podlegaj\u0105 nast\u0119puj\u0105ce towary:<\/p>\n\n\n\n<ul class=\"wp-block-list\">\n<li>Towary wykonane na zam\u00f3wienie lub \u015bci\u015ble spersonalizowane.<\/li>\n\n\n\n<li>Towary, kt\u00f3re ze wzgl\u0119du na sw\u00f3j charakter nie mog\u0105 by\u0107 zwr\u00f3cone, np. towary, kt\u00f3re ulegaj\u0105 szybkiemu zepsuciu lub kt\u00f3rych data wa\u017cno\u015bci min\u0119\u0142a.<\/li>\n\n\n\n<li>Towary, kt\u00f3re ze wzgl\u0119du na bezpiecze\u0144stwo zdrowotne lub higieniczne nie nadaj\u0105 si\u0119 do zwrotu i po dostarczeniu zosta\u0142y rozpakowane.<\/li>\n\n\n\n<li>Towary, kt\u00f3re po ich dostarczeniu, zgodnie ze swoim charakterem, zostan\u0105 nierozerwalnie po\u0142\u0105czone z innymi przedmiotami.<\/li>\n<\/ul>\n\n\n\n<p>Zastrzegamy sobie prawo do odmowy przyj\u0119cia zwrotu towaru, kt\u00f3ry nie spe\u0142nia powy\u017cszych warunk\u00f3w zwrotu. Decyzj\u0119 o zwrocie podejmujemy wed\u0142ug w\u0142asnego uznania.<\/p>\n\n\n\n<h4 class=\"wp-block-heading\" id=\"h-zwrot-towarow\">Zwrot towar\u00f3w<\/h4>\n\n\n\n<p>Klient ponosi koszty i ryzyko zwi\u0105zane z odes\u0142aniem towaru do nas. Towar nale\u017cy wys\u0142a\u0107 na nast\u0119puj\u0105cy adres:<\/p>\n\n\n\n<p>Us\u0142ugi Kamieniarskei Cempulik Stanis\u0142aw,  41-935 Bytom, ul. Drzewna 23<\/p>\n\n\n\n<p>Nie ponosimy odpowiedzialno\u015bci za towary uszkodzone lub zagubione w trakcie transportu zwrotnego. Z tego wzgl\u0119du zalecamy korzystanie z ubezpiecze\u0144 i us\u0142ugi \u015bledzenia przesy\u0142ek pocztowych. Nie mo\u017cemy dokona\u0107 zwrotu pieni\u0119dzy je\u015bli nie otrzymamy towaru lub potwierdzenia przyj\u0119cia przez nas przesy\u0142ki zwrotnej.<\/p>\n\n\n\n<h4 class=\"wp-block-heading\" id=\"h-prezenty\">Prezenty:<\/h4>\n\n\n\n<p>Je\u015bli towar zosta\u0142 oznaczony jako prezent w momencie zakupu, a nast\u0119pnie wys\u0142any bezpo\u015brednio do Ciebie, otrzymasz bon upominkowy o warto\u015bci r\u00f3wnej warto\u015bci zwr\u00f3conego towaru. Po otrzymaniu zwr\u00f3conego produktu zostanie do Ciebie wys\u0142any bon upominkowy.<\/p>\n\n\n\n<p>Je\u015bli towar nie by\u0142 oznaczony jako prezent w momencie zakupu lub osoba obdarowuj\u0105ca wys\u0142a\u0142a zam\u00f3wienie do siebie, aby p\u00f3\u017aniej przekaza\u0107 produkt Tobie, wy\u015blemy zwrot pieni\u0119dzy do osoby wr\u0119czaj\u0105cej prezent.<\/p>\n\n\n\n<h4 class=\"wp-block-heading\" id=\"h-kontakt-do-nas\">Kontakt do nas<\/h4>\n\n\n\n<p>Je\u015bli masz jakiekolwiek pytania dotycz\u0105ce naszej Polityki Zwrot\u00f3w i Refundacji, skontaktuj si\u0119 z nami drog\u0105 mailow\u0105 na adres firma@cempulik.eu.<\/p>\n","protected":false},"excerpt":{"rendered":"<p>Polityka zwrot\u00f3w i refundacji: Przys\u0142uguje Ci prawo do rezygnacji z zam\u00f3wienia w ci\u0105gu 30 dni bez podania przyczyny. Termin rezygnacji z zam\u00f3wienia wynosi 30 dni od dnia otrzymania towaru lub od dnia, w kt\u00f3rym wskazana przez Ciebie osoba trzecia, niepe\u0142ni\u0105ca funkcji przewo\u017anika, wesz\u0142a w posiadanie dostarczonego produktu. Aby skorzysta\u0107 z prawa do odst\u0105pienia od umowy, [&hellip;]<\/p>\n","protected":false},"author":1,"featured_media":0,"parent":0,"menu_order":0,"comment_status":"closed","ping_status":"closed","template":"","meta":{"site-sidebar-layout":"default","site-content-layout":"","ast-site-content-layout":"default","site-content-style":"default","site-sidebar-style":"default","ast-global-header-display":"","ast-banner-title-visibility":"","ast-main-header-display":"","ast-hfb-above-header-display":"","ast-hfb-below-header-display":"","ast-hfb-mobile-header-display":"","site-post-title":"","ast-breadcrumbs-content":"","ast-featured-img":"","footer-sml-layout":"","ast-disable-related-posts":"","theme-transparent-header-meta":"","adv-header-id-meta":"","stick-header-meta":"","header-above-stick-meta":"","header-main-stick-meta":"","header-below-stick-meta":"","astra-migrate-meta-layouts":"default","ast-page-background-enabled":"default","ast-page-background-meta":{"desktop":{"background-color":"var(--ast-global-color-4)","background-image":"","background-repeat":"repeat","background-position":"center center","background-size":"auto","background-attachment":"scroll","background-type":"","background-media":"","overlay-type":"","overlay-color":"","overlay-opacity":"","overlay-gradient":""},"tablet":{"background-color":"","background-image":"","background-repeat":"repeat","background-position":"center center","background-size":"auto","background-attachment":"scroll","background-type":"","background-media":"","overlay-type":"","overlay-color":"","overlay-opacity":"","overlay-gradient":""},"mobile":{"background-color":"","background-image":"","background-repeat":"repeat","background-position":"center center","background-size":"auto","background-attachment":"scroll","background-type":"","background-media":"","overlay-type":"","overlay-color":"","overlay-opacity":"","overlay-gradient":""}},"ast-content-background-meta":{"desktop":{"background-color":"var(--ast-global-color-5)","background-image":"","background-repeat":"repeat","background-position":"center center","background-size":"auto","background-attachment":"scroll","background-type":"","background-media":"","overlay-type":"","overlay-color":"","overlay-opacity":"","overlay-gradient":""},"tablet":{"background-color":"var(--ast-global-color-5)","background-image":"","background-repeat":"repeat","background-position":"center center","background-size":"auto","background-attachment":"scroll","background-type":"","background-media":"","overlay-type":"","overlay-color":"","overlay-opacity":"","overlay-gradient":""},"mobile":{"background-color":"var(--ast-global-color-5)","background-image":"","background-repeat":"repeat","background-position":"center center","background-size":"auto","background-attachment":"scroll","background-type":"","background-media":"","overlay-type":"","overlay-color":"","overlay-opacity":"","overlay-gradient":""}},"footnotes":""},"class_list":["post-10","page","type-page","status-publish","hentry"],"yoast_head":"<!-- This site is optimized with the Yoast SEO Premium plugin v26.7 (Yoast SEO v26.7) - https:\/\/yoast.com\/wordpress\/plugins\/seo\/ -->\n<title>Polityka zwrot\u00f3w i refundacji - Producent Nagrobk\u00f3w dla Zwierz\u0105t | Tablice i Portrety Nagrobne<\/title>\n<meta name=\"robots\" content=\"index, follow, max-snippet:-1, max-image-preview:large, max-video-preview:-1\" \/>\n<link rel=\"canonical\" href=\"https:\/\/www.cempulik.eu\/shop\/zwroty\/\" \/>\n<meta property=\"og:locale\" content=\"pl_PL\" \/>\n<meta property=\"og:type\" content=\"article\" \/>\n<meta property=\"og:title\" content=\"Polityka zwrot\u00f3w i refundacji - Producent Nagrobk\u00f3w dla Zwierz\u0105t | Tablice i Portrety Nagrobne\" \/>\n<meta property=\"og:description\" content=\"Polityka zwrot\u00f3w i refundacji: Przys\u0142uguje Ci prawo do rezygnacji z zam\u00f3wienia w ci\u0105gu 30 dni bez podania przyczyny. Termin rezygnacji z zam\u00f3wienia wynosi 30 dni od dnia otrzymania towaru lub od dnia, w kt\u00f3rym wskazana przez Ciebie osoba trzecia, niepe\u0142ni\u0105ca funkcji przewo\u017anika, wesz\u0142a w posiadanie dostarczonego produktu. Aby skorzysta\u0107 z prawa do odst\u0105pienia od umowy, [&hellip;]\" \/>\n<meta property=\"og:url\" content=\"https:\/\/www.cempulik.eu\/shop\/zwroty\/\" \/>\n<meta property=\"og:site_name\" content=\"Producent Nagrobk\u00f3w dla Zwierz\u0105t | Tablice i Portrety Nagrobne\" \/>\n<meta property=\"article:publisher\" content=\"https:\/\/m.facebook.com\/profile.php?id=100063565541500&amp;_rdr\" \/>\n<meta property=\"article:modified_time\" content=\"2024-02-22T09:15:57+00:00\" \/>\n<meta property=\"og:image\" content=\"https:\/\/www.cempulik.eu\/shop\/wp-content\/uploads\/2023\/02\/logo_footer__.png\" \/>\n\t<meta property=\"og:image:width\" content=\"396\" \/>\n\t<meta property=\"og:image:height\" content=\"128\" \/>\n\t<meta property=\"og:image:type\" content=\"image\/png\" \/>\n<meta name=\"twitter:card\" content=\"summary_large_image\" \/>\n<meta name=\"twitter:label1\" content=\"Szacowany czas czytania\" \/>\n\t<meta name=\"twitter:data1\" content=\"3 minuty\" \/>\n<script type=\"application\/ld+json\" class=\"yoast-schema-graph\">{\"@context\":\"https:\/\/schema.org\",\"@graph\":[{\"@type\":\"WebPage\",\"@id\":\"https:\/\/www.cempulik.eu\/shop\/zwroty\/\",\"url\":\"https:\/\/www.cempulik.eu\/shop\/zwroty\/\",\"name\":\"Polityka zwrot\u00f3w i refundacji - Producent Nagrobk\u00f3w dla Zwierz\u0105t | Tablice i Portrety Nagrobne\",\"isPartOf\":{\"@id\":\"https:\/\/www.cempulik.eu\/shop\/#website\"},\"datePublished\":\"2023-05-03T07:03:30+00:00\",\"dateModified\":\"2024-02-22T09:15:57+00:00\",\"inLanguage\":\"pl-PL\",\"potentialAction\":[{\"@type\":\"ReadAction\",\"target\":[\"https:\/\/www.cempulik.eu\/shop\/zwroty\/\"]}]},{\"@type\":\"WebSite\",\"@id\":\"https:\/\/www.cempulik.eu\/shop\/#website\",\"url\":\"https:\/\/www.cempulik.eu\/shop\/\",\"name\":\"Producent Nagrobk\u00f3w dla Zwierz\u0105t | Tablice i Portrety Nagrobne\",\"description\":\"\",\"publisher\":{\"@id\":\"https:\/\/www.cempulik.eu\/shop\/#organization\"},\"potentialAction\":[{\"@type\":\"SearchAction\",\"target\":{\"@type\":\"EntryPoint\",\"urlTemplate\":\"https:\/\/www.cempulik.eu\/shop\/?s={search_term_string}\"},\"query-input\":{\"@type\":\"PropertyValueSpecification\",\"valueRequired\":true,\"valueName\":\"search_term_string\"}}],\"inLanguage\":\"pl-PL\"},{\"@type\":[\"Organization\",\"Place\"],\"@id\":\"https:\/\/www.cempulik.eu\/shop\/#organization\",\"name\":\"Us\u0142ugi Kamieniarskie Cempulik Stanis\u0142aw\",\"url\":\"https:\/\/www.cempulik.eu\/shop\/\",\"logo\":{\"@id\":\"https:\/\/www.cempulik.eu\/shop\/zwroty\/#local-main-organization-logo\"},\"image\":{\"@id\":\"https:\/\/www.cempulik.eu\/shop\/zwroty\/#local-main-organization-logo\"},\"sameAs\":[\"https:\/\/m.facebook.com\/profile.php?id=100063565541500&_rdr\"],\"address\":{\"@id\":\"https:\/\/www.cempulik.eu\/shop\/zwroty\/#local-main-place-address\"},\"telephone\":[\"+48698936157\"],\"contactPoint\":{\"@type\":\"ContactPoint\",\"telephone\":\"+48698936157\",\"email\":\"firma@cempulik.eu\"},\"openingHoursSpecification\":[{\"@type\":\"OpeningHoursSpecification\",\"dayOfWeek\":[\"Monday\",\"Tuesday\",\"Wednesday\",\"Thursday\",\"Friday\",\"Saturday\",\"Sunday\"],\"opens\":\"07:00\",\"closes\":\"16:00\"}],\"email\":\"firma@cempulik.eu\",\"taxID\":\"6261055842\"},{\"@type\":\"PostalAddress\",\"@id\":\"https:\/\/www.cempulik.eu\/shop\/zwroty\/#local-main-place-address\",\"streetAddress\":\"Drzewna 23\",\"addressLocality\":\"Bytom\",\"postalCode\":\"41-935\",\"addressRegion\":\"\u015al\u0105skie\",\"addressCountry\":\"PL\"},{\"@type\":\"ImageObject\",\"inLanguage\":\"pl-PL\",\"@id\":\"https:\/\/www.cempulik.eu\/shop\/zwroty\/#local-main-organization-logo\",\"url\":\"https:\/\/www.cempulik.eu\/shop\/wp-content\/uploads\/2023\/02\/cropped-logo_footer__.png\",\"contentUrl\":\"https:\/\/www.cempulik.eu\/shop\/wp-content\/uploads\/2023\/02\/cropped-logo_footer__.png\",\"width\":512,\"height\":512,\"caption\":\"Us\u0142ugi Kamieniarskie Cempulik Stanis\u0142aw\"}]}<\/script>\n<meta name=\"geo.placename\" content=\"Bytom\" \/>\n<meta name=\"geo.region\" content=\"Polska\" \/>\n<!-- \/ Yoast SEO Premium plugin. -->","yoast_head_json":{"title":"Polityka zwrot\u00f3w i refundacji - Producent Nagrobk\u00f3w dla Zwierz\u0105t | Tablice i Portrety Nagrobne","robots":{"index":"index","follow":"follow","max-snippet":"max-snippet:-1","max-image-preview":"max-image-preview:large","max-video-preview":"max-video-preview:-1"},"canonical":"https:\/\/www.cempulik.eu\/shop\/zwroty\/","og_locale":"pl_PL","og_type":"article","og_title":"Polityka zwrot\u00f3w i refundacji - Producent Nagrobk\u00f3w dla Zwierz\u0105t | Tablice i Portrety Nagrobne","og_description":"Polityka zwrot\u00f3w i refundacji: Przys\u0142uguje Ci prawo do rezygnacji z zam\u00f3wienia w ci\u0105gu 30 dni bez podania przyczyny. Termin rezygnacji z zam\u00f3wienia wynosi 30 dni od dnia otrzymania towaru lub od dnia, w kt\u00f3rym wskazana przez Ciebie osoba trzecia, niepe\u0142ni\u0105ca funkcji przewo\u017anika, wesz\u0142a w posiadanie dostarczonego produktu. Aby skorzysta\u0107 z prawa do odst\u0105pienia od umowy, [&hellip;]","og_url":"https:\/\/www.cempulik.eu\/shop\/zwroty\/","og_site_name":"Producent Nagrobk\u00f3w dla Zwierz\u0105t | Tablice i Portrety Nagrobne","article_publisher":"https:\/\/m.facebook.com\/profile.php?id=100063565541500&_rdr","article_modified_time":"2024-02-22T09:15:57+00:00","og_image":[{"width":396,"height":128,"url":"https:\/\/www.cempulik.eu\/shop\/wp-content\/uploads\/2023\/02\/logo_footer__.png","type":"image\/png"}],"twitter_card":"summary_large_image","twitter_misc":{"Szacowany czas czytania":"3 minuty"},"schema":{"@context":"https:\/\/schema.org","@graph":[{"@type":"WebPage","@id":"https:\/\/www.cempulik.eu\/shop\/zwroty\/","url":"https:\/\/www.cempulik.eu\/shop\/zwroty\/","name":"Polityka zwrot\u00f3w i refundacji - Producent Nagrobk\u00f3w dla Zwierz\u0105t | Tablice i Portrety Nagrobne","isPartOf":{"@id":"https:\/\/www.cempulik.eu\/shop\/#website"},"datePublished":"2023-05-03T07:03:30+00:00","dateModified":"2024-02-22T09:15:57+00:00","inLanguage":"pl-PL","potentialAction":[{"@type":"ReadAction","target":["https:\/\/www.cempulik.eu\/shop\/zwroty\/"]}]},{"@type":"WebSite","@id":"https:\/\/www.cempulik.eu\/shop\/#website","url":"https:\/\/www.cempulik.eu\/shop\/","name":"Producent Nagrobk\u00f3w dla Zwierz\u0105t | Tablice i Portrety Nagrobne","description":"","publisher":{"@id":"https:\/\/www.cempulik.eu\/shop\/#organization"},"potentialAction":[{"@type":"SearchAction","target":{"@type":"EntryPoint","urlTemplate":"https:\/\/www.cempulik.eu\/shop\/?s={search_term_string}"},"query-input":{"@type":"PropertyValueSpecification","valueRequired":true,"valueName":"search_term_string"}}],"inLanguage":"pl-PL"},{"@type":["Organization","Place"],"@id":"https:\/\/www.cempulik.eu\/shop\/#organization","name":"Us\u0142ugi Kamieniarskie Cempulik Stanis\u0142aw","url":"https:\/\/www.cempulik.eu\/shop\/","logo":{"@id":"https:\/\/www.cempulik.eu\/shop\/zwroty\/#local-main-organization-logo"},"image":{"@id":"https:\/\/www.cempulik.eu\/shop\/zwroty\/#local-main-organization-logo"},"sameAs":["https:\/\/m.facebook.com\/profile.php?id=100063565541500&_rdr"],"address":{"@id":"https:\/\/www.cempulik.eu\/shop\/zwroty\/#local-main-place-address"},"telephone":["+48698936157"],"contactPoint":{"@type":"ContactPoint","telephone":"+48698936157","email":"firma@cempulik.eu"},"openingHoursSpecification":[{"@type":"OpeningHoursSpecification","dayOfWeek":["Monday","Tuesday","Wednesday","Thursday","Friday","Saturday","Sunday"],"opens":"07:00","closes":"16:00"}],"email":"firma@cempulik.eu","taxID":"6261055842"},{"@type":"PostalAddress","@id":"https:\/\/www.cempulik.eu\/shop\/zwroty\/#local-main-place-address","streetAddress":"Drzewna 23","addressLocality":"Bytom","postalCode":"41-935","addressRegion":"\u015al\u0105skie","addressCountry":"PL"},{"@type":"ImageObject","inLanguage":"pl-PL","@id":"https:\/\/www.cempulik.eu\/shop\/zwroty\/#local-main-organization-logo","url":"https:\/\/www.cempulik.eu\/shop\/wp-content\/uploads\/2023\/02\/cropped-logo_footer__.png","contentUrl":"https:\/\/www.cempulik.eu\/shop\/wp-content\/uploads\/2023\/02\/cropped-logo_footer__.png","width":512,"height":512,"caption":"Us\u0142ugi Kamieniarskie Cempulik Stanis\u0142aw"}]},"geo.placename":"Bytom","geo.region":"Polska"},"lang":"pl","translations":{"pl":10,"de":5259},"pll_sync_post":[],"_links":{"self":[{"href":"https:\/\/www.cempulik.eu\/shop\/wp-json\/wp\/v2\/pages\/10","targetHints":{"allow":["GET"]}}],"collection":[{"href":"https:\/\/www.cempulik.eu\/shop\/wp-json\/wp\/v2\/pages"}],"about":[{"href":"https:\/\/www.cempulik.eu\/shop\/wp-json\/wp\/v2\/types\/page"}],"author":[{"embeddable":true,"href":"https:\/\/www.cempulik.eu\/shop\/wp-json\/wp\/v2\/users\/1"}],"replies":[{"embeddable":true,"href":"https:\/\/www.cempulik.eu\/shop\/wp-json\/wp\/v2\/comments?post=10"}],"version-history":[{"count":0,"href":"https:\/\/www.cempulik.eu\/shop\/wp-json\/wp\/v2\/pages\/10\/revisions"}],"wp:attachment":[{"href":"https:\/\/www.cempulik.eu\/shop\/wp-json\/wp\/v2\/media?parent=10"}],"curies":[{"name":"wp","href":"https:\/\/api.w.org\/{rel}","templated":true}]}}