{"id":4744,"date":"2025-07-30T20:04:01","date_gmt":"2025-07-30T18:04:01","guid":{"rendered":"https:\/\/www.cempulik.eu\/shop\/?page_id=4744"},"modified":"2025-07-30T20:06:17","modified_gmt":"2025-07-30T18:06:17","slug":"farver-paa-granit","status":"publish","type":"page","link":"https:\/\/www.cempulik.eu\/shop\/dk\/farver-paa-granit\/","title":{"rendered":"Farver p\u00e5 granit"},"content":{"rendered":"\n<figure class=\"wp-block-image\" id=\"attachment_755\"><img decoding=\"async\" width=\"1024\" height=\"768\" src=\"https:\/\/www.cempulik.eu\/shop\/wp-content\/uploads\/2023\/07\/granit_vis-1024x768.jpg\" alt=\"Granit_vis\" class=\"wp-image-4745\" title=\"granit1_vis\" srcset=\"https:\/\/www.cempulik.eu\/shop\/wp-content\/uploads\/2023\/07\/granit_vis-1024x768.jpg 1024w, https:\/\/www.cempulik.eu\/shop\/wp-content\/uploads\/2023\/07\/granit_vis-600x450.jpg 600w, https:\/\/www.cempulik.eu\/shop\/wp-content\/uploads\/2023\/07\/granit_vis-80x60.jpg 80w, https:\/\/www.cempulik.eu\/shop\/wp-content\/uploads\/2023\/07\/granit_vis-300x225.jpg 300w, https:\/\/www.cempulik.eu\/shop\/wp-content\/uploads\/2023\/07\/granit_vis-768x576.jpg 768w, https:\/\/www.cempulik.eu\/shop\/wp-content\/uploads\/2023\/07\/granit_vis-1536x1152.jpg 1536w, https:\/\/www.cempulik.eu\/shop\/wp-content\/uploads\/2023\/07\/granit_vis.jpg 1740w\" sizes=\"(max-width: 1024px) 100vw, 1024px\" \/><figcaption class=\"wp-element-caption\"><strong>Granite1<\/strong><br>Letters on this color will be black. The stone sample measures 60x60cm.<\/figcaption><\/figure>\n\n\n\n<figure class=\"wp-block-image\" id=\"attachment_757\"><img decoding=\"async\" width=\"1024\" height=\"768\" src=\"https:\/\/www.cempulik.eu\/shop\/wp-content\/uploads\/2023\/07\/20230717_150751-1024x768.jpg\" alt=\"\" class=\"wp-image-4746\" srcset=\"https:\/\/www.cempulik.eu\/shop\/wp-content\/uploads\/2023\/07\/20230717_150751-1024x768.jpg 1024w, https:\/\/www.cempulik.eu\/shop\/wp-content\/uploads\/2023\/07\/20230717_150751-600x450.jpg 600w, https:\/\/www.cempulik.eu\/shop\/wp-content\/uploads\/2023\/07\/20230717_150751-80x60.jpg 80w, https:\/\/www.cempulik.eu\/shop\/wp-content\/uploads\/2023\/07\/20230717_150751-300x225.jpg 300w, https:\/\/www.cempulik.eu\/shop\/wp-content\/uploads\/2023\/07\/20230717_150751-768x576.jpg 768w, https:\/\/www.cempulik.eu\/shop\/wp-content\/uploads\/2023\/07\/20230717_150751-1536x1152.jpg 1536w, https:\/\/www.cempulik.eu\/shop\/wp-content\/uploads\/2023\/07\/20230717_150751.jpg 1777w\" sizes=\"(max-width: 1024px) 100vw, 1024px\" \/><figcaption class=\"wp-element-caption\"><strong>Granite2<\/strong><br>Darker. The stone sample measures 60x60cm.<\/figcaption><\/figure>\n\n\n\n<figure class=\"wp-block-image\" id=\"attachment_758\"><img decoding=\"async\" width=\"1024\" height=\"768\" src=\"https:\/\/www.cempulik.eu\/shop\/wp-content\/uploads\/2023\/07\/20230717_150748-1024x768.jpg\" alt=\"\" class=\"wp-image-4747\" srcset=\"https:\/\/www.cempulik.eu\/shop\/wp-content\/uploads\/2023\/07\/20230717_150748-1024x768.jpg 1024w, https:\/\/www.cempulik.eu\/shop\/wp-content\/uploads\/2023\/07\/20230717_150748-600x450.jpg 600w, https:\/\/www.cempulik.eu\/shop\/wp-content\/uploads\/2023\/07\/20230717_150748-80x60.jpg 80w, https:\/\/www.cempulik.eu\/shop\/wp-content\/uploads\/2023\/07\/20230717_150748-300x225.jpg 300w, https:\/\/www.cempulik.eu\/shop\/wp-content\/uploads\/2023\/07\/20230717_150748-768x576.jpg 768w, https:\/\/www.cempulik.eu\/shop\/wp-content\/uploads\/2023\/07\/20230717_150748-1536x1152.jpg 1536w, https:\/\/www.cempulik.eu\/shop\/wp-content\/uploads\/2023\/07\/20230717_150748.jpg 1849w\" sizes=\"(max-width: 1024px) 100vw, 1024px\" \/><figcaption class=\"wp-element-caption\"><strong>Granite3<\/strong><br>The stone sample measures 60x60cm.<\/figcaption><\/figure>\n\n\n\n<figure class=\"wp-block-image\" id=\"attachment_759\"><img decoding=\"async\" width=\"1024\" height=\"768\" src=\"https:\/\/www.cempulik.eu\/shop\/wp-content\/uploads\/2023\/07\/20230717_150743-1024x768.jpg\" alt=\"\" class=\"wp-image-4748\" srcset=\"https:\/\/www.cempulik.eu\/shop\/wp-content\/uploads\/2023\/07\/20230717_150743-1024x768.jpg 1024w, https:\/\/www.cempulik.eu\/shop\/wp-content\/uploads\/2023\/07\/20230717_150743-600x450.jpg 600w, https:\/\/www.cempulik.eu\/shop\/wp-content\/uploads\/2023\/07\/20230717_150743-80x60.jpg 80w, https:\/\/www.cempulik.eu\/shop\/wp-content\/uploads\/2023\/07\/20230717_150743-300x225.jpg 300w, https:\/\/www.cempulik.eu\/shop\/wp-content\/uploads\/2023\/07\/20230717_150743-768x576.jpg 768w, https:\/\/www.cempulik.eu\/shop\/wp-content\/uploads\/2023\/07\/20230717_150743-1536x1152.jpg 1536w, https:\/\/www.cempulik.eu\/shop\/wp-content\/uploads\/2023\/07\/20230717_150743.jpg 1849w\" sizes=\"(max-width: 1024px) 100vw, 1024px\" \/><figcaption class=\"wp-element-caption\">Granit2<\/figcaption><\/figure>\n","protected":false},"excerpt":{"rendered":"","protected":false},"author":1,"featured_media":0,"parent":0,"menu_order":0,"comment_status":"closed","ping_status":"closed","template":"","meta":{"site-sidebar-layout":"default","site-content-layout":"","ast-site-content-layout":"default","site-content-style":"default","site-sidebar-style":"default","ast-global-header-display":"","ast-banner-title-visibility":"","ast-main-header-display":"","ast-hfb-above-header-display":"","ast-hfb-below-header-display":"","ast-hfb-mobile-header-display":"","site-post-title":"","ast-breadcrumbs-content":"","ast-featured-img":"","footer-sml-layout":"","ast-disable-related-posts":"","theme-transparent-header-meta":"","adv-header-id-meta":"","stick-header-meta":"","header-above-stick-meta":"","header-main-stick-meta":"","header-below-stick-meta":"","astra-migrate-meta-layouts":"set","ast-page-background-enabled":"default","ast-page-background-meta":{"desktop":{"background-color":"var(--ast-global-color-4)","background-image":"","background-repeat":"repeat","background-position":"center center","background-size":"auto","background-attachment":"scroll","background-type":"","background-media":"","overlay-type":"","overlay-color":"","overlay-opacity":"","overlay-gradient":""},"tablet":{"background-color":"","background-image":"","background-repeat":"repeat","background-position":"center center","background-size":"auto","background-attachment":"scroll","background-type":"","background-media":"","overlay-type":"","overlay-color":"","overlay-opacity":"","overlay-gradient":""},"mobile":{"background-color":"","background-image":"","background-repeat":"repeat","background-position":"center center","background-size":"auto","background-attachment":"scroll","background-type":"","background-media":"","overlay-type":"","overlay-color":"","overlay-opacity":"","overlay-gradient":""}},"ast-content-background-meta":{"desktop":{"background-color":"var(--ast-global-color-5)","background-image":"","background-repeat":"repeat","background-position":"center center","background-size":"auto","background-attachment":"scroll","background-type":"","background-media":"","overlay-type":"","overlay-color":"","overlay-opacity":"","overlay-gradient":""},"tablet":{"background-color":"var(--ast-global-color-5)","background-image":"","background-repeat":"repeat","background-position":"center center","background-size":"auto","background-attachment":"scroll","background-type":"","background-media":"","overlay-type":"","overlay-color":"","overlay-opacity":"","overlay-gradient":""},"mobile":{"background-color":"var(--ast-global-color-5)","background-image":"","background-repeat":"repeat","background-position":"center center","background-size":"auto","background-attachment":"scroll","background-type":"","background-media":"","overlay-type":"","overlay-color":"","overlay-opacity":"","overlay-gradient":""}},"footnotes":""},"class_list":["post-4744","page","type-page","status-publish","hentry"],"yoast_head":"<!-- This site is optimized with the Yoast SEO Premium plugin v26.7 (Yoast SEO v26.7) - https:\/\/yoast.com\/wordpress\/plugins\/seo\/ -->\n<title>Farver p\u00e5 granit - Producent Nagrobk\u00f3w dla Zwierz\u0105t | Tablice i Portrety Nagrobne<\/title>\n<meta name=\"robots\" content=\"index, follow, max-snippet:-1, max-image-preview:large, max-video-preview:-1\" \/>\n<link rel=\"canonical\" href=\"https:\/\/www.cempulik.eu\/shop\/dk\/farver-paa-granit\/\" \/>\n<meta property=\"og:locale\" content=\"pl_PL\" \/>\n<meta property=\"og:type\" content=\"article\" \/>\n<meta property=\"og:title\" content=\"Farver p\u00e5 granit - Producent Nagrobk\u00f3w dla Zwierz\u0105t | Tablice i Portrety Nagrobne\" \/>\n<meta property=\"og:url\" content=\"https:\/\/www.cempulik.eu\/shop\/dk\/farver-paa-granit\/\" \/>\n<meta property=\"og:site_name\" content=\"Producent Nagrobk\u00f3w dla Zwierz\u0105t | Tablice i Portrety Nagrobne\" \/>\n<meta property=\"article:publisher\" content=\"https:\/\/m.facebook.com\/profile.php?id=100063565541500&amp;_rdr\" \/>\n<meta property=\"article:modified_time\" content=\"2025-07-30T18:06:17+00:00\" \/>\n<meta property=\"og:image\" content=\"https:\/\/www.cempulik.eu\/shop\/wp-content\/uploads\/2023\/07\/granit_vis.jpg\" \/>\n\t<meta property=\"og:image:width\" content=\"1740\" \/>\n\t<meta property=\"og:image:height\" content=\"1305\" \/>\n\t<meta property=\"og:image:type\" content=\"image\/jpeg\" \/>\n<meta name=\"twitter:card\" content=\"summary_large_image\" \/>\n<meta name=\"twitter:label1\" content=\"Szacowany czas czytania\" \/>\n\t<meta name=\"twitter:data1\" content=\"1 minuta\" \/>\n<script type=\"application\/ld+json\" class=\"yoast-schema-graph\">{\"@context\":\"https:\/\/schema.org\",\"@graph\":[{\"@type\":\"WebPage\",\"@id\":\"https:\/\/www.cempulik.eu\/shop\/dk\/farver-paa-granit\/\",\"url\":\"https:\/\/www.cempulik.eu\/shop\/dk\/farver-paa-granit\/\",\"name\":\"Farver p\u00e5 granit - Producent Nagrobk\u00f3w dla Zwierz\u0105t | Tablice i Portrety Nagrobne\",\"isPartOf\":{\"@id\":\"https:\/\/www.cempulik.eu\/shop\/#website\"},\"primaryImageOfPage\":{\"@id\":\"https:\/\/www.cempulik.eu\/shop\/dk\/farver-paa-granit\/#primaryimage\"},\"image\":{\"@id\":\"https:\/\/www.cempulik.eu\/shop\/dk\/farver-paa-granit\/#primaryimage\"},\"thumbnailUrl\":\"https:\/\/www.cempulik.eu\/shop\/wp-content\/uploads\/2023\/07\/granit_vis-1024x768.jpg\",\"datePublished\":\"2025-07-30T18:04:01+00:00\",\"dateModified\":\"2025-07-30T18:06:17+00:00\",\"inLanguage\":\"pl-PL\",\"potentialAction\":[{\"@type\":\"ReadAction\",\"target\":[\"https:\/\/www.cempulik.eu\/shop\/dk\/farver-paa-granit\/\"]}]},{\"@type\":\"ImageObject\",\"inLanguage\":\"pl-PL\",\"@id\":\"https:\/\/www.cempulik.eu\/shop\/dk\/farver-paa-granit\/#primaryimage\",\"url\":\"https:\/\/www.cempulik.eu\/shop\/wp-content\/uploads\/2023\/07\/granit_vis.jpg\",\"contentUrl\":\"https:\/\/www.cempulik.eu\/shop\/wp-content\/uploads\/2023\/07\/granit_vis.jpg\",\"width\":1740,\"height\":1305,\"caption\":\"Granit_vis\"},{\"@type\":\"WebSite\",\"@id\":\"https:\/\/www.cempulik.eu\/shop\/#website\",\"url\":\"https:\/\/www.cempulik.eu\/shop\/\",\"name\":\"Producent Nagrobk\u00f3w dla Zwierz\u0105t | Tablice i Portrety Nagrobne\",\"description\":\"\",\"publisher\":{\"@id\":\"https:\/\/www.cempulik.eu\/shop\/#organization\"},\"potentialAction\":[{\"@type\":\"SearchAction\",\"target\":{\"@type\":\"EntryPoint\",\"urlTemplate\":\"https:\/\/www.cempulik.eu\/shop\/?s={search_term_string}\"},\"query-input\":{\"@type\":\"PropertyValueSpecification\",\"valueRequired\":true,\"valueName\":\"search_term_string\"}}],\"inLanguage\":\"pl-PL\"},{\"@type\":[\"Organization\",\"Place\"],\"@id\":\"https:\/\/www.cempulik.eu\/shop\/#organization\",\"name\":\"Us\u0142ugi Kamieniarskie Cempulik Stanis\u0142aw\",\"url\":\"https:\/\/www.cempulik.eu\/shop\/\",\"logo\":{\"@id\":\"https:\/\/www.cempulik.eu\/shop\/dk\/farver-paa-granit\/#local-main-organization-logo\"},\"image\":{\"@id\":\"https:\/\/www.cempulik.eu\/shop\/dk\/farver-paa-granit\/#local-main-organization-logo\"},\"sameAs\":[\"https:\/\/m.facebook.com\/profile.php?id=100063565541500&_rdr\"],\"address\":{\"@id\":\"https:\/\/www.cempulik.eu\/shop\/dk\/farver-paa-granit\/#local-main-place-address\"},\"telephone\":[\"+48698936157\"],\"contactPoint\":{\"@type\":\"ContactPoint\",\"telephone\":\"+48698936157\",\"email\":\"firma@cempulik.eu\"},\"openingHoursSpecification\":[{\"@type\":\"OpeningHoursSpecification\",\"dayOfWeek\":[\"Monday\",\"Tuesday\",\"Wednesday\",\"Thursday\",\"Friday\",\"Saturday\",\"Sunday\"],\"opens\":\"07:00\",\"closes\":\"16:00\"}],\"email\":\"firma@cempulik.eu\",\"taxID\":\"6261055842\"},{\"@type\":\"PostalAddress\",\"@id\":\"https:\/\/www.cempulik.eu\/shop\/dk\/farver-paa-granit\/#local-main-place-address\",\"streetAddress\":\"Drzewna 23\",\"addressLocality\":\"Bytom\",\"postalCode\":\"41-935\",\"addressRegion\":\"\u015al\u0105skie\",\"addressCountry\":\"PL\"},{\"@type\":\"ImageObject\",\"inLanguage\":\"pl-PL\",\"@id\":\"https:\/\/www.cempulik.eu\/shop\/dk\/farver-paa-granit\/#local-main-organization-logo\",\"url\":\"https:\/\/www.cempulik.eu\/shop\/wp-content\/uploads\/2023\/02\/cropped-logo_footer__.png\",\"contentUrl\":\"https:\/\/www.cempulik.eu\/shop\/wp-content\/uploads\/2023\/02\/cropped-logo_footer__.png\",\"width\":512,\"height\":512,\"caption\":\"Us\u0142ugi Kamieniarskie Cempulik Stanis\u0142aw\"}]}<\/script>\n<meta name=\"geo.placename\" content=\"Bytom\" \/>\n<meta name=\"geo.region\" content=\"Polska\" \/>\n<!-- \/ Yoast SEO Premium plugin. -->","yoast_head_json":{"title":"Farver p\u00e5 granit - Producent Nagrobk\u00f3w dla Zwierz\u0105t | Tablice i Portrety Nagrobne","robots":{"index":"index","follow":"follow","max-snippet":"max-snippet:-1","max-image-preview":"max-image-preview:large","max-video-preview":"max-video-preview:-1"},"canonical":"https:\/\/www.cempulik.eu\/shop\/dk\/farver-paa-granit\/","og_locale":"pl_PL","og_type":"article","og_title":"Farver p\u00e5 granit - Producent Nagrobk\u00f3w dla Zwierz\u0105t | Tablice i Portrety Nagrobne","og_url":"https:\/\/www.cempulik.eu\/shop\/dk\/farver-paa-granit\/","og_site_name":"Producent Nagrobk\u00f3w dla Zwierz\u0105t | Tablice i Portrety Nagrobne","article_publisher":"https:\/\/m.facebook.com\/profile.php?id=100063565541500&_rdr","article_modified_time":"2025-07-30T18:06:17+00:00","og_image":[{"width":1740,"height":1305,"url":"https:\/\/www.cempulik.eu\/shop\/wp-content\/uploads\/2023\/07\/granit_vis.jpg","type":"image\/jpeg"}],"twitter_card":"summary_large_image","twitter_misc":{"Szacowany czas czytania":"1 minuta"},"schema":{"@context":"https:\/\/schema.org","@graph":[{"@type":"WebPage","@id":"https:\/\/www.cempulik.eu\/shop\/dk\/farver-paa-granit\/","url":"https:\/\/www.cempulik.eu\/shop\/dk\/farver-paa-granit\/","name":"Farver p\u00e5 granit - Producent Nagrobk\u00f3w dla Zwierz\u0105t | Tablice i Portrety Nagrobne","isPartOf":{"@id":"https:\/\/www.cempulik.eu\/shop\/#website"},"primaryImageOfPage":{"@id":"https:\/\/www.cempulik.eu\/shop\/dk\/farver-paa-granit\/#primaryimage"},"image":{"@id":"https:\/\/www.cempulik.eu\/shop\/dk\/farver-paa-granit\/#primaryimage"},"thumbnailUrl":"https:\/\/www.cempulik.eu\/shop\/wp-content\/uploads\/2023\/07\/granit_vis-1024x768.jpg","datePublished":"2025-07-30T18:04:01+00:00","dateModified":"2025-07-30T18:06:17+00:00","inLanguage":"pl-PL","potentialAction":[{"@type":"ReadAction","target":["https:\/\/www.cempulik.eu\/shop\/dk\/farver-paa-granit\/"]}]},{"@type":"ImageObject","inLanguage":"pl-PL","@id":"https:\/\/www.cempulik.eu\/shop\/dk\/farver-paa-granit\/#primaryimage","url":"https:\/\/www.cempulik.eu\/shop\/wp-content\/uploads\/2023\/07\/granit_vis.jpg","contentUrl":"https:\/\/www.cempulik.eu\/shop\/wp-content\/uploads\/2023\/07\/granit_vis.jpg","width":1740,"height":1305,"caption":"Granit_vis"},{"@type":"WebSite","@id":"https:\/\/www.cempulik.eu\/shop\/#website","url":"https:\/\/www.cempulik.eu\/shop\/","name":"Producent Nagrobk\u00f3w dla Zwierz\u0105t | Tablice i Portrety Nagrobne","description":"","publisher":{"@id":"https:\/\/www.cempulik.eu\/shop\/#organization"},"potentialAction":[{"@type":"SearchAction","target":{"@type":"EntryPoint","urlTemplate":"https:\/\/www.cempulik.eu\/shop\/?s={search_term_string}"},"query-input":{"@type":"PropertyValueSpecification","valueRequired":true,"valueName":"search_term_string"}}],"inLanguage":"pl-PL"},{"@type":["Organization","Place"],"@id":"https:\/\/www.cempulik.eu\/shop\/#organization","name":"Us\u0142ugi Kamieniarskie Cempulik Stanis\u0142aw","url":"https:\/\/www.cempulik.eu\/shop\/","logo":{"@id":"https:\/\/www.cempulik.eu\/shop\/dk\/farver-paa-granit\/#local-main-organization-logo"},"image":{"@id":"https:\/\/www.cempulik.eu\/shop\/dk\/farver-paa-granit\/#local-main-organization-logo"},"sameAs":["https:\/\/m.facebook.com\/profile.php?id=100063565541500&_rdr"],"address":{"@id":"https:\/\/www.cempulik.eu\/shop\/dk\/farver-paa-granit\/#local-main-place-address"},"telephone":["+48698936157"],"contactPoint":{"@type":"ContactPoint","telephone":"+48698936157","email":"firma@cempulik.eu"},"openingHoursSpecification":[{"@type":"OpeningHoursSpecification","dayOfWeek":["Monday","Tuesday","Wednesday","Thursday","Friday","Saturday","Sunday"],"opens":"07:00","closes":"16:00"}],"email":"firma@cempulik.eu","taxID":"6261055842"},{"@type":"PostalAddress","@id":"https:\/\/www.cempulik.eu\/shop\/dk\/farver-paa-granit\/#local-main-place-address","streetAddress":"Drzewna 23","addressLocality":"Bytom","postalCode":"41-935","addressRegion":"\u015al\u0105skie","addressCountry":"PL"},{"@type":"ImageObject","inLanguage":"pl-PL","@id":"https:\/\/www.cempulik.eu\/shop\/dk\/farver-paa-granit\/#local-main-organization-logo","url":"https:\/\/www.cempulik.eu\/shop\/wp-content\/uploads\/2023\/02\/cropped-logo_footer__.png","contentUrl":"https:\/\/www.cempulik.eu\/shop\/wp-content\/uploads\/2023\/02\/cropped-logo_footer__.png","width":512,"height":512,"caption":"Us\u0142ugi Kamieniarskie Cempulik Stanis\u0142aw"}]},"geo.placename":"Bytom","geo.region":"Polska"},"lang":"dk","translations":{"dk":4744,"en":2323,"de":2329,"pl":752},"pll_sync_post":[],"_links":{"self":[{"href":"https:\/\/www.cempulik.eu\/shop\/wp-json\/wp\/v2\/pages\/4744","targetHints":{"allow":["GET"]}}],"collection":[{"href":"https:\/\/www.cempulik.eu\/shop\/wp-json\/wp\/v2\/pages"}],"about":[{"href":"https:\/\/www.cempulik.eu\/shop\/wp-json\/wp\/v2\/types\/page"}],"author":[{"embeddable":true,"href":"https:\/\/www.cempulik.eu\/shop\/wp-json\/wp\/v2\/users\/1"}],"replies":[{"embeddable":true,"href":"https:\/\/www.cempulik.eu\/shop\/wp-json\/wp\/v2\/comments?post=4744"}],"version-history":[{"count":0,"href":"https:\/\/www.cempulik.eu\/shop\/wp-json\/wp\/v2\/pages\/4744\/revisions"}],"wp:attachment":[{"href":"https:\/\/www.cempulik.eu\/shop\/wp-json\/wp\/v2\/media?parent=4744"}],"curies":[{"name":"wp","href":"https:\/\/api.w.org\/{rel}","templated":true}]}}