{"id":5259,"date":"2026-01-02T10:46:11","date_gmt":"2026-01-02T09:46:11","guid":{"rendered":"https:\/\/www.cempulik.eu\/shop\/?page_id=5259"},"modified":"2026-01-14T09:33:32","modified_gmt":"2026-01-14T08:33:32","slug":"widerruf-rueckgabe","status":"publish","type":"page","link":"https:\/\/www.cempulik.eu\/shop\/de\/widerruf-rueckgabe\/","title":{"rendered":"Widerruf \/ R\u00fcckgabe"},"content":{"rendered":"\n<h1 class=\"wp-block-heading\" id=\"h-widerrufsrecht-und-ruckgabebedingungen\">Widerrufsrecht und R\u00fcckgabebedingungen<\/h1>\n\n\n\n<p>Ihre Zufriedenheit ist uns wichtig. Hier finden Sie alle Informationen zu Ihrem Widerrufsrecht und unseren R\u00fcckgabebedingungen.<\/p>\n\n\n\n<hr class=\"wp-block-separator has-alpha-channel-opacity\"\/>\n\n\n\n<h3 class=\"wp-block-heading\" id=\"h-gesetzliches-widerrufsrecht\">Gesetzliches Widerrufsrecht<\/h3>\n\n\n\n<p>Als Verbraucher haben Sie das gesetzliche Recht, binnen vierzehn Tagen ohne Angabe von Gr\u00fcnden diesen Vertrag zu widerrufen. Die Widerrufsfrist betr\u00e4gt vierzehn Tage ab dem Tag, an dem Sie oder ein von Ihnen benannter Dritter, der nicht der Bef\u00f6rderer ist, die Ware in Besitz genommen haben bzw. hat.<\/p>\n\n\n\n<p>Um Ihr Widerrufsrecht auszu\u00fcben, m\u00fcssen Sie uns (Cempulik Steinmetz- &amp; Grabstein-Service, Drzewna 23, 41-935 Bytom, Polen, E-Mail: firma@cempulik.eu) mittels einer eindeutigen Erkl\u00e4rung (z. B. per E-Mail) \u00fcber Ihren Entschluss, diesen Vertrag zu widerrufen, informieren.<\/p>\n\n\n\n<p>Zur Wahrung der Widerrufsfrist reicht es aus, dass Sie die Mitteilung \u00fcber die Aus\u00fcbung des Widerrufsrechts vor Ablauf der Widerrufsfrist absenden.<\/p>\n\n\n\n<h3 class=\"wp-block-heading\" id=\"h-folgen-des-widerrufs\">Folgen des Widerrufs<\/h3>\n\n\n\n<p>Wenn Sie diesen Vertrag widerrufen, haben wir Ihnen alle Zahlungen, die wir von Ihnen erhalten haben, einschlie\u00dflich der Lieferkosten (mit Ausnahme der zus\u00e4tzlichen Kosten, die sich daraus ergeben, dass Sie eine andere Art der Lieferung als die von uns angebotene, g\u00fcnstigste Standardlieferung gew\u00e4hlt haben), unverz\u00fcglich und sp\u00e4testens binnen vierzehn Tagen ab dem Tag zur\u00fcckzuzahlen, an dem die Mitteilung \u00fcber Ihren Widerruf dieses Vertrags bei uns eingegangen ist. F\u00fcr diese R\u00fcckzahlung verwenden wir dasselbe Zahlungsmittel, das Sie bei der urspr\u00fcnglichen Transaktion eingesetzt haben, es sei denn, mit Ihnen wurde ausdr\u00fccklich etwas anderes vereinbart.<\/p>\n\n\n\n<p>Wir k\u00f6nnen die R\u00fcckzahlung verweigern, bis wir die Waren wieder zur\u00fcckerhalten haben oder bis Sie den Nachweis erbracht haben, dass Sie die Waren zur\u00fcckgesandt haben, je nachdem, welches der fr\u00fchere Zeitpunkt ist.<\/p>\n\n\n\n<h3 class=\"wp-block-heading\" id=\"h-ausnahmen-vom-widerrufsrecht\">Ausnahmen vom Widerrufsrecht<\/h3>\n\n\n\n<p>Bitte beachten Sie, dass das Widerrufsrecht gem\u00e4\u00df \u00a7 312g Abs. 2 Nr. 1 BGB <strong>nicht<\/strong> f\u00fcr Waren besteht, die nach Ihren pers\u00f6nlichen Spezifikationen angefertigt werden. Dies trifft auf unsere Gedenksteine mit individueller Gravur von Namen, Daten oder einem pers\u00f6nlichen Bild zu.<\/p>\n\n\n\n<hr class=\"wp-block-separator has-alpha-channel-opacity\"\/>\n\n\n\n<h3 class=\"wp-block-heading\" id=\"h-unsere-freiwillige-30-tage-ruckgabegarantie\">Unsere Freiwillige 30-Tage-R\u00fcckgabegarantie<\/h3>\n\n\n\n<p>Zus\u00e4tzlich zu Ihrem gesetzlichen Widerrufsrecht bieten wir Ihnen f\u00fcr alle <strong>nicht personalisierten<\/strong> Artikel eine freiwillige R\u00fcckgabegarantie von 30 Tagen ab Warenerhalt an. Sie k\u00f6nnen den Vertrag auch nach Ablauf der 14-t\u00e4gigen Widerrufsfrist l\u00f6sen, indem Sie die Ware innerhalb von 30 Tagen nach Erhalt an uns zur\u00fccksenden.<\/p>\n\n\n\n<p><strong>Bedingungen f\u00fcr die R\u00fcckgabe:<\/strong><\/p>\n\n\n\n<p>Damit die Ware f\u00fcr eine R\u00fcckgabe im Rahmen unserer 30-Tage-Garantie in Frage kommt, stellen Sie bitte sicher, dass:<\/p>\n\n\n\n<ul class=\"wp-block-list\">\n<li>Die Ware innerhalb der letzten 30 Tage gekauft wurde.<\/li>\n\n\n\n<li>Die Ware sich in der Originalverpackung befindet und unbenutzt ist.<\/li>\n<\/ul>\n\n\n\n<p><strong>R\u00fccksendung der Waren<\/strong><\/p>\n\n\n\n<p>Sie tragen die unmittelbaren Kosten der R\u00fccksendung der Waren. Bitte senden Sie die Ware an folgende Adresse:<\/p>\n\n\n\n<p>Cempulik Steinmetz- &amp; Grabstein-Service<br>Drzewna 23<br>41-935 Bytom, Polen<\/p>\n\n\n\n<p>Wir empfehlen, eine versicherte Versandmethode mit Sendungsverfolgung zu w\u00e4hlen. Wir haften f\u00fcr den Verlust oder die Besch\u00e4digung der Ware w\u00e4hrend des R\u00fccktransports, sobald das Paket ordnungsgem\u00e4\u00df an den Versanddienstleister \u00fcbergeben wurde.<\/p>\n\n\n\n<h3 class=\"wp-block-heading\" id=\"h-kontakt\">Kontakt<\/h3>\n\n\n\n<p>Wenn Sie Fragen zu unserem Widerrufsrecht oder unseren R\u00fcckgabebedingungen haben, kontaktieren Sie uns bitte per E-Mail unter: <strong>firma@cempulik.eu<\/strong>.<\/p>\n","protected":false},"excerpt":{"rendered":"<p>Widerrufsrecht und R\u00fcckgabebedingungen Ihre Zufriedenheit ist uns wichtig. Hier finden Sie alle Informationen zu Ihrem Widerrufsrecht und unseren R\u00fcckgabebedingungen. Gesetzliches Widerrufsrecht Als Verbraucher haben Sie das gesetzliche Recht, binnen vierzehn Tagen ohne Angabe von Gr\u00fcnden diesen Vertrag zu widerrufen. Die Widerrufsfrist betr\u00e4gt vierzehn Tage ab dem Tag, an dem Sie oder ein von Ihnen benannter [&hellip;]<\/p>\n","protected":false},"author":1,"featured_media":0,"parent":0,"menu_order":0,"comment_status":"closed","ping_status":"closed","template":"","meta":{"site-sidebar-layout":"default","site-content-layout":"","ast-site-content-layout":"default","site-content-style":"default","site-sidebar-style":"default","ast-global-header-display":"","ast-banner-title-visibility":"","ast-main-header-display":"","ast-hfb-above-header-display":"","ast-hfb-below-header-display":"","ast-hfb-mobile-header-display":"","site-post-title":"","ast-breadcrumbs-content":"","ast-featured-img":"","footer-sml-layout":"","ast-disable-related-posts":"","theme-transparent-header-meta":"","adv-header-id-meta":"","stick-header-meta":"","header-above-stick-meta":"","header-main-stick-meta":"","header-below-stick-meta":"","astra-migrate-meta-layouts":"set","ast-page-background-enabled":"default","ast-page-background-meta":{"desktop":{"background-color":"var(--ast-global-color-4)","background-image":"","background-repeat":"repeat","background-position":"center center","background-size":"auto","background-attachment":"scroll","background-type":"","background-media":"","overlay-type":"","overlay-color":"","overlay-opacity":"","overlay-gradient":""},"tablet":{"background-color":"","background-image":"","background-repeat":"repeat","background-position":"center center","background-size":"auto","background-attachment":"scroll","background-type":"","background-media":"","overlay-type":"","overlay-color":"","overlay-opacity":"","overlay-gradient":""},"mobile":{"background-color":"","background-image":"","background-repeat":"repeat","background-position":"center center","background-size":"auto","background-attachment":"scroll","background-type":"","background-media":"","overlay-type":"","overlay-color":"","overlay-opacity":"","overlay-gradient":""}},"ast-content-background-meta":{"desktop":{"background-color":"var(--ast-global-color-5)","background-image":"","background-repeat":"repeat","background-position":"center center","background-size":"auto","background-attachment":"scroll","background-type":"","background-media":"","overlay-type":"","overlay-color":"","overlay-opacity":"","overlay-gradient":""},"tablet":{"background-color":"var(--ast-global-color-5)","background-image":"","background-repeat":"repeat","background-position":"center center","background-size":"auto","background-attachment":"scroll","background-type":"","background-media":"","overlay-type":"","overlay-color":"","overlay-opacity":"","overlay-gradient":""},"mobile":{"background-color":"var(--ast-global-color-5)","background-image":"","background-repeat":"repeat","background-position":"center center","background-size":"auto","background-attachment":"scroll","background-type":"","background-media":"","overlay-type":"","overlay-color":"","overlay-opacity":"","overlay-gradient":""}},"footnotes":""},"class_list":["post-5259","page","type-page","status-publish","hentry"],"yoast_head":"<!-- This site is optimized with the Yoast SEO Premium plugin v26.7 (Yoast SEO v26.7) - https:\/\/yoast.com\/wordpress\/plugins\/seo\/ -->\n<title>Widerruf \/ R\u00fcckgabe - Producent Nagrobk\u00f3w dla Zwierz\u0105t | Tablice i Portrety Nagrobne<\/title>\n<meta name=\"robots\" content=\"index, follow, max-snippet:-1, max-image-preview:large, max-video-preview:-1\" \/>\n<link rel=\"canonical\" href=\"https:\/\/www.cempulik.eu\/shop\/de\/widerruf-rueckgabe\/\" \/>\n<meta property=\"og:locale\" content=\"pl_PL\" \/>\n<meta property=\"og:type\" content=\"article\" \/>\n<meta property=\"og:title\" content=\"Widerruf \/ R\u00fcckgabe - Producent Nagrobk\u00f3w dla Zwierz\u0105t | Tablice i Portrety Nagrobne\" \/>\n<meta property=\"og:description\" content=\"Widerrufsrecht und R\u00fcckgabebedingungen Ihre Zufriedenheit ist uns wichtig. Hier finden Sie alle Informationen zu Ihrem Widerrufsrecht und unseren R\u00fcckgabebedingungen. Gesetzliches Widerrufsrecht Als Verbraucher haben Sie das gesetzliche Recht, binnen vierzehn Tagen ohne Angabe von Gr\u00fcnden diesen Vertrag zu widerrufen. Die Widerrufsfrist betr\u00e4gt vierzehn Tage ab dem Tag, an dem Sie oder ein von Ihnen benannter [&hellip;]\" \/>\n<meta property=\"og:url\" content=\"https:\/\/www.cempulik.eu\/shop\/de\/widerruf-rueckgabe\/\" \/>\n<meta property=\"og:site_name\" content=\"Producent Nagrobk\u00f3w dla Zwierz\u0105t | Tablice i Portrety Nagrobne\" \/>\n<meta property=\"article:publisher\" content=\"https:\/\/m.facebook.com\/profile.php?id=100063565541500&amp;_rdr\" \/>\n<meta property=\"article:modified_time\" content=\"2026-01-14T08:33:32+00:00\" \/>\n<meta property=\"og:image\" content=\"https:\/\/www.cempulik.eu\/shop\/wp-content\/uploads\/2023\/02\/logo_footer__.png\" \/>\n\t<meta property=\"og:image:width\" content=\"396\" \/>\n\t<meta property=\"og:image:height\" content=\"128\" \/>\n\t<meta property=\"og:image:type\" content=\"image\/png\" \/>\n<meta name=\"twitter:card\" content=\"summary_large_image\" \/>\n<meta name=\"twitter:label1\" content=\"Szacowany czas czytania\" \/>\n\t<meta name=\"twitter:data1\" content=\"3 minuty\" \/>\n<script type=\"application\/ld+json\" class=\"yoast-schema-graph\">{\"@context\":\"https:\/\/schema.org\",\"@graph\":[{\"@type\":\"WebPage\",\"@id\":\"https:\/\/www.cempulik.eu\/shop\/de\/widerruf-rueckgabe\/\",\"url\":\"https:\/\/www.cempulik.eu\/shop\/de\/widerruf-rueckgabe\/\",\"name\":\"Widerruf \/ R\u00fcckgabe - Producent Nagrobk\u00f3w dla Zwierz\u0105t | Tablice i Portrety Nagrobne\",\"isPartOf\":{\"@id\":\"https:\/\/www.cempulik.eu\/shop\/#website\"},\"datePublished\":\"2026-01-02T09:46:11+00:00\",\"dateModified\":\"2026-01-14T08:33:32+00:00\",\"inLanguage\":\"pl-PL\",\"potentialAction\":[{\"@type\":\"ReadAction\",\"target\":[\"https:\/\/www.cempulik.eu\/shop\/de\/widerruf-rueckgabe\/\"]}]},{\"@type\":\"WebSite\",\"@id\":\"https:\/\/www.cempulik.eu\/shop\/#website\",\"url\":\"https:\/\/www.cempulik.eu\/shop\/\",\"name\":\"Producent Nagrobk\u00f3w dla Zwierz\u0105t | Tablice i Portrety Nagrobne\",\"description\":\"\",\"publisher\":{\"@id\":\"https:\/\/www.cempulik.eu\/shop\/#organization\"},\"potentialAction\":[{\"@type\":\"SearchAction\",\"target\":{\"@type\":\"EntryPoint\",\"urlTemplate\":\"https:\/\/www.cempulik.eu\/shop\/?s={search_term_string}\"},\"query-input\":{\"@type\":\"PropertyValueSpecification\",\"valueRequired\":true,\"valueName\":\"search_term_string\"}}],\"inLanguage\":\"pl-PL\"},{\"@type\":[\"Organization\",\"Place\"],\"@id\":\"https:\/\/www.cempulik.eu\/shop\/#organization\",\"name\":\"Us\u0142ugi Kamieniarskie Cempulik Stanis\u0142aw\",\"url\":\"https:\/\/www.cempulik.eu\/shop\/\",\"logo\":{\"@id\":\"https:\/\/www.cempulik.eu\/shop\/de\/widerruf-rueckgabe\/#local-main-organization-logo\"},\"image\":{\"@id\":\"https:\/\/www.cempulik.eu\/shop\/de\/widerruf-rueckgabe\/#local-main-organization-logo\"},\"sameAs\":[\"https:\/\/m.facebook.com\/profile.php?id=100063565541500&_rdr\"],\"address\":{\"@id\":\"https:\/\/www.cempulik.eu\/shop\/de\/widerruf-rueckgabe\/#local-main-place-address\"},\"telephone\":[\"+48698936157\"],\"contactPoint\":{\"@type\":\"ContactPoint\",\"telephone\":\"+48698936157\",\"email\":\"firma@cempulik.eu\"},\"openingHoursSpecification\":[{\"@type\":\"OpeningHoursSpecification\",\"dayOfWeek\":[\"Monday\",\"Tuesday\",\"Wednesday\",\"Thursday\",\"Friday\",\"Saturday\",\"Sunday\"],\"opens\":\"07:00\",\"closes\":\"16:00\"}],\"email\":\"firma@cempulik.eu\",\"taxID\":\"6261055842\"},{\"@type\":\"PostalAddress\",\"@id\":\"https:\/\/www.cempulik.eu\/shop\/de\/widerruf-rueckgabe\/#local-main-place-address\",\"streetAddress\":\"Drzewna 23\",\"addressLocality\":\"Bytom\",\"postalCode\":\"41-935\",\"addressRegion\":\"\u015al\u0105skie\",\"addressCountry\":\"PL\"},{\"@type\":\"ImageObject\",\"inLanguage\":\"pl-PL\",\"@id\":\"https:\/\/www.cempulik.eu\/shop\/de\/widerruf-rueckgabe\/#local-main-organization-logo\",\"url\":\"https:\/\/www.cempulik.eu\/shop\/wp-content\/uploads\/2023\/02\/cropped-logo_footer__.png\",\"contentUrl\":\"https:\/\/www.cempulik.eu\/shop\/wp-content\/uploads\/2023\/02\/cropped-logo_footer__.png\",\"width\":512,\"height\":512,\"caption\":\"Us\u0142ugi Kamieniarskie Cempulik Stanis\u0142aw\"}]}<\/script>\n<meta name=\"geo.placename\" content=\"Bytom\" \/>\n<meta name=\"geo.region\" content=\"Polska\" \/>\n<!-- \/ Yoast SEO Premium plugin. -->","yoast_head_json":{"title":"Widerruf \/ R\u00fcckgabe - Producent Nagrobk\u00f3w dla Zwierz\u0105t | Tablice i Portrety Nagrobne","robots":{"index":"index","follow":"follow","max-snippet":"max-snippet:-1","max-image-preview":"max-image-preview:large","max-video-preview":"max-video-preview:-1"},"canonical":"https:\/\/www.cempulik.eu\/shop\/de\/widerruf-rueckgabe\/","og_locale":"pl_PL","og_type":"article","og_title":"Widerruf \/ R\u00fcckgabe - Producent Nagrobk\u00f3w dla Zwierz\u0105t | Tablice i Portrety Nagrobne","og_description":"Widerrufsrecht und R\u00fcckgabebedingungen Ihre Zufriedenheit ist uns wichtig. Hier finden Sie alle Informationen zu Ihrem Widerrufsrecht und unseren R\u00fcckgabebedingungen. Gesetzliches Widerrufsrecht Als Verbraucher haben Sie das gesetzliche Recht, binnen vierzehn Tagen ohne Angabe von Gr\u00fcnden diesen Vertrag zu widerrufen. Die Widerrufsfrist betr\u00e4gt vierzehn Tage ab dem Tag, an dem Sie oder ein von Ihnen benannter [&hellip;]","og_url":"https:\/\/www.cempulik.eu\/shop\/de\/widerruf-rueckgabe\/","og_site_name":"Producent Nagrobk\u00f3w dla Zwierz\u0105t | Tablice i Portrety Nagrobne","article_publisher":"https:\/\/m.facebook.com\/profile.php?id=100063565541500&_rdr","article_modified_time":"2026-01-14T08:33:32+00:00","og_image":[{"width":396,"height":128,"url":"https:\/\/www.cempulik.eu\/shop\/wp-content\/uploads\/2023\/02\/logo_footer__.png","type":"image\/png"}],"twitter_card":"summary_large_image","twitter_misc":{"Szacowany czas czytania":"3 minuty"},"schema":{"@context":"https:\/\/schema.org","@graph":[{"@type":"WebPage","@id":"https:\/\/www.cempulik.eu\/shop\/de\/widerruf-rueckgabe\/","url":"https:\/\/www.cempulik.eu\/shop\/de\/widerruf-rueckgabe\/","name":"Widerruf \/ R\u00fcckgabe - Producent Nagrobk\u00f3w dla Zwierz\u0105t | Tablice i Portrety Nagrobne","isPartOf":{"@id":"https:\/\/www.cempulik.eu\/shop\/#website"},"datePublished":"2026-01-02T09:46:11+00:00","dateModified":"2026-01-14T08:33:32+00:00","inLanguage":"pl-PL","potentialAction":[{"@type":"ReadAction","target":["https:\/\/www.cempulik.eu\/shop\/de\/widerruf-rueckgabe\/"]}]},{"@type":"WebSite","@id":"https:\/\/www.cempulik.eu\/shop\/#website","url":"https:\/\/www.cempulik.eu\/shop\/","name":"Producent Nagrobk\u00f3w dla Zwierz\u0105t | Tablice i Portrety Nagrobne","description":"","publisher":{"@id":"https:\/\/www.cempulik.eu\/shop\/#organization"},"potentialAction":[{"@type":"SearchAction","target":{"@type":"EntryPoint","urlTemplate":"https:\/\/www.cempulik.eu\/shop\/?s={search_term_string}"},"query-input":{"@type":"PropertyValueSpecification","valueRequired":true,"valueName":"search_term_string"}}],"inLanguage":"pl-PL"},{"@type":["Organization","Place"],"@id":"https:\/\/www.cempulik.eu\/shop\/#organization","name":"Us\u0142ugi Kamieniarskie Cempulik Stanis\u0142aw","url":"https:\/\/www.cempulik.eu\/shop\/","logo":{"@id":"https:\/\/www.cempulik.eu\/shop\/de\/widerruf-rueckgabe\/#local-main-organization-logo"},"image":{"@id":"https:\/\/www.cempulik.eu\/shop\/de\/widerruf-rueckgabe\/#local-main-organization-logo"},"sameAs":["https:\/\/m.facebook.com\/profile.php?id=100063565541500&_rdr"],"address":{"@id":"https:\/\/www.cempulik.eu\/shop\/de\/widerruf-rueckgabe\/#local-main-place-address"},"telephone":["+48698936157"],"contactPoint":{"@type":"ContactPoint","telephone":"+48698936157","email":"firma@cempulik.eu"},"openingHoursSpecification":[{"@type":"OpeningHoursSpecification","dayOfWeek":["Monday","Tuesday","Wednesday","Thursday","Friday","Saturday","Sunday"],"opens":"07:00","closes":"16:00"}],"email":"firma@cempulik.eu","taxID":"6261055842"},{"@type":"PostalAddress","@id":"https:\/\/www.cempulik.eu\/shop\/de\/widerruf-rueckgabe\/#local-main-place-address","streetAddress":"Drzewna 23","addressLocality":"Bytom","postalCode":"41-935","addressRegion":"\u015al\u0105skie","addressCountry":"PL"},{"@type":"ImageObject","inLanguage":"pl-PL","@id":"https:\/\/www.cempulik.eu\/shop\/de\/widerruf-rueckgabe\/#local-main-organization-logo","url":"https:\/\/www.cempulik.eu\/shop\/wp-content\/uploads\/2023\/02\/cropped-logo_footer__.png","contentUrl":"https:\/\/www.cempulik.eu\/shop\/wp-content\/uploads\/2023\/02\/cropped-logo_footer__.png","width":512,"height":512,"caption":"Us\u0142ugi Kamieniarskie Cempulik Stanis\u0142aw"}]},"geo.placename":"Bytom","geo.region":"Polska"},"lang":"de","translations":{"de":5259,"pl":10},"pll_sync_post":[],"_links":{"self":[{"href":"https:\/\/www.cempulik.eu\/shop\/wp-json\/wp\/v2\/pages\/5259","targetHints":{"allow":["GET"]}}],"collection":[{"href":"https:\/\/www.cempulik.eu\/shop\/wp-json\/wp\/v2\/pages"}],"about":[{"href":"https:\/\/www.cempulik.eu\/shop\/wp-json\/wp\/v2\/types\/page"}],"author":[{"embeddable":true,"href":"https:\/\/www.cempulik.eu\/shop\/wp-json\/wp\/v2\/users\/1"}],"replies":[{"embeddable":true,"href":"https:\/\/www.cempulik.eu\/shop\/wp-json\/wp\/v2\/comments?post=5259"}],"version-history":[{"count":1,"href":"https:\/\/www.cempulik.eu\/shop\/wp-json\/wp\/v2\/pages\/5259\/revisions"}],"predecessor-version":[{"id":5597,"href":"https:\/\/www.cempulik.eu\/shop\/wp-json\/wp\/v2\/pages\/5259\/revisions\/5597"}],"wp:attachment":[{"href":"https:\/\/www.cempulik.eu\/shop\/wp-json\/wp\/v2\/media?parent=5259"}],"curies":[{"name":"wp","href":"https:\/\/api.w.org\/{rel}","templated":true}]}}