{"id":5266,"date":"2026-01-02T11:00:36","date_gmt":"2026-01-02T10:00:36","guid":{"rendered":"https:\/\/www.cempulik.eu\/shop\/?page_id=5266"},"modified":"2026-01-02T11:06:54","modified_gmt":"2026-01-02T10:06:54","slug":"impressum","status":"publish","type":"page","link":"https:\/\/www.cempulik.eu\/shop\/de\/impressum\/","title":{"rendered":"Impressum"},"content":{"rendered":"\n<!DOCTYPE html>\n<html lang=\"de\">\n<head>\n  <meta charset=\"utf-8\">\n  <title>Impressum \u2014 Steinmetzerei Cempulik<\/title>\n  <meta name=\"viewport\" content=\"width=device-width,initial-scale=1\">\n  <link rel=\"canonical\" href=\"https:\/\/www.cempulik.eu\/impressum-de.html\" \/>\n  <link rel=\"alternate\" href=\"https:\/\/www.cempulik.eu\/index-de.html\" hreflang=\"de\" \/>\n<\/head>\n<body>\n  <main style=\"max-width:900px;margin:40px auto;font-family:Arial,Helvetica,sans-serif;line-height:1.5;\">\n    <h1>Impressum<\/h1>\n\n    <p><strong>Angaben nach \u00a7 5 TMG \/ Anbieterkennung:<\/strong><\/p>\n    <p>\n      Firma: Us\u0142ugi Kamieniarskie<br>\n      Adresse: ul. Drzewna 23, 41-935 Bytom, Polska<br>\n      Telefon: +48 698 936 157<br>\n      E\u2011Mail: firma@cempulik.eu\n    <\/p>\n\n    <p><strong>Vertretungsberechtigter:<\/strong><br>\n      Stanis\u0142aw Cempulik<\/p>\n\n    <p><strong>Rejestr \/ Numer KRS \/ Regon \/ NIP \/ VAT ID:<\/strong><br>\n      NIP: PL6261055842<br>\n      VAT ID: PL6261055842\n    <\/p>\n\n    <h2>Verbraucherinformationen \/ Widerrufsrecht<\/h2>\n    <p>\n      Kunden aus Deutschland steht grunds\u00e4tzlich ein Widerrufsrecht zu. Informationen zu R\u00fcckgabe- und Widerrufsbedingungen, Fristen und dem Ablauf finden Sie hier: <a href:=\"https:\/\/www.cempulik.eu\/shop\/de\/widerruf-rueckgabe\/\">link<\/a>.\n    <\/p>\n\n    <h2>Lieferung nach Deutschland<\/h2>\n    <p>\n      Informationen zu Versandarten, Kosten und Lieferzeiten nach Deutschland finden Sie hier: <em>link wkr\u00f3tce dost\u0119pny (strona wysy\u0142ki zostanie utworzona)<\/em>.\n    <\/p>\n\n    <h2>EU\u2011Streitschlichtung<\/h2>\n    <p>\n      Die EU\u2011Kommission stellt eine Plattform zur Online\u2011Streitbeilegung (OS) bereit: https:\/\/ec.europa.eu\/consumers\/odr\n    <\/p>\n\n    <h2>Haftungshinweis<\/h2>\n    <p>\n      Trotz sorgf\u00e4ltiger inhaltlicher Kontrolle \u00fcbernehmen wir keine Haftung f\u00fcr die Inhalte externer Links. F\u00fcr den Inhalt der verlinkten Seiten sind ausschlie\u00dflich deren Betreiber verantwortlich.\n    <\/p>\n\n    <hr>\n    <p style=\"font-size:0.9em;color:#666;\">Stand: 02.01.2026 \u2014 Dieses Impressum wurde aktualisiert mit danymi firmy przes\u0142anymi 02.01.2026. Prosz\u0119 wstawi\u0107 brakuj\u0105ce dane reprezentanta oraz zweryfikowa\u0107 tre\u015b\u0107 prawnie (np. u prawnika).<\/p>\n  <\/main>\n<\/body>\n<\/html>\n","protected":false},"excerpt":{"rendered":"<p>Impressum \u2014 Steinmetzerei Cempulik Impressum Angaben nach \u00a7 5 TMG \/ Anbieterkennung: Firma: Us\u0142ugi Kamieniarskie Adresse: ul. Drzewna 23, 41-935 Bytom, Polska Telefon: +48 698 936 157 E\u2011Mail: firma@cempulik.eu Vertretungsberechtigter: Stanis\u0142aw Cempulik Rejestr \/ Numer KRS \/ Regon \/ NIP \/ VAT ID: NIP: PL6261055842 VAT ID: PL6261055842 Verbraucherinformationen \/ Widerrufsrecht Kunden aus Deutschland steht [&hellip;]<\/p>\n","protected":false},"author":1,"featured_media":0,"parent":0,"menu_order":0,"comment_status":"closed","ping_status":"closed","template":"","meta":{"site-sidebar-layout":"default","site-content-layout":"","ast-site-content-layout":"default","site-content-style":"default","site-sidebar-style":"default","ast-global-header-display":"","ast-banner-title-visibility":"","ast-main-header-display":"","ast-hfb-above-header-display":"","ast-hfb-below-header-display":"","ast-hfb-mobile-header-display":"","site-post-title":"","ast-breadcrumbs-content":"","ast-featured-img":"","footer-sml-layout":"","ast-disable-related-posts":"","theme-transparent-header-meta":"","adv-header-id-meta":"","stick-header-meta":"","header-above-stick-meta":"","header-main-stick-meta":"","header-below-stick-meta":"","astra-migrate-meta-layouts":"set","ast-page-background-enabled":"default","ast-page-background-meta":{"desktop":{"background-color":"var(--ast-global-color-4)","background-image":"","background-repeat":"repeat","background-position":"center center","background-size":"auto","background-attachment":"scroll","background-type":"","background-media":"","overlay-type":"","overlay-color":"","overlay-opacity":"","overlay-gradient":""},"tablet":{"background-color":"","background-image":"","background-repeat":"repeat","background-position":"center center","background-size":"auto","background-attachment":"scroll","background-type":"","background-media":"","overlay-type":"","overlay-color":"","overlay-opacity":"","overlay-gradient":""},"mobile":{"background-color":"","background-image":"","background-repeat":"repeat","background-position":"center center","background-size":"auto","background-attachment":"scroll","background-type":"","background-media":"","overlay-type":"","overlay-color":"","overlay-opacity":"","overlay-gradient":""}},"ast-content-background-meta":{"desktop":{"background-color":"var(--ast-global-color-5)","background-image":"","background-repeat":"repeat","background-position":"center center","background-size":"auto","background-attachment":"scroll","background-type":"","background-media":"","overlay-type":"","overlay-color":"","overlay-opacity":"","overlay-gradient":""},"tablet":{"background-color":"var(--ast-global-color-5)","background-image":"","background-repeat":"repeat","background-position":"center center","background-size":"auto","background-attachment":"scroll","background-type":"","background-media":"","overlay-type":"","overlay-color":"","overlay-opacity":"","overlay-gradient":""},"mobile":{"background-color":"var(--ast-global-color-5)","background-image":"","background-repeat":"repeat","background-position":"center center","background-size":"auto","background-attachment":"scroll","background-type":"","background-media":"","overlay-type":"","overlay-color":"","overlay-opacity":"","overlay-gradient":""}},"footnotes":""},"class_list":["post-5266","page","type-page","status-publish","hentry"],"yoast_head":"<!-- This site is optimized with the Yoast SEO Premium plugin v26.7 (Yoast SEO v26.7) - https:\/\/yoast.com\/wordpress\/plugins\/seo\/ -->\n<title>Impressum - Producent Nagrobk\u00f3w dla Zwierz\u0105t | Tablice i Portrety Nagrobne<\/title>\n<meta name=\"robots\" content=\"index, follow, max-snippet:-1, max-image-preview:large, max-video-preview:-1\" \/>\n<link rel=\"canonical\" href=\"https:\/\/www.cempulik.eu\/shop\/de\/impressum\/\" \/>\n<meta property=\"og:locale\" content=\"pl_PL\" \/>\n<meta property=\"og:type\" content=\"article\" \/>\n<meta property=\"og:title\" content=\"Impressum - Producent Nagrobk\u00f3w dla Zwierz\u0105t | Tablice i Portrety Nagrobne\" \/>\n<meta property=\"og:description\" content=\"Impressum \u2014 Steinmetzerei Cempulik Impressum Angaben nach \u00a7 5 TMG \/ Anbieterkennung: Firma: Us\u0142ugi Kamieniarskie Adresse: ul. Drzewna 23, 41-935 Bytom, Polska Telefon: +48 698 936 157 E\u2011Mail: firma@cempulik.eu Vertretungsberechtigter: Stanis\u0142aw Cempulik Rejestr \/ Numer KRS \/ Regon \/ NIP \/ VAT ID: NIP: PL6261055842 VAT ID: PL6261055842 Verbraucherinformationen \/ Widerrufsrecht Kunden aus Deutschland steht [&hellip;]\" \/>\n<meta property=\"og:url\" content=\"https:\/\/www.cempulik.eu\/shop\/de\/impressum\/\" \/>\n<meta property=\"og:site_name\" content=\"Producent Nagrobk\u00f3w dla Zwierz\u0105t | Tablice i Portrety Nagrobne\" \/>\n<meta property=\"article:publisher\" content=\"https:\/\/m.facebook.com\/profile.php?id=100063565541500&amp;_rdr\" \/>\n<meta property=\"article:modified_time\" content=\"2026-01-02T10:06:54+00:00\" \/>\n<meta property=\"og:image\" content=\"https:\/\/www.cempulik.eu\/shop\/wp-content\/uploads\/2023\/02\/logo_footer__.png\" \/>\n\t<meta property=\"og:image:width\" content=\"396\" \/>\n\t<meta property=\"og:image:height\" content=\"128\" \/>\n\t<meta property=\"og:image:type\" content=\"image\/png\" \/>\n<meta name=\"twitter:card\" content=\"summary_large_image\" \/>\n<meta name=\"twitter:label1\" content=\"Szacowany czas czytania\" \/>\n\t<meta name=\"twitter:data1\" content=\"1 minuta\" \/>\n<script type=\"application\/ld+json\" class=\"yoast-schema-graph\">{\"@context\":\"https:\/\/schema.org\",\"@graph\":[{\"@type\":\"WebPage\",\"@id\":\"https:\/\/www.cempulik.eu\/shop\/de\/impressum\/\",\"url\":\"https:\/\/www.cempulik.eu\/shop\/de\/impressum\/\",\"name\":\"Impressum - Producent Nagrobk\u00f3w dla Zwierz\u0105t | Tablice i Portrety Nagrobne\",\"isPartOf\":{\"@id\":\"https:\/\/www.cempulik.eu\/shop\/#website\"},\"datePublished\":\"2026-01-02T10:00:36+00:00\",\"dateModified\":\"2026-01-02T10:06:54+00:00\",\"inLanguage\":\"pl-PL\",\"potentialAction\":[{\"@type\":\"ReadAction\",\"target\":[\"https:\/\/www.cempulik.eu\/shop\/de\/impressum\/\"]}]},{\"@type\":\"WebSite\",\"@id\":\"https:\/\/www.cempulik.eu\/shop\/#website\",\"url\":\"https:\/\/www.cempulik.eu\/shop\/\",\"name\":\"Producent Nagrobk\u00f3w dla Zwierz\u0105t | Tablice i Portrety Nagrobne\",\"description\":\"\",\"publisher\":{\"@id\":\"https:\/\/www.cempulik.eu\/shop\/#organization\"},\"potentialAction\":[{\"@type\":\"SearchAction\",\"target\":{\"@type\":\"EntryPoint\",\"urlTemplate\":\"https:\/\/www.cempulik.eu\/shop\/?s={search_term_string}\"},\"query-input\":{\"@type\":\"PropertyValueSpecification\",\"valueRequired\":true,\"valueName\":\"search_term_string\"}}],\"inLanguage\":\"pl-PL\"},{\"@type\":[\"Organization\",\"Place\"],\"@id\":\"https:\/\/www.cempulik.eu\/shop\/#organization\",\"name\":\"Us\u0142ugi Kamieniarskie Cempulik Stanis\u0142aw\",\"url\":\"https:\/\/www.cempulik.eu\/shop\/\",\"logo\":{\"@id\":\"https:\/\/www.cempulik.eu\/shop\/de\/impressum\/#local-main-organization-logo\"},\"image\":{\"@id\":\"https:\/\/www.cempulik.eu\/shop\/de\/impressum\/#local-main-organization-logo\"},\"sameAs\":[\"https:\/\/m.facebook.com\/profile.php?id=100063565541500&_rdr\"],\"address\":{\"@id\":\"https:\/\/www.cempulik.eu\/shop\/de\/impressum\/#local-main-place-address\"},\"telephone\":[\"+48698936157\"],\"contactPoint\":{\"@type\":\"ContactPoint\",\"telephone\":\"+48698936157\",\"email\":\"firma@cempulik.eu\"},\"openingHoursSpecification\":[{\"@type\":\"OpeningHoursSpecification\",\"dayOfWeek\":[\"Monday\",\"Tuesday\",\"Wednesday\",\"Thursday\",\"Friday\",\"Saturday\",\"Sunday\"],\"opens\":\"07:00\",\"closes\":\"16:00\"}],\"email\":\"firma@cempulik.eu\",\"taxID\":\"6261055842\"},{\"@type\":\"PostalAddress\",\"@id\":\"https:\/\/www.cempulik.eu\/shop\/de\/impressum\/#local-main-place-address\",\"streetAddress\":\"Drzewna 23\",\"addressLocality\":\"Bytom\",\"postalCode\":\"41-935\",\"addressRegion\":\"\u015al\u0105skie\",\"addressCountry\":\"PL\"},{\"@type\":\"ImageObject\",\"inLanguage\":\"pl-PL\",\"@id\":\"https:\/\/www.cempulik.eu\/shop\/de\/impressum\/#local-main-organization-logo\",\"url\":\"https:\/\/www.cempulik.eu\/shop\/wp-content\/uploads\/2023\/02\/cropped-logo_footer__.png\",\"contentUrl\":\"https:\/\/www.cempulik.eu\/shop\/wp-content\/uploads\/2023\/02\/cropped-logo_footer__.png\",\"width\":512,\"height\":512,\"caption\":\"Us\u0142ugi Kamieniarskie Cempulik Stanis\u0142aw\"}]}<\/script>\n<meta name=\"geo.placename\" content=\"Bytom\" \/>\n<meta name=\"geo.region\" content=\"Polska\" \/>\n<!-- \/ Yoast SEO Premium plugin. -->","yoast_head_json":{"title":"Impressum - Producent Nagrobk\u00f3w dla Zwierz\u0105t | Tablice i Portrety Nagrobne","robots":{"index":"index","follow":"follow","max-snippet":"max-snippet:-1","max-image-preview":"max-image-preview:large","max-video-preview":"max-video-preview:-1"},"canonical":"https:\/\/www.cempulik.eu\/shop\/de\/impressum\/","og_locale":"pl_PL","og_type":"article","og_title":"Impressum - Producent Nagrobk\u00f3w dla Zwierz\u0105t | Tablice i Portrety Nagrobne","og_description":"Impressum \u2014 Steinmetzerei Cempulik Impressum Angaben nach \u00a7 5 TMG \/ Anbieterkennung: Firma: Us\u0142ugi Kamieniarskie Adresse: ul. Drzewna 23, 41-935 Bytom, Polska Telefon: +48 698 936 157 E\u2011Mail: firma@cempulik.eu Vertretungsberechtigter: Stanis\u0142aw Cempulik Rejestr \/ Numer KRS \/ Regon \/ NIP \/ VAT ID: NIP: PL6261055842 VAT ID: PL6261055842 Verbraucherinformationen \/ Widerrufsrecht Kunden aus Deutschland steht [&hellip;]","og_url":"https:\/\/www.cempulik.eu\/shop\/de\/impressum\/","og_site_name":"Producent Nagrobk\u00f3w dla Zwierz\u0105t | Tablice i Portrety Nagrobne","article_publisher":"https:\/\/m.facebook.com\/profile.php?id=100063565541500&_rdr","article_modified_time":"2026-01-02T10:06:54+00:00","og_image":[{"width":396,"height":128,"url":"https:\/\/www.cempulik.eu\/shop\/wp-content\/uploads\/2023\/02\/logo_footer__.png","type":"image\/png"}],"twitter_card":"summary_large_image","twitter_misc":{"Szacowany czas czytania":"1 minuta"},"schema":{"@context":"https:\/\/schema.org","@graph":[{"@type":"WebPage","@id":"https:\/\/www.cempulik.eu\/shop\/de\/impressum\/","url":"https:\/\/www.cempulik.eu\/shop\/de\/impressum\/","name":"Impressum - Producent Nagrobk\u00f3w dla Zwierz\u0105t | Tablice i Portrety Nagrobne","isPartOf":{"@id":"https:\/\/www.cempulik.eu\/shop\/#website"},"datePublished":"2026-01-02T10:00:36+00:00","dateModified":"2026-01-02T10:06:54+00:00","inLanguage":"pl-PL","potentialAction":[{"@type":"ReadAction","target":["https:\/\/www.cempulik.eu\/shop\/de\/impressum\/"]}]},{"@type":"WebSite","@id":"https:\/\/www.cempulik.eu\/shop\/#website","url":"https:\/\/www.cempulik.eu\/shop\/","name":"Producent Nagrobk\u00f3w dla Zwierz\u0105t | Tablice i Portrety Nagrobne","description":"","publisher":{"@id":"https:\/\/www.cempulik.eu\/shop\/#organization"},"potentialAction":[{"@type":"SearchAction","target":{"@type":"EntryPoint","urlTemplate":"https:\/\/www.cempulik.eu\/shop\/?s={search_term_string}"},"query-input":{"@type":"PropertyValueSpecification","valueRequired":true,"valueName":"search_term_string"}}],"inLanguage":"pl-PL"},{"@type":["Organization","Place"],"@id":"https:\/\/www.cempulik.eu\/shop\/#organization","name":"Us\u0142ugi Kamieniarskie Cempulik Stanis\u0142aw","url":"https:\/\/www.cempulik.eu\/shop\/","logo":{"@id":"https:\/\/www.cempulik.eu\/shop\/de\/impressum\/#local-main-organization-logo"},"image":{"@id":"https:\/\/www.cempulik.eu\/shop\/de\/impressum\/#local-main-organization-logo"},"sameAs":["https:\/\/m.facebook.com\/profile.php?id=100063565541500&_rdr"],"address":{"@id":"https:\/\/www.cempulik.eu\/shop\/de\/impressum\/#local-main-place-address"},"telephone":["+48698936157"],"contactPoint":{"@type":"ContactPoint","telephone":"+48698936157","email":"firma@cempulik.eu"},"openingHoursSpecification":[{"@type":"OpeningHoursSpecification","dayOfWeek":["Monday","Tuesday","Wednesday","Thursday","Friday","Saturday","Sunday"],"opens":"07:00","closes":"16:00"}],"email":"firma@cempulik.eu","taxID":"6261055842"},{"@type":"PostalAddress","@id":"https:\/\/www.cempulik.eu\/shop\/de\/impressum\/#local-main-place-address","streetAddress":"Drzewna 23","addressLocality":"Bytom","postalCode":"41-935","addressRegion":"\u015al\u0105skie","addressCountry":"PL"},{"@type":"ImageObject","inLanguage":"pl-PL","@id":"https:\/\/www.cempulik.eu\/shop\/de\/impressum\/#local-main-organization-logo","url":"https:\/\/www.cempulik.eu\/shop\/wp-content\/uploads\/2023\/02\/cropped-logo_footer__.png","contentUrl":"https:\/\/www.cempulik.eu\/shop\/wp-content\/uploads\/2023\/02\/cropped-logo_footer__.png","width":512,"height":512,"caption":"Us\u0142ugi Kamieniarskie Cempulik Stanis\u0142aw"}]},"geo.placename":"Bytom","geo.region":"Polska"},"lang":"de","translations":{"de":5266},"pll_sync_post":[],"_links":{"self":[{"href":"https:\/\/www.cempulik.eu\/shop\/wp-json\/wp\/v2\/pages\/5266","targetHints":{"allow":["GET"]}}],"collection":[{"href":"https:\/\/www.cempulik.eu\/shop\/wp-json\/wp\/v2\/pages"}],"about":[{"href":"https:\/\/www.cempulik.eu\/shop\/wp-json\/wp\/v2\/types\/page"}],"author":[{"embeddable":true,"href":"https:\/\/www.cempulik.eu\/shop\/wp-json\/wp\/v2\/users\/1"}],"replies":[{"embeddable":true,"href":"https:\/\/www.cempulik.eu\/shop\/wp-json\/wp\/v2\/comments?post=5266"}],"version-history":[{"count":0,"href":"https:\/\/www.cempulik.eu\/shop\/wp-json\/wp\/v2\/pages\/5266\/revisions"}],"wp:attachment":[{"href":"https:\/\/www.cempulik.eu\/shop\/wp-json\/wp\/v2\/media?parent=5266"}],"curies":[{"name":"wp","href":"https:\/\/api.w.org\/{rel}","templated":true}]}}