{"id":5571,"date":"2026-01-14T06:31:32","date_gmt":"2026-01-14T05:31:32","guid":{"rendered":"https:\/\/www.cempulik.eu\/shop\/?page_id=5571"},"modified":"2026-01-14T06:59:16","modified_gmt":"2026-01-14T05:59:16","slug":"fragt-og-levering","status":"publish","type":"page","link":"https:\/\/www.cempulik.eu\/shop\/dk\/fragt-og-levering\/","title":{"rendered":"Fragt og levering"},"content":{"rendered":"\n<p><\/p>\n\n\n\n<div class=\"wp-block-columns is-layout-flex wp-container-core-columns-is-layout-28f84493 wp-block-columns-is-layout-flex\">\n<div class=\"wp-block-column is-layout-flow wp-block-column-is-layout-flow\" style=\"flex-basis:66.66%\">\n<h1 class=\"wp-block-heading\" id=\"h-fragt-og-levering\">Fragt og Levering<\/h1>\n\n\n\n<p>Vi ved, hvor vigtigt det er, at din personlige mindesten ankommer sikkert og i perfekt stand. Derfor l\u00e6gger vi stor v\u00e6gt p\u00e5 en omhyggelig og sikker levering.<\/p>\n\n\n\n<hr class=\"wp-block-separator has-alpha-channel-opacity\"\/>\n\n\n\n<h3 class=\"wp-block-heading\" id=\"h-sikker-emballage\">Sikker Emballage<\/h3>\n\n\n\n<p>Alle vores granitprodukter pakkes ekstremt omhyggeligt for at beskytte dem mod skader under transport. Vi bruger en kombination af:<\/p>\n\n\n\n<ul class=\"wp-block-list\">\n<li><strong>Styroporplader:<\/strong> Til at absorbere st\u00f8d og beskytte kanter.<\/li>\n\n\n\n<li><strong>Sp\u00e6ndeb\u00e5nd:<\/strong> For at holde produktet stabilt i kassen.<\/li>\n\n\n\n<li><strong>Solid papkasse og str\u00e6kfilm:<\/strong> Som et ydre, beskyttende lag.<\/li>\n<\/ul>\n\n\n\n<p>Hver pakke er tydeligt m\u00e6rket med &#8222;FORSIGTIG&#8221; for at sikre, at den h\u00e5ndteres med omhu af kur\u00e9ren.<\/p>\n\n\n\n<h3 class=\"wp-block-heading\" id=\"h-forsikret-forsendelse\">Forsikret Forsendelse<\/h3>\n\n\n\n<p><strong>Alle vores forsendelser er fuldt forsikrede.<\/strong> Det er vores ansvar, at varen n\u00e5r frem til dig i perfekt stand. Du som kunde b\u00e6rer ingen risiko for skader, der opst\u00e5r under transporten.<\/p>\n\n\n\n<h3 class=\"wp-block-heading\" id=\"h-nar-du-modtager-din-pakke\">N\u00e5r du modtager din pakke<\/h3>\n\n\n\n<p>Selvom vi tager alle forholdsregler, kan uheld ske. For at sikre en hurtig proces i tilf\u00e6lde af en transportskade, vil vi bede dig om en lille tjeneste:<\/p>\n\n\n\n<p><strong>Vi opfordrer dig kraftigt til at inspicere pakken for synlige skader ved<\/strong><\/p>\n<\/div>\n\n\n\n<div class=\"wp-block-column is-layout-flow wp-block-column-is-layout-flow\" style=\"flex-basis:33.33%\">\n<figure class=\"wp-block-image size-full\"><img decoding=\"async\" width=\"455\" height=\"600\" src=\"https:\/\/www.cempulik.eu\/shop\/wp-content\/uploads\/2024\/03\/paczki.webp\" alt=\"spakowane paczki z p\u0142ytami granitowymi\" class=\"wp-image-5572\" srcset=\"https:\/\/www.cempulik.eu\/shop\/wp-content\/uploads\/2024\/03\/paczki.webp 455w, https:\/\/www.cempulik.eu\/shop\/wp-content\/uploads\/2024\/03\/paczki-228x300.webp 228w\" sizes=\"(max-width: 455px) 100vw, 455px\" \/><\/figure>\n<\/div>\n<\/div>\n\n\n\n<div class=\"wp-block-columns is-layout-flex wp-container-core-columns-is-layout-28f84493 wp-block-columns-is-layout-flex\">\n<div class=\"wp-block-column is-layout-flow wp-block-column-is-layout-flow\">\n<figure class=\"wp-block-image size-full\"><img decoding=\"async\" width=\"388\" height=\"481\" src=\"https:\/\/www.cempulik.eu\/shop\/wp-content\/uploads\/2024\/03\/paczka3600.webp\" alt=\"\" class=\"wp-image-5573\" srcset=\"https:\/\/www.cempulik.eu\/shop\/wp-content\/uploads\/2024\/03\/paczka3600.webp 388w, https:\/\/www.cempulik.eu\/shop\/wp-content\/uploads\/2024\/03\/paczka3600-242x300.webp 242w\" sizes=\"(max-width: 388px) 100vw, 388px\" \/><\/figure>\n<\/div>\n\n\n\n<div class=\"wp-block-column is-layout-flow wp-block-column-is-layout-flow\">\n<figure class=\"wp-block-image size-full\"><img decoding=\"async\" width=\"400\" height=\"392\" src=\"https:\/\/www.cempulik.eu\/shop\/wp-content\/uploads\/2024\/03\/paczka4.webp\" alt=\"\" class=\"wp-image-5574\" srcset=\"https:\/\/www.cempulik.eu\/shop\/wp-content\/uploads\/2024\/03\/paczka4.webp 400w, https:\/\/www.cempulik.eu\/shop\/wp-content\/uploads\/2024\/03\/paczka4-300x294.webp 300w\" sizes=\"(max-width: 400px) 100vw, 400px\" \/><\/figure>\n<\/div>\n<\/div>\n","protected":false},"excerpt":{"rendered":"<p>Fragt og Levering Vi ved, hvor vigtigt det er, at din personlige mindesten ankommer sikkert og i perfekt stand. Derfor l\u00e6gger vi stor v\u00e6gt p\u00e5 en omhyggelig og sikker levering. Sikker Emballage Alle vores granitprodukter pakkes ekstremt omhyggeligt for at beskytte dem mod skader under transport. Vi bruger en kombination af: Hver pakke er tydeligt [&hellip;]<\/p>\n","protected":false},"author":1,"featured_media":0,"parent":0,"menu_order":0,"comment_status":"closed","ping_status":"closed","template":"","meta":{"site-sidebar-layout":"default","site-content-layout":"","ast-site-content-layout":"default","site-content-style":"default","site-sidebar-style":"default","ast-global-header-display":"","ast-banner-title-visibility":"","ast-main-header-display":"","ast-hfb-above-header-display":"","ast-hfb-below-header-display":"","ast-hfb-mobile-header-display":"","site-post-title":"","ast-breadcrumbs-content":"","ast-featured-img":"","footer-sml-layout":"","ast-disable-related-posts":"","theme-transparent-header-meta":"","adv-header-id-meta":"","stick-header-meta":"","header-above-stick-meta":"","header-main-stick-meta":"","header-below-stick-meta":"","astra-migrate-meta-layouts":"set","ast-page-background-enabled":"default","ast-page-background-meta":{"desktop":{"background-color":"var(--ast-global-color-4)","background-image":"","background-repeat":"repeat","background-position":"center center","background-size":"auto","background-attachment":"scroll","background-type":"","background-media":"","overlay-type":"","overlay-color":"","overlay-opacity":"","overlay-gradient":""},"tablet":{"background-color":"","background-image":"","background-repeat":"repeat","background-position":"center center","background-size":"auto","background-attachment":"scroll","background-type":"","background-media":"","overlay-type":"","overlay-color":"","overlay-opacity":"","overlay-gradient":""},"mobile":{"background-color":"","background-image":"","background-repeat":"repeat","background-position":"center center","background-size":"auto","background-attachment":"scroll","background-type":"","background-media":"","overlay-type":"","overlay-color":"","overlay-opacity":"","overlay-gradient":""}},"ast-content-background-meta":{"desktop":{"background-color":"var(--ast-global-color-5)","background-image":"","background-repeat":"repeat","background-position":"center center","background-size":"auto","background-attachment":"scroll","background-type":"","background-media":"","overlay-type":"","overlay-color":"","overlay-opacity":"","overlay-gradient":""},"tablet":{"background-color":"var(--ast-global-color-5)","background-image":"","background-repeat":"repeat","background-position":"center center","background-size":"auto","background-attachment":"scroll","background-type":"","background-media":"","overlay-type":"","overlay-color":"","overlay-opacity":"","overlay-gradient":""},"mobile":{"background-color":"var(--ast-global-color-5)","background-image":"","background-repeat":"repeat","background-position":"center center","background-size":"auto","background-attachment":"scroll","background-type":"","background-media":"","overlay-type":"","overlay-color":"","overlay-opacity":"","overlay-gradient":""}},"footnotes":""},"class_list":["post-5571","page","type-page","status-publish","hentry"],"yoast_head":"<!-- This site is optimized with the Yoast SEO Premium plugin v26.7 (Yoast SEO v26.7) - https:\/\/yoast.com\/wordpress\/plugins\/seo\/ -->\n<title>Fragt og levering - Producent Nagrobk\u00f3w dla Zwierz\u0105t | Tablice i Portrety Nagrobne<\/title>\n<meta name=\"description\" content=\"Zawieramy kilka informacji dotycz\u0105cych dostawy nagrobka\" \/>\n<meta name=\"robots\" content=\"index, follow, max-snippet:-1, max-image-preview:large, max-video-preview:-1\" \/>\n<link rel=\"canonical\" href=\"https:\/\/www.cempulik.eu\/shop\/dk\/fragt-og-levering\/\" \/>\n<meta property=\"og:locale\" content=\"pl_PL\" \/>\n<meta property=\"og:type\" content=\"article\" \/>\n<meta property=\"og:title\" content=\"Fragt og levering - Producent Nagrobk\u00f3w dla Zwierz\u0105t | Tablice i Portrety Nagrobne\" \/>\n<meta property=\"og:description\" content=\"Zawieramy kilka informacji dotycz\u0105cych dostawy nagrobka\" \/>\n<meta property=\"og:url\" content=\"https:\/\/www.cempulik.eu\/shop\/dk\/fragt-og-levering\/\" \/>\n<meta property=\"og:site_name\" content=\"Producent Nagrobk\u00f3w dla Zwierz\u0105t | Tablice i Portrety Nagrobne\" \/>\n<meta property=\"article:publisher\" content=\"https:\/\/m.facebook.com\/profile.php?id=100063565541500&amp;_rdr\" \/>\n<meta property=\"article:modified_time\" content=\"2026-01-14T05:59:16+00:00\" \/>\n<meta property=\"og:image\" content=\"https:\/\/www.cempulik.eu\/shop\/wp-content\/uploads\/2024\/03\/paczki.webp\" \/>\n\t<meta property=\"og:image:width\" content=\"455\" \/>\n\t<meta property=\"og:image:height\" content=\"600\" \/>\n\t<meta property=\"og:image:type\" content=\"image\/webp\" \/>\n<meta name=\"twitter:card\" content=\"summary_large_image\" \/>\n<meta name=\"twitter:label1\" content=\"Szacowany czas czytania\" \/>\n\t<meta name=\"twitter:data1\" content=\"2 minuty\" \/>\n<script type=\"application\/ld+json\" class=\"yoast-schema-graph\">{\"@context\":\"https:\/\/schema.org\",\"@graph\":[{\"@type\":\"WebPage\",\"@id\":\"https:\/\/www.cempulik.eu\/shop\/dk\/fragt-og-levering\/\",\"url\":\"https:\/\/www.cempulik.eu\/shop\/dk\/fragt-og-levering\/\",\"name\":\"Fragt og levering - Producent Nagrobk\u00f3w dla Zwierz\u0105t | Tablice i Portrety Nagrobne\",\"isPartOf\":{\"@id\":\"https:\/\/www.cempulik.eu\/shop\/#website\"},\"primaryImageOfPage\":{\"@id\":\"https:\/\/www.cempulik.eu\/shop\/dk\/fragt-og-levering\/#primaryimage\"},\"image\":{\"@id\":\"https:\/\/www.cempulik.eu\/shop\/dk\/fragt-og-levering\/#primaryimage\"},\"thumbnailUrl\":\"https:\/\/www.cempulik.eu\/shop\/wp-content\/uploads\/2024\/03\/paczki.webp\",\"datePublished\":\"2026-01-14T05:31:32+00:00\",\"dateModified\":\"2026-01-14T05:59:16+00:00\",\"description\":\"Zawieramy kilka informacji dotycz\u0105cych dostawy nagrobka\",\"inLanguage\":\"pl-PL\",\"potentialAction\":[{\"@type\":\"ReadAction\",\"target\":[\"https:\/\/www.cempulik.eu\/shop\/dk\/fragt-og-levering\/\"]}]},{\"@type\":\"ImageObject\",\"inLanguage\":\"pl-PL\",\"@id\":\"https:\/\/www.cempulik.eu\/shop\/dk\/fragt-og-levering\/#primaryimage\",\"url\":\"https:\/\/www.cempulik.eu\/shop\/wp-content\/uploads\/2024\/03\/paczki.webp\",\"contentUrl\":\"https:\/\/www.cempulik.eu\/shop\/wp-content\/uploads\/2024\/03\/paczki.webp\",\"width\":455,\"height\":600,\"caption\":\"spakowane paczki z p\u0142ytami granitowymi\"},{\"@type\":\"WebSite\",\"@id\":\"https:\/\/www.cempulik.eu\/shop\/#website\",\"url\":\"https:\/\/www.cempulik.eu\/shop\/\",\"name\":\"Producent Nagrobk\u00f3w dla Zwierz\u0105t | Tablice i Portrety Nagrobne\",\"description\":\"\",\"publisher\":{\"@id\":\"https:\/\/www.cempulik.eu\/shop\/#organization\"},\"potentialAction\":[{\"@type\":\"SearchAction\",\"target\":{\"@type\":\"EntryPoint\",\"urlTemplate\":\"https:\/\/www.cempulik.eu\/shop\/?s={search_term_string}\"},\"query-input\":{\"@type\":\"PropertyValueSpecification\",\"valueRequired\":true,\"valueName\":\"search_term_string\"}}],\"inLanguage\":\"pl-PL\"},{\"@type\":[\"Organization\",\"Place\"],\"@id\":\"https:\/\/www.cempulik.eu\/shop\/#organization\",\"name\":\"Us\u0142ugi Kamieniarskie Cempulik Stanis\u0142aw\",\"url\":\"https:\/\/www.cempulik.eu\/shop\/\",\"logo\":{\"@id\":\"https:\/\/www.cempulik.eu\/shop\/dk\/fragt-og-levering\/#local-main-organization-logo\"},\"image\":{\"@id\":\"https:\/\/www.cempulik.eu\/shop\/dk\/fragt-og-levering\/#local-main-organization-logo\"},\"sameAs\":[\"https:\/\/m.facebook.com\/profile.php?id=100063565541500&_rdr\"],\"address\":{\"@id\":\"https:\/\/www.cempulik.eu\/shop\/dk\/fragt-og-levering\/#local-main-place-address\"},\"telephone\":[\"+48698936157\"],\"contactPoint\":{\"@type\":\"ContactPoint\",\"telephone\":\"+48698936157\",\"email\":\"firma@cempulik.eu\"},\"openingHoursSpecification\":[{\"@type\":\"OpeningHoursSpecification\",\"dayOfWeek\":[\"Monday\",\"Tuesday\",\"Wednesday\",\"Thursday\",\"Friday\",\"Saturday\",\"Sunday\"],\"opens\":\"07:00\",\"closes\":\"16:00\"}],\"email\":\"firma@cempulik.eu\",\"taxID\":\"6261055842\"},{\"@type\":\"PostalAddress\",\"@id\":\"https:\/\/www.cempulik.eu\/shop\/dk\/fragt-og-levering\/#local-main-place-address\",\"streetAddress\":\"Drzewna 23\",\"addressLocality\":\"Bytom\",\"postalCode\":\"41-935\",\"addressRegion\":\"\u015al\u0105skie\",\"addressCountry\":\"PL\"},{\"@type\":\"ImageObject\",\"inLanguage\":\"pl-PL\",\"@id\":\"https:\/\/www.cempulik.eu\/shop\/dk\/fragt-og-levering\/#local-main-organization-logo\",\"url\":\"https:\/\/www.cempulik.eu\/shop\/wp-content\/uploads\/2023\/02\/cropped-logo_footer__.png\",\"contentUrl\":\"https:\/\/www.cempulik.eu\/shop\/wp-content\/uploads\/2023\/02\/cropped-logo_footer__.png\",\"width\":512,\"height\":512,\"caption\":\"Us\u0142ugi Kamieniarskie Cempulik Stanis\u0142aw\"}]}<\/script>\n<meta name=\"geo.placename\" content=\"Bytom\" \/>\n<meta name=\"geo.region\" content=\"Polska\" \/>\n<!-- \/ Yoast SEO Premium plugin. -->","yoast_head_json":{"title":"Fragt og levering - Producent Nagrobk\u00f3w dla Zwierz\u0105t | Tablice i Portrety Nagrobne","description":"Zawieramy kilka informacji dotycz\u0105cych dostawy nagrobka","robots":{"index":"index","follow":"follow","max-snippet":"max-snippet:-1","max-image-preview":"max-image-preview:large","max-video-preview":"max-video-preview:-1"},"canonical":"https:\/\/www.cempulik.eu\/shop\/dk\/fragt-og-levering\/","og_locale":"pl_PL","og_type":"article","og_title":"Fragt og levering - Producent Nagrobk\u00f3w dla Zwierz\u0105t | Tablice i Portrety Nagrobne","og_description":"Zawieramy kilka informacji dotycz\u0105cych dostawy nagrobka","og_url":"https:\/\/www.cempulik.eu\/shop\/dk\/fragt-og-levering\/","og_site_name":"Producent Nagrobk\u00f3w dla Zwierz\u0105t | Tablice i Portrety Nagrobne","article_publisher":"https:\/\/m.facebook.com\/profile.php?id=100063565541500&_rdr","article_modified_time":"2026-01-14T05:59:16+00:00","og_image":[{"width":455,"height":600,"url":"https:\/\/www.cempulik.eu\/shop\/wp-content\/uploads\/2024\/03\/paczki.webp","type":"image\/webp"}],"twitter_card":"summary_large_image","twitter_misc":{"Szacowany czas czytania":"2 minuty"},"schema":{"@context":"https:\/\/schema.org","@graph":[{"@type":"WebPage","@id":"https:\/\/www.cempulik.eu\/shop\/dk\/fragt-og-levering\/","url":"https:\/\/www.cempulik.eu\/shop\/dk\/fragt-og-levering\/","name":"Fragt og levering - Producent Nagrobk\u00f3w dla Zwierz\u0105t | Tablice i Portrety Nagrobne","isPartOf":{"@id":"https:\/\/www.cempulik.eu\/shop\/#website"},"primaryImageOfPage":{"@id":"https:\/\/www.cempulik.eu\/shop\/dk\/fragt-og-levering\/#primaryimage"},"image":{"@id":"https:\/\/www.cempulik.eu\/shop\/dk\/fragt-og-levering\/#primaryimage"},"thumbnailUrl":"https:\/\/www.cempulik.eu\/shop\/wp-content\/uploads\/2024\/03\/paczki.webp","datePublished":"2026-01-14T05:31:32+00:00","dateModified":"2026-01-14T05:59:16+00:00","description":"Zawieramy kilka informacji dotycz\u0105cych dostawy nagrobka","inLanguage":"pl-PL","potentialAction":[{"@type":"ReadAction","target":["https:\/\/www.cempulik.eu\/shop\/dk\/fragt-og-levering\/"]}]},{"@type":"ImageObject","inLanguage":"pl-PL","@id":"https:\/\/www.cempulik.eu\/shop\/dk\/fragt-og-levering\/#primaryimage","url":"https:\/\/www.cempulik.eu\/shop\/wp-content\/uploads\/2024\/03\/paczki.webp","contentUrl":"https:\/\/www.cempulik.eu\/shop\/wp-content\/uploads\/2024\/03\/paczki.webp","width":455,"height":600,"caption":"spakowane paczki z p\u0142ytami granitowymi"},{"@type":"WebSite","@id":"https:\/\/www.cempulik.eu\/shop\/#website","url":"https:\/\/www.cempulik.eu\/shop\/","name":"Producent Nagrobk\u00f3w dla Zwierz\u0105t | Tablice i Portrety Nagrobne","description":"","publisher":{"@id":"https:\/\/www.cempulik.eu\/shop\/#organization"},"potentialAction":[{"@type":"SearchAction","target":{"@type":"EntryPoint","urlTemplate":"https:\/\/www.cempulik.eu\/shop\/?s={search_term_string}"},"query-input":{"@type":"PropertyValueSpecification","valueRequired":true,"valueName":"search_term_string"}}],"inLanguage":"pl-PL"},{"@type":["Organization","Place"],"@id":"https:\/\/www.cempulik.eu\/shop\/#organization","name":"Us\u0142ugi Kamieniarskie Cempulik Stanis\u0142aw","url":"https:\/\/www.cempulik.eu\/shop\/","logo":{"@id":"https:\/\/www.cempulik.eu\/shop\/dk\/fragt-og-levering\/#local-main-organization-logo"},"image":{"@id":"https:\/\/www.cempulik.eu\/shop\/dk\/fragt-og-levering\/#local-main-organization-logo"},"sameAs":["https:\/\/m.facebook.com\/profile.php?id=100063565541500&_rdr"],"address":{"@id":"https:\/\/www.cempulik.eu\/shop\/dk\/fragt-og-levering\/#local-main-place-address"},"telephone":["+48698936157"],"contactPoint":{"@type":"ContactPoint","telephone":"+48698936157","email":"firma@cempulik.eu"},"openingHoursSpecification":[{"@type":"OpeningHoursSpecification","dayOfWeek":["Monday","Tuesday","Wednesday","Thursday","Friday","Saturday","Sunday"],"opens":"07:00","closes":"16:00"}],"email":"firma@cempulik.eu","taxID":"6261055842"},{"@type":"PostalAddress","@id":"https:\/\/www.cempulik.eu\/shop\/dk\/fragt-og-levering\/#local-main-place-address","streetAddress":"Drzewna 23","addressLocality":"Bytom","postalCode":"41-935","addressRegion":"\u015al\u0105skie","addressCountry":"PL"},{"@type":"ImageObject","inLanguage":"pl-PL","@id":"https:\/\/www.cempulik.eu\/shop\/dk\/fragt-og-levering\/#local-main-organization-logo","url":"https:\/\/www.cempulik.eu\/shop\/wp-content\/uploads\/2023\/02\/cropped-logo_footer__.png","contentUrl":"https:\/\/www.cempulik.eu\/shop\/wp-content\/uploads\/2023\/02\/cropped-logo_footer__.png","width":512,"height":512,"caption":"Us\u0142ugi Kamieniarskie Cempulik Stanis\u0142aw"}]},"geo.placename":"Bytom","geo.region":"Polska"},"lang":"dk","translations":{"dk":5571,"de":5253,"pl":1040,"en":5562},"pll_sync_post":[],"_links":{"self":[{"href":"https:\/\/www.cempulik.eu\/shop\/wp-json\/wp\/v2\/pages\/5571","targetHints":{"allow":["GET"]}}],"collection":[{"href":"https:\/\/www.cempulik.eu\/shop\/wp-json\/wp\/v2\/pages"}],"about":[{"href":"https:\/\/www.cempulik.eu\/shop\/wp-json\/wp\/v2\/types\/page"}],"author":[{"embeddable":true,"href":"https:\/\/www.cempulik.eu\/shop\/wp-json\/wp\/v2\/users\/1"}],"replies":[{"embeddable":true,"href":"https:\/\/www.cempulik.eu\/shop\/wp-json\/wp\/v2\/comments?post=5571"}],"version-history":[{"count":2,"href":"https:\/\/www.cempulik.eu\/shop\/wp-json\/wp\/v2\/pages\/5571\/revisions"}],"predecessor-version":[{"id":5589,"href":"https:\/\/www.cempulik.eu\/shop\/wp-json\/wp\/v2\/pages\/5571\/revisions\/5589"}],"wp:attachment":[{"href":"https:\/\/www.cempulik.eu\/shop\/wp-json\/wp\/v2\/media?parent=5571"}],"curies":[{"name":"wp","href":"https:\/\/api.w.org\/{rel}","templated":true}]}}