{"id":4644,"date":"2025-07-01T13:35:35","date_gmt":"2025-07-01T11:35:35","guid":{"rendered":"https:\/\/www.cempulik.eu\/shop\/?post_type=product&#038;p=4644"},"modified":"2026-04-19T14:50:05","modified_gmt":"2026-04-19T12:50:05","slug":"mala-granitowa-rama-granitowe-obrzeze-na-cmentarz-dla-zwierzat","status":"publish","type":"product","link":"https:\/\/www.cempulik.eu\/shop\/produkt\/mala-granitowa-rama-granitowe-obrzeze-na-cmentarz-dla-zwierzat\/","title":{"rendered":"Ma\u0142a Granitowa rama, granitowe obrze\u017ce na cmentarz dla zwierz\u0105t"},"content":{"rendered":"<p>Nasza granitowa rama to doskona\u0142a propozycja dla tych, kt\u00f3rzy pragn\u0105 wyrazi\u0107 wyj\u0105tkow\u0105 pami\u0119\u0107 o swoim zwierz\u0119ciu. Sk\u0142adaj\u0105ca si\u0119 z czterech element\u00f3w, rama dostarczana jest w wygodnych cz\u0119\u015bciach lub jako gotowa konstrukcja za po\u015brednictwem przesy\u0142ki paletowej.<\/p>\n<p>Szeroko\u015b\u0107 to 50 cm, D\u0142ugo\u015b\u0107 40cm.\u00a0 Mo\u017cemy r\u00f3wnie\u017c wykona\u0107 dowolny inny wymiar<\/p>\n<p>Wysoko\u015b\u0107 granitowej ramy wynosi 80 cm, co pozwala na r\u00f3\u017cnorodne aran\u017cacje:<\/p>\n<ol>\n<li><strong>Eleganckie kamienie ozdobne:<\/strong> Wype\u0142nij wn\u0119trze ramy pi\u0119knymi ozdobnymi kamieniami, kt\u00f3re dodadz\u0105 subtelnej finezji Twojemu pomnikowi. Na tym fragmencie mo\u017cesz umie\u015bci\u0107 p\u0142yt\u0119 granitow\u0105 z delikatnym napisem, tworz\u0105c wyj\u0105tkowe miejsce pami\u0119ci.<\/li>\n<li><strong>Solidna podstawa:<\/strong> Cz\u0119\u015b\u0107 wn\u0119trza ramy przys\u0142oniona p\u0142yt\u0105 granitow\u0105 staje si\u0119 nie tylko estetycznym elementem, ale r\u00f3wnie\u017c solidn\u0105 podstaw\u0105 dla tablicy z napisem i grawerem. To trwa\u0142e rozwi\u0105zanie, kt\u00f3re podkre\u015bli wa\u017cno\u015b\u0107 pami\u0119ci.<\/li>\n<li><strong>Elegancja w g\u00f3rze:<\/strong> Na szczycie ramy umie\u015b\u0107 p\u0142yt\u0119 granitow\u0105, kt\u00f3ra zas\u0142oni ca\u0142\u0105 jej \u015brodkow\u0105 cz\u0119\u015b\u0107, nadaj\u0105c kompozycji pe\u0142en, sp\u00f3jny wygl\u0105d. To rozwi\u0105zanie, kt\u00f3re emanuje elegancj\u0105 i godno\u015bci\u0105.<\/li>\n<\/ol>\n<p>Ta granitowa rama to wyj\u0105tkowy spos\u00f3b na uhonorowanie pami\u0119ci Twojego zwierz\u0119cia. Dzi\u0119ki r\u00f3\u017cnorodnym opcjom aran\u017cacyjnym, masz pe\u0142n\u0105 swobod\u0119 wyboru, by stworzy\u0107 pomnik, kt\u00f3ry odda ho\u0142d zgodnie z Twoj\u0105 wizj\u0105.&#8221;<\/p>\n<p>\u00a0<\/p>\n<p>\u00a0<\/p>\n<p>\u00a0<\/p>\n<h3>Sprawd\u017a r\u00f3wnie\u017c:<\/h3>\n<ul>\n<li><a href=\"\/products\/4644-mala-granitowa-rama-granitowe-obrzeze-na-cmentarz-dla-zwierzat-kopia\/\">mala-granitowa-rama-granitowe-obrzeze-na-cmentarz-dla-zwierzat-kopia<\/a><\/li>\n<\/ul>\n","protected":false},"excerpt":{"rendered":"<p>Nasza granitowa rama to doskona\u0142a propozycja dla tych, kt\u00f3rzy pragn\u0105 wyrazi\u0107 wyj\u0105tkow\u0105 pami\u0119\u0107 o swoim zwierz\u0119ciu. Sk\u0142adaj\u0105ca si\u0119 z czterech element\u00f3w, rama dostarczana jest w wygodnych cz\u0119\u015bciach lub jako gotowa konstrukcja za po\u015brednictwem przesy\u0142ki paletowej. Szeroko\u015b\u0107 to 50 cm, D\u0142ugo\u015b\u0107 40cm.\u00a0 Mo\u017cemy r\u00f3wnie\u017c wykona\u0107 dowolny inny wymiar Wysoko\u015b\u0107 granitowej ramy wynosi 80 cm, co pozwala [&hellip;]<\/p>\n","protected":false},"featured_media":774,"comment_status":"closed","ping_status":"closed","template":"","meta":{"site-sidebar-layout":"default","site-content-layout":"","ast-site-content-layout":"default","site-content-style":"default","site-sidebar-style":"default","ast-global-header-display":"","ast-banner-title-visibility":"","ast-main-header-display":"","ast-hfb-above-header-display":"","ast-hfb-below-header-display":"","ast-hfb-mobile-header-display":"","site-post-title":"","ast-breadcrumbs-content":"","ast-featured-img":"","footer-sml-layout":"","ast-disable-related-posts":"","theme-transparent-header-meta":"default","adv-header-id-meta":"","stick-header-meta":"","header-above-stick-meta":"","header-main-stick-meta":"","header-below-stick-meta":"","astra-migrate-meta-layouts":"set","ast-page-background-enabled":"default","ast-page-background-meta":{"desktop":{"background-color":"var(--ast-global-color-4)","background-image":"","background-repeat":"repeat","background-position":"center center","background-size":"auto","background-attachment":"scroll","background-type":"","background-media":"","overlay-type":"","overlay-color":"","overlay-opacity":"","overlay-gradient":""},"tablet":{"background-color":"","background-image":"","background-repeat":"repeat","background-position":"center center","background-size":"auto","background-attachment":"scroll","background-type":"","background-media":"","overlay-type":"","overlay-color":"","overlay-opacity":"","overlay-gradient":""},"mobile":{"background-color":"","background-image":"","background-repeat":"repeat","background-position":"center center","background-size":"auto","background-attachment":"scroll","background-type":"","background-media":"","overlay-type":"","overlay-color":"","overlay-opacity":"","overlay-gradient":""}},"ast-content-background-meta":{"desktop":{"background-color":"var(--ast-global-color-5)","background-image":"","background-repeat":"repeat","background-position":"center center","background-size":"auto","background-attachment":"scroll","background-type":"","background-media":"","overlay-type":"","overlay-color":"","overlay-opacity":"","overlay-gradient":""},"tablet":{"background-color":"var(--ast-global-color-5)","background-image":"","background-repeat":"repeat","background-position":"center center","background-size":"auto","background-attachment":"scroll","background-type":"","background-media":"","overlay-type":"","overlay-color":"","overlay-opacity":"","overlay-gradient":""},"mobile":{"background-color":"var(--ast-global-color-5)","background-image":"","background-repeat":"repeat","background-position":"center center","background-size":"auto","background-attachment":"scroll","background-type":"","background-media":"","overlay-type":"","overlay-color":"","overlay-opacity":"","overlay-gradient":""}}},"product_brand":[],"product_cat":[18],"product_tag":[32],"class_list":{"0":"post-4644","1":"product","2":"type-product","3":"status-publish","4":"has-post-thumbnail","6":"product_cat-sposoby-montazu","7":"product_tag-klin-podpierajacy","8":"desktop-align-center","9":"tablet-align-left","10":"mobile-align-left","11":"ast-product-gallery-layout-horizontal-slider","12":"ast-product-gallery-with-no-image","13":"ast-product-tabs-layout-horizontal","15":"first","16":"instock","17":"shipping-taxable","18":"purchasable","19":"product-type-simple"},"yoast_head":"<!-- This site is optimized with the Yoast SEO Premium plugin v26.7 (Yoast SEO v26.7) - https:\/\/yoast.com\/wordpress\/plugins\/seo\/ -->\n<title>Ma\u0142a Granitowa rama, granitowe obrze\u017ce na cmentarz dla zwierz\u0105t - Producent Nagrobk\u00f3w dla Zwierz\u0105t | Tablice i Portrety Nagrobne<\/title>\n<meta name=\"robots\" content=\"index, follow, max-snippet:-1, max-image-preview:large, max-video-preview:-1\" \/>\n<link rel=\"canonical\" href=\"https:\/\/www.cempulik.eu\/shop\/produkt\/mala-granitowa-rama-granitowe-obrzeze-na-cmentarz-dla-zwierzat\/\" \/>\n<meta property=\"og:locale\" content=\"pl_PL\" \/>\n<meta property=\"og:type\" content=\"article\" \/>\n<meta property=\"og:title\" content=\"Ma\u0142a Granitowa rama, granitowe obrze\u017ce na cmentarz dla zwierz\u0105t - Producent Nagrobk\u00f3w dla Zwierz\u0105t | Tablice i Portrety Nagrobne\" \/>\n<meta property=\"og:description\" content=\"Nasza granitowa rama to doskona\u0142a propozycja dla tych, kt\u00f3rzy pragn\u0105 wyrazi\u0107 wyj\u0105tkow\u0105 pami\u0119\u0107 o swoim zwierz\u0119ciu. Sk\u0142adaj\u0105ca si\u0119 z czterech element\u00f3w, rama dostarczana jest w wygodnych cz\u0119\u015bciach lub jako gotowa konstrukcja za po\u015brednictwem przesy\u0142ki paletowej. Szeroko\u015b\u0107 to 50 cm, D\u0142ugo\u015b\u0107 40cm.\u00a0 Mo\u017cemy r\u00f3wnie\u017c wykona\u0107 dowolny inny wymiar Wysoko\u015b\u0107 granitowej ramy wynosi 80 cm, co pozwala [&hellip;]\" \/>\n<meta property=\"og:url\" content=\"https:\/\/www.cempulik.eu\/shop\/produkt\/mala-granitowa-rama-granitowe-obrzeze-na-cmentarz-dla-zwierzat\/\" \/>\n<meta property=\"og:site_name\" content=\"Producent Nagrobk\u00f3w dla Zwierz\u0105t | Tablice i Portrety Nagrobne\" \/>\n<meta property=\"article:publisher\" content=\"https:\/\/m.facebook.com\/profile.php?id=100063565541500&amp;_rdr\" \/>\n<meta property=\"article:modified_time\" content=\"2026-04-19T12:50:05+00:00\" \/>\n<meta property=\"og:image\" content=\"https:\/\/www.cempulik.eu\/shop\/wp-content\/uploads\/2023\/08\/granitowa_rama_obrzeze_small.jpg\" \/>\n\t<meta property=\"og:image:width\" content=\"1300\" \/>\n\t<meta property=\"og:image:height\" content=\"879\" \/>\n\t<meta property=\"og:image:type\" content=\"image\/jpeg\" \/>\n<meta name=\"twitter:card\" content=\"summary_large_image\" \/>\n<meta name=\"twitter:label1\" content=\"Cena\" \/>\n\t<meta name=\"twitter:data1\" content=\"200,00&nbsp;&#122;&#322;\" \/>\n\t<meta name=\"twitter:label2\" content=\"Dost\u0119pno\u015b\u0107\" \/>\n\t<meta name=\"twitter:data2\" content=\"Dost\u0119pny\" \/>\n<script type=\"application\/ld+json\" class=\"yoast-schema-graph\">{\"@context\":\"https:\/\/schema.org\",\"@graph\":[{\"@type\":\"WebPage\",\"@id\":\"https:\/\/www.cempulik.eu\/shop\/produkt\/mala-granitowa-rama-granitowe-obrzeze-na-cmentarz-dla-zwierzat\/\",\"url\":\"https:\/\/www.cempulik.eu\/shop\/produkt\/mala-granitowa-rama-granitowe-obrzeze-na-cmentarz-dla-zwierzat\/\",\"name\":\"Ma\u0142a Granitowa rama, granitowe obrze\u017ce na cmentarz dla zwierz\u0105t - Producent Nagrobk\u00f3w dla Zwierz\u0105t | Tablice i Portrety Nagrobne\",\"isPartOf\":{\"@id\":\"https:\/\/www.cempulik.eu\/shop\/#website\"},\"primaryImageOfPage\":{\"@id\":\"https:\/\/www.cempulik.eu\/shop\/produkt\/mala-granitowa-rama-granitowe-obrzeze-na-cmentarz-dla-zwierzat\/#primaryimage\"},\"image\":{\"@id\":\"https:\/\/www.cempulik.eu\/shop\/produkt\/mala-granitowa-rama-granitowe-obrzeze-na-cmentarz-dla-zwierzat\/#primaryimage\"},\"thumbnailUrl\":\"https:\/\/www.cempulik.eu\/shop\/wp-content\/uploads\/2023\/08\/granitowa_rama_obrzeze_small.jpg\",\"datePublished\":\"2025-07-01T11:35:35+00:00\",\"dateModified\":\"2026-04-19T12:50:05+00:00\",\"breadcrumb\":{\"@id\":\"https:\/\/www.cempulik.eu\/shop\/produkt\/mala-granitowa-rama-granitowe-obrzeze-na-cmentarz-dla-zwierzat\/#breadcrumb\"},\"inLanguage\":\"pl-PL\",\"potentialAction\":[{\"@type\":\"ReadAction\",\"target\":[\"https:\/\/www.cempulik.eu\/shop\/produkt\/mala-granitowa-rama-granitowe-obrzeze-na-cmentarz-dla-zwierzat\/\"]}]},{\"@type\":\"ImageObject\",\"inLanguage\":\"pl-PL\",\"@id\":\"https:\/\/www.cempulik.eu\/shop\/produkt\/mala-granitowa-rama-granitowe-obrzeze-na-cmentarz-dla-zwierzat\/#primaryimage\",\"url\":\"https:\/\/www.cempulik.eu\/shop\/wp-content\/uploads\/2023\/08\/granitowa_rama_obrzeze_small.jpg\",\"contentUrl\":\"https:\/\/www.cempulik.eu\/shop\/wp-content\/uploads\/2023\/08\/granitowa_rama_obrzeze_small.jpg\",\"width\":1300,\"height\":879,\"caption\":\"Ma\u0142a Granitowa rama, granitowe obrze\u017ce na cmentarz dla zwierz\u0105t\"},{\"@type\":\"BreadcrumbList\",\"@id\":\"https:\/\/www.cempulik.eu\/shop\/produkt\/mala-granitowa-rama-granitowe-obrzeze-na-cmentarz-dla-zwierzat\/#breadcrumb\",\"itemListElement\":[{\"@type\":\"ListItem\",\"position\":1,\"name\":\"shop\",\"item\":\"https:\/\/www.cempulik.eu\/shop\/\"},{\"@type\":\"ListItem\",\"position\":2,\"name\":\"Ma\u0142a Granitowa rama, granitowe obrze\u017ce na cmentarz dla zwierz\u0105t\"}]},{\"@type\":\"WebSite\",\"@id\":\"https:\/\/www.cempulik.eu\/shop\/#website\",\"url\":\"https:\/\/www.cempulik.eu\/shop\/\",\"name\":\"Producent Nagrobk\u00f3w dla Zwierz\u0105t | Tablice i Portrety Nagrobne\",\"description\":\"\",\"publisher\":{\"@id\":\"https:\/\/www.cempulik.eu\/shop\/#organization\"},\"potentialAction\":[{\"@type\":\"SearchAction\",\"target\":{\"@type\":\"EntryPoint\",\"urlTemplate\":\"https:\/\/www.cempulik.eu\/shop\/?s={search_term_string}\"},\"query-input\":{\"@type\":\"PropertyValueSpecification\",\"valueRequired\":true,\"valueName\":\"search_term_string\"}}],\"inLanguage\":\"pl-PL\"},{\"@type\":[\"Organization\",\"Place\"],\"@id\":\"https:\/\/www.cempulik.eu\/shop\/#organization\",\"name\":\"Us\u0142ugi Kamieniarskie Cempulik Stanis\u0142aw\",\"url\":\"https:\/\/www.cempulik.eu\/shop\/\",\"logo\":{\"@id\":\"https:\/\/www.cempulik.eu\/shop\/produkt\/mala-granitowa-rama-granitowe-obrzeze-na-cmentarz-dla-zwierzat\/#local-main-organization-logo\"},\"image\":{\"@id\":\"https:\/\/www.cempulik.eu\/shop\/produkt\/mala-granitowa-rama-granitowe-obrzeze-na-cmentarz-dla-zwierzat\/#local-main-organization-logo\"},\"sameAs\":[\"https:\/\/m.facebook.com\/profile.php?id=100063565541500&_rdr\"],\"address\":{\"@id\":\"https:\/\/www.cempulik.eu\/shop\/produkt\/mala-granitowa-rama-granitowe-obrzeze-na-cmentarz-dla-zwierzat\/#local-main-place-address\"},\"telephone\":[\"+48698936157\"],\"contactPoint\":{\"@type\":\"ContactPoint\",\"telephone\":\"+48698936157\",\"email\":\"firma@cempulik.eu\"},\"openingHoursSpecification\":[{\"@type\":\"OpeningHoursSpecification\",\"dayOfWeek\":[\"Monday\",\"Tuesday\",\"Wednesday\",\"Thursday\",\"Friday\",\"Saturday\",\"Sunday\"],\"opens\":\"07:00\",\"closes\":\"16:00\"}],\"email\":\"firma@cempulik.eu\",\"taxID\":\"6261055842\"},{\"@type\":\"PostalAddress\",\"@id\":\"https:\/\/www.cempulik.eu\/shop\/produkt\/mala-granitowa-rama-granitowe-obrzeze-na-cmentarz-dla-zwierzat\/#local-main-place-address\",\"streetAddress\":\"Drzewna 23\",\"addressLocality\":\"Bytom\",\"postalCode\":\"41-935\",\"addressRegion\":\"\u015al\u0105skie\",\"addressCountry\":\"PL\"},{\"@type\":\"ImageObject\",\"inLanguage\":\"pl-PL\",\"@id\":\"https:\/\/www.cempulik.eu\/shop\/produkt\/mala-granitowa-rama-granitowe-obrzeze-na-cmentarz-dla-zwierzat\/#local-main-organization-logo\",\"url\":\"https:\/\/www.cempulik.eu\/shop\/wp-content\/uploads\/2023\/02\/cropped-logo_footer__.png\",\"contentUrl\":\"https:\/\/www.cempulik.eu\/shop\/wp-content\/uploads\/2023\/02\/cropped-logo_footer__.png\",\"width\":512,\"height\":512,\"caption\":\"Us\u0142ugi Kamieniarskie Cempulik Stanis\u0142aw\"}]}<\/script>\n<meta property=\"product:price:amount\" content=\"200.00\" \/>\n<meta property=\"product:price:currency\" content=\"PLN\" \/>\n<meta property=\"og:availability\" content=\"instock\" \/>\n<meta property=\"product:availability\" content=\"instock\" \/>\n<meta property=\"product:retailer_item_id\" content=\"spos\u00f3b monta\u017cu 1-1-1\" \/>\n<meta property=\"product:condition\" content=\"new\" \/>\n<meta name=\"geo.placename\" content=\"Bytom\" \/>\n<meta name=\"geo.region\" content=\"Polska\" \/>\n<!-- \/ Yoast SEO Premium plugin. -->","yoast_head_json":{"title":"Ma\u0142a Granitowa rama, granitowe obrze\u017ce na cmentarz dla zwierz\u0105t - Producent Nagrobk\u00f3w dla Zwierz\u0105t | Tablice i Portrety Nagrobne","robots":{"index":"index","follow":"follow","max-snippet":"max-snippet:-1","max-image-preview":"max-image-preview:large","max-video-preview":"max-video-preview:-1"},"canonical":"https:\/\/www.cempulik.eu\/shop\/produkt\/mala-granitowa-rama-granitowe-obrzeze-na-cmentarz-dla-zwierzat\/","og_locale":"pl_PL","og_type":"article","og_title":"Ma\u0142a Granitowa rama, granitowe obrze\u017ce na cmentarz dla zwierz\u0105t - Producent Nagrobk\u00f3w dla Zwierz\u0105t | Tablice i Portrety Nagrobne","og_description":"Nasza granitowa rama to doskona\u0142a propozycja dla tych, kt\u00f3rzy pragn\u0105 wyrazi\u0107 wyj\u0105tkow\u0105 pami\u0119\u0107 o swoim zwierz\u0119ciu. Sk\u0142adaj\u0105ca si\u0119 z czterech element\u00f3w, rama dostarczana jest w wygodnych cz\u0119\u015bciach lub jako gotowa konstrukcja za po\u015brednictwem przesy\u0142ki paletowej. Szeroko\u015b\u0107 to 50 cm, D\u0142ugo\u015b\u0107 40cm.\u00a0 Mo\u017cemy r\u00f3wnie\u017c wykona\u0107 dowolny inny wymiar Wysoko\u015b\u0107 granitowej ramy wynosi 80 cm, co pozwala [&hellip;]","og_url":"https:\/\/www.cempulik.eu\/shop\/produkt\/mala-granitowa-rama-granitowe-obrzeze-na-cmentarz-dla-zwierzat\/","og_site_name":"Producent Nagrobk\u00f3w dla Zwierz\u0105t | Tablice i Portrety Nagrobne","article_publisher":"https:\/\/m.facebook.com\/profile.php?id=100063565541500&_rdr","article_modified_time":"2026-04-19T12:50:05+00:00","og_image":[{"width":1300,"height":879,"url":"https:\/\/www.cempulik.eu\/shop\/wp-content\/uploads\/2023\/08\/granitowa_rama_obrzeze_small.jpg","type":"image\/jpeg"}],"twitter_card":"summary_large_image","twitter_misc":{"Cena":"200,00&nbsp;&#122;&#322;","Dost\u0119pno\u015b\u0107":"Dost\u0119pny"},"schema":{"@context":"https:\/\/schema.org","@graph":[{"@type":"WebPage","@id":"https:\/\/www.cempulik.eu\/shop\/produkt\/mala-granitowa-rama-granitowe-obrzeze-na-cmentarz-dla-zwierzat\/","url":"https:\/\/www.cempulik.eu\/shop\/produkt\/mala-granitowa-rama-granitowe-obrzeze-na-cmentarz-dla-zwierzat\/","name":"Ma\u0142a Granitowa rama, granitowe obrze\u017ce na cmentarz dla zwierz\u0105t - Producent Nagrobk\u00f3w dla Zwierz\u0105t | Tablice i Portrety Nagrobne","isPartOf":{"@id":"https:\/\/www.cempulik.eu\/shop\/#website"},"primaryImageOfPage":{"@id":"https:\/\/www.cempulik.eu\/shop\/produkt\/mala-granitowa-rama-granitowe-obrzeze-na-cmentarz-dla-zwierzat\/#primaryimage"},"image":{"@id":"https:\/\/www.cempulik.eu\/shop\/produkt\/mala-granitowa-rama-granitowe-obrzeze-na-cmentarz-dla-zwierzat\/#primaryimage"},"thumbnailUrl":"https:\/\/www.cempulik.eu\/shop\/wp-content\/uploads\/2023\/08\/granitowa_rama_obrzeze_small.jpg","datePublished":"2025-07-01T11:35:35+00:00","dateModified":"2026-04-19T12:50:05+00:00","breadcrumb":{"@id":"https:\/\/www.cempulik.eu\/shop\/produkt\/mala-granitowa-rama-granitowe-obrzeze-na-cmentarz-dla-zwierzat\/#breadcrumb"},"inLanguage":"pl-PL","potentialAction":[{"@type":"ReadAction","target":["https:\/\/www.cempulik.eu\/shop\/produkt\/mala-granitowa-rama-granitowe-obrzeze-na-cmentarz-dla-zwierzat\/"]}]},{"@type":"ImageObject","inLanguage":"pl-PL","@id":"https:\/\/www.cempulik.eu\/shop\/produkt\/mala-granitowa-rama-granitowe-obrzeze-na-cmentarz-dla-zwierzat\/#primaryimage","url":"https:\/\/www.cempulik.eu\/shop\/wp-content\/uploads\/2023\/08\/granitowa_rama_obrzeze_small.jpg","contentUrl":"https:\/\/www.cempulik.eu\/shop\/wp-content\/uploads\/2023\/08\/granitowa_rama_obrzeze_small.jpg","width":1300,"height":879,"caption":"Ma\u0142a Granitowa rama, granitowe obrze\u017ce na cmentarz dla zwierz\u0105t"},{"@type":"BreadcrumbList","@id":"https:\/\/www.cempulik.eu\/shop\/produkt\/mala-granitowa-rama-granitowe-obrzeze-na-cmentarz-dla-zwierzat\/#breadcrumb","itemListElement":[{"@type":"ListItem","position":1,"name":"shop","item":"https:\/\/www.cempulik.eu\/shop\/"},{"@type":"ListItem","position":2,"name":"Ma\u0142a Granitowa rama, granitowe obrze\u017ce na cmentarz dla zwierz\u0105t"}]},{"@type":"WebSite","@id":"https:\/\/www.cempulik.eu\/shop\/#website","url":"https:\/\/www.cempulik.eu\/shop\/","name":"Producent Nagrobk\u00f3w dla Zwierz\u0105t | Tablice i Portrety Nagrobne","description":"","publisher":{"@id":"https:\/\/www.cempulik.eu\/shop\/#organization"},"potentialAction":[{"@type":"SearchAction","target":{"@type":"EntryPoint","urlTemplate":"https:\/\/www.cempulik.eu\/shop\/?s={search_term_string}"},"query-input":{"@type":"PropertyValueSpecification","valueRequired":true,"valueName":"search_term_string"}}],"inLanguage":"pl-PL"},{"@type":["Organization","Place"],"@id":"https:\/\/www.cempulik.eu\/shop\/#organization","name":"Us\u0142ugi Kamieniarskie Cempulik Stanis\u0142aw","url":"https:\/\/www.cempulik.eu\/shop\/","logo":{"@id":"https:\/\/www.cempulik.eu\/shop\/produkt\/mala-granitowa-rama-granitowe-obrzeze-na-cmentarz-dla-zwierzat\/#local-main-organization-logo"},"image":{"@id":"https:\/\/www.cempulik.eu\/shop\/produkt\/mala-granitowa-rama-granitowe-obrzeze-na-cmentarz-dla-zwierzat\/#local-main-organization-logo"},"sameAs":["https:\/\/m.facebook.com\/profile.php?id=100063565541500&_rdr"],"address":{"@id":"https:\/\/www.cempulik.eu\/shop\/produkt\/mala-granitowa-rama-granitowe-obrzeze-na-cmentarz-dla-zwierzat\/#local-main-place-address"},"telephone":["+48698936157"],"contactPoint":{"@type":"ContactPoint","telephone":"+48698936157","email":"firma@cempulik.eu"},"openingHoursSpecification":[{"@type":"OpeningHoursSpecification","dayOfWeek":["Monday","Tuesday","Wednesday","Thursday","Friday","Saturday","Sunday"],"opens":"07:00","closes":"16:00"}],"email":"firma@cempulik.eu","taxID":"6261055842"},{"@type":"PostalAddress","@id":"https:\/\/www.cempulik.eu\/shop\/produkt\/mala-granitowa-rama-granitowe-obrzeze-na-cmentarz-dla-zwierzat\/#local-main-place-address","streetAddress":"Drzewna 23","addressLocality":"Bytom","postalCode":"41-935","addressRegion":"\u015al\u0105skie","addressCountry":"PL"},{"@type":"ImageObject","inLanguage":"pl-PL","@id":"https:\/\/www.cempulik.eu\/shop\/produkt\/mala-granitowa-rama-granitowe-obrzeze-na-cmentarz-dla-zwierzat\/#local-main-organization-logo","url":"https:\/\/www.cempulik.eu\/shop\/wp-content\/uploads\/2023\/02\/cropped-logo_footer__.png","contentUrl":"https:\/\/www.cempulik.eu\/shop\/wp-content\/uploads\/2023\/02\/cropped-logo_footer__.png","width":512,"height":512,"caption":"Us\u0142ugi Kamieniarskie Cempulik Stanis\u0142aw"}]},"product_price_amount":"200.00","product_price_currency":"PLN","og_availability":"instock","product_availability":"instock","product_retailer_item_id":"spos\u00f3b monta\u017cu 1-1-1","product_condition":"new","geo.placename":"Bytom","geo.region":"Polska"},"lang":"pl","translations":{"pl":4644},"pll_sync_post":[],"_links":{"self":[{"href":"https:\/\/www.cempulik.eu\/shop\/wp-json\/wp\/v2\/product\/4644","targetHints":{"allow":["GET"]}}],"collection":[{"href":"https:\/\/www.cempulik.eu\/shop\/wp-json\/wp\/v2\/product"}],"about":[{"href":"https:\/\/www.cempulik.eu\/shop\/wp-json\/wp\/v2\/types\/product"}],"replies":[{"embeddable":true,"href":"https:\/\/www.cempulik.eu\/shop\/wp-json\/wp\/v2\/comments?post=4644"}],"wp:featuredmedia":[{"embeddable":true,"href":"https:\/\/www.cempulik.eu\/shop\/wp-json\/wp\/v2\/media\/774"}],"wp:attachment":[{"href":"https:\/\/www.cempulik.eu\/shop\/wp-json\/wp\/v2\/media?parent=4644"}],"wp:term":[{"taxonomy":"product_brand","embeddable":true,"href":"https:\/\/www.cempulik.eu\/shop\/wp-json\/wp\/v2\/product_brand?post=4644"},{"taxonomy":"product_cat","embeddable":true,"href":"https:\/\/www.cempulik.eu\/shop\/wp-json\/wp\/v2\/product_cat?post=4644"},{"taxonomy":"product_tag","embeddable":true,"href":"https:\/\/www.cempulik.eu\/shop\/wp-json\/wp\/v2\/product_tag?post=4644"}],"curies":[{"name":"wp","href":"https:\/\/api.w.org\/{rel}","templated":true}]}}