{"id":5404,"date":"2026-01-13T11:47:40","date_gmt":"2026-01-13T10:47:40","guid":{"rendered":"https:\/\/www.cempulik.eu\/shop\/?post_type=product&#038;p=5404"},"modified":"2026-04-30T16:57:05","modified_gmt":"2026-04-30T14:57:05","slug":"granite-memorial-pillow-light-grey","status":"publish","type":"product","link":"https:\/\/www.cempulik.eu\/shop\/en\/produkt\/granite-memorial-pillow-light-grey\/","title":{"rendered":"Granite Memorial Pillow \u2014 Light Grey (Strzegom)"},"content":{"rendered":"<p>[TL;DR]<br \/>\n&#8211; **Material:** Natural Strzegom Granite (Light Grey)<br \/>\n&#8211; **Shape:** Inclined memorial pillow<br \/>\n&#8211; **Dimensions:** 40&#215;30 cm<br \/>\n&#8211; **Origin:** Poland (Strzegom granite)<\/p>\n<p>[H3] \ud83c\udfd4\ufe0f Polish Strzegom Granite \u2014 Strength and Tradition [\/H3]<\/p>\n<p>The **light grey granite pillow** is a popular choice due to its excellent quality and durability. Its uniform grain and polished surface make it a dignified and easy-to-maintain memorial element.<\/p>\n<div class=\"elite-table-container\">\n<table class=\"elite-table\">\n<thead>\n<tr>\n<th colspan=\"2\">\ud83d\udcca Technical Data \u2014 Light Grey Pillow<\/th>\n<\/tr>\n<\/thead>\n<tbody>\n<tr>\n<td><strong>Material<\/strong><\/td>\n<td>Natural Strzegom Granite (Light Grey)<\/td>\n<\/tr>\n<tr>\n<td><strong>Dimensions<\/strong><\/td>\n<td>40&#215;30 cm<\/td>\n<\/tr>\n<tr>\n<td><strong>Finish<\/strong><\/td>\n<td>Mirror polish<\/td>\n<\/tr>\n<tr>\n<td><strong>Installation<\/strong><\/td>\n<td>Integrated wedge (self-standing)<\/td>\n<\/tr>\n<tr>\n<td><strong>Durability<\/strong><\/td>\n<td>100% frost resistant<\/td>\n<\/tr>\n<\/tbody>\n<\/table>\n<\/div>\n<p>[CTA]<br \/>\n**Contact us for a personalized inscription on this classic granite pillow.**<\/p>\n","protected":false},"excerpt":{"rendered":"<p>Durable and aesthetic **memorial pillow** made from natural Strzegom granite. Classic light grey color, fully frost-resistant, and elegant mirror polish.<\/p>\n","protected":false},"featured_media":6966,"comment_status":"closed","ping_status":"closed","template":"","meta":{"site-sidebar-layout":"default","site-content-layout":"","ast-site-content-layout":"default","site-content-style":"default","site-sidebar-style":"default","ast-global-header-display":"","ast-banner-title-visibility":"","ast-main-header-display":"","ast-hfb-above-header-display":"","ast-hfb-below-header-display":"","ast-hfb-mobile-header-display":"","site-post-title":"","ast-breadcrumbs-content":"","ast-featured-img":"","footer-sml-layout":"","ast-disable-related-posts":"","theme-transparent-header-meta":"default","adv-header-id-meta":"","stick-header-meta":"","header-above-stick-meta":"","header-main-stick-meta":"","header-below-stick-meta":"","astra-migrate-meta-layouts":"set","ast-page-background-enabled":"default","ast-page-background-meta":{"desktop":{"background-color":"var(--ast-global-color-4)","background-image":"","background-repeat":"repeat","background-position":"center center","background-size":"auto","background-attachment":"scroll","background-type":"","background-media":"","overlay-type":"","overlay-color":"","overlay-opacity":"","overlay-gradient":""},"tablet":{"background-color":"","background-image":"","background-repeat":"repeat","background-position":"center center","background-size":"auto","background-attachment":"scroll","background-type":"","background-media":"","overlay-type":"","overlay-color":"","overlay-opacity":"","overlay-gradient":""},"mobile":{"background-color":"","background-image":"","background-repeat":"repeat","background-position":"center center","background-size":"auto","background-attachment":"scroll","background-type":"","background-media":"","overlay-type":"","overlay-color":"","overlay-opacity":"","overlay-gradient":""}},"ast-content-background-meta":{"desktop":{"background-color":"var(--ast-global-color-5)","background-image":"","background-repeat":"repeat","background-position":"center center","background-size":"auto","background-attachment":"scroll","background-type":"","background-media":"","overlay-type":"","overlay-color":"","overlay-opacity":"","overlay-gradient":""},"tablet":{"background-color":"var(--ast-global-color-5)","background-image":"","background-repeat":"repeat","background-position":"center center","background-size":"auto","background-attachment":"scroll","background-type":"","background-media":"","overlay-type":"","overlay-color":"","overlay-opacity":"","overlay-gradient":""},"mobile":{"background-color":"var(--ast-global-color-5)","background-image":"","background-repeat":"repeat","background-position":"center center","background-size":"auto","background-attachment":"scroll","background-type":"","background-media":"","overlay-type":"","overlay-color":"","overlay-opacity":"","overlay-gradient":""}}},"product_brand":[],"product_cat":[569],"product_tag":[571,574,577,580,583,586,589,592,595,598],"class_list":{"0":"post-5404","1":"product","2":"type-product","3":"status-publish","4":"has-post-thumbnail","6":"product_cat-granite-pillow-headstone","7":"product_tag-akcesoria-cmentarne","8":"product_tag-dekoracje-grobu","9":"product_tag-eleganckie-poduszki","10":"product_tag-granitowa-poduszka","11":"product_tag-kamienne-ozdoby","12":"product_tag-ozdoby-nagrobne","13":"product_tag-poduszka-dekoracyjna-nagrobna","14":"product_tag-poduszka-na-gralb","15":"product_tag-poduszki-granitowe","16":"product_tag-poduszki-nagrobne","17":"product_shipping_class-firma-kurierska","18":"desktop-align-center","19":"tablet-align-left","20":"mobile-align-left","21":"ast-product-gallery-layout-horizontal-slider","22":"ast-product-gallery-with-no-image","23":"ast-product-single-variable","24":"ast-product-tabs-layout-horizontal","26":"first","27":"instock","28":"shipping-taxable","29":"purchasable","30":"product-type-variable","31":"has-default-attributes"},"yoast_head":"<!-- This site is optimized with the Yoast SEO Premium plugin v26.7 (Yoast SEO v26.7) - https:\/\/yoast.com\/wordpress\/plugins\/seo\/ -->\n<title>Light Grey Granite Memorial Pillow Custom Engraved Headstone<\/title>\n<meta name=\"description\" content=\"Discover our beautiful light grey granite memorial pillows. We offer custom engraving to create a lasting and elegant headstone tribute for your loved ones.\" \/>\n<meta name=\"robots\" content=\"index, follow, max-snippet:-1, max-image-preview:large, max-video-preview:-1\" \/>\n<link rel=\"canonical\" href=\"https:\/\/www.cempulik.eu\/shop\/en\/produkt\/granite-memorial-pillow-light-grey\/\" \/>\n<meta property=\"og:locale\" content=\"pl_PL\" \/>\n<meta property=\"og:type\" content=\"article\" \/>\n<meta property=\"og:title\" content=\"Light Grey Granite Memorial Pillow Custom Engraved Headstone\" \/>\n<meta property=\"og:description\" content=\"Discover our beautiful light grey granite memorial pillows. We offer custom engraving to create a lasting and elegant headstone tribute for your loved ones.\" \/>\n<meta property=\"og:url\" content=\"https:\/\/www.cempulik.eu\/shop\/en\/produkt\/granite-memorial-pillow-light-grey\/\" \/>\n<meta property=\"og:site_name\" content=\"Producent Nagrobk\u00f3w dla Zwierz\u0105t | Tablice i Portrety Nagrobne\" \/>\n<meta property=\"article:publisher\" content=\"https:\/\/m.facebook.com\/profile.php?id=100063565541500&amp;_rdr\" \/>\n<meta property=\"article:modified_time\" content=\"2026-04-30T14:57:05+00:00\" \/>\n<meta property=\"og:image\" content=\"https:\/\/www.cempulik.eu\/shop\/wp-content\/uploads\/2026\/04\/poduszka_strzeg_1_znak-7.webp\" \/>\n\t<meta property=\"og:image:width\" content=\"1200\" \/>\n\t<meta property=\"og:image:height\" content=\"930\" \/>\n\t<meta property=\"og:image:type\" content=\"image\/webp\" \/>\n<meta name=\"twitter:card\" content=\"summary_large_image\" \/>\n<meta name=\"twitter:label1\" content=\"Dost\u0119pno\u015b\u0107\" \/>\n\t<meta name=\"twitter:data1\" content=\"Dost\u0119pny\" \/>\n<script type=\"application\/ld+json\" class=\"yoast-schema-graph\">{\"@context\":\"https:\/\/schema.org\",\"@graph\":[{\"@type\":\"WebPage\",\"@id\":\"https:\/\/www.cempulik.eu\/shop\/en\/produkt\/granite-memorial-pillow-light-grey\/\",\"url\":\"https:\/\/www.cempulik.eu\/shop\/en\/produkt\/granite-memorial-pillow-light-grey\/\",\"name\":\"Light Grey Granite Memorial Pillow Custom Engraved Headstone\",\"isPartOf\":{\"@id\":\"https:\/\/www.cempulik.eu\/shop\/#website\"},\"primaryImageOfPage\":{\"@id\":\"https:\/\/www.cempulik.eu\/shop\/en\/produkt\/granite-memorial-pillow-light-grey\/#primaryimage\"},\"image\":{\"@id\":\"https:\/\/www.cempulik.eu\/shop\/en\/produkt\/granite-memorial-pillow-light-grey\/#primaryimage\"},\"thumbnailUrl\":\"https:\/\/www.cempulik.eu\/shop\/wp-content\/uploads\/2026\/04\/poduszka_strzeg_1_znak-7.webp\",\"datePublished\":\"2026-01-13T10:47:40+00:00\",\"dateModified\":\"2026-04-30T14:57:05+00:00\",\"description\":\"Discover our beautiful light grey granite memorial pillows. We offer custom engraving to create a lasting and elegant headstone tribute for your loved ones.\",\"breadcrumb\":{\"@id\":\"https:\/\/www.cempulik.eu\/shop\/en\/produkt\/granite-memorial-pillow-light-grey\/#breadcrumb\"},\"inLanguage\":\"pl-PL\",\"potentialAction\":[{\"@type\":\"ReadAction\",\"target\":[\"https:\/\/www.cempulik.eu\/shop\/en\/produkt\/granite-memorial-pillow-light-grey\/\"]}]},{\"@type\":\"ImageObject\",\"inLanguage\":\"pl-PL\",\"@id\":\"https:\/\/www.cempulik.eu\/shop\/en\/produkt\/granite-memorial-pillow-light-grey\/#primaryimage\",\"url\":\"https:\/\/www.cempulik.eu\/shop\/wp-content\/uploads\/2026\/04\/poduszka_strzeg_1_znak-7.webp\",\"contentUrl\":\"https:\/\/www.cempulik.eu\/shop\/wp-content\/uploads\/2026\/04\/poduszka_strzeg_1_znak-7.webp\",\"width\":1200,\"height\":930},{\"@type\":\"BreadcrumbList\",\"@id\":\"https:\/\/www.cempulik.eu\/shop\/en\/produkt\/granite-memorial-pillow-light-grey\/#breadcrumb\",\"itemListElement\":[{\"@type\":\"ListItem\",\"position\":1,\"name\":\"shop\",\"item\":\"https:\/\/www.cempulik.eu\/shop\/\"},{\"@type\":\"ListItem\",\"position\":2,\"name\":\"Granite Memorial Pillow \u2014 Light Grey (Strzegom)\"}]},{\"@type\":\"WebSite\",\"@id\":\"https:\/\/www.cempulik.eu\/shop\/#website\",\"url\":\"https:\/\/www.cempulik.eu\/shop\/\",\"name\":\"Producent Nagrobk\u00f3w dla Zwierz\u0105t | Tablice i Portrety Nagrobne\",\"description\":\"\",\"publisher\":{\"@id\":\"https:\/\/www.cempulik.eu\/shop\/#organization\"},\"potentialAction\":[{\"@type\":\"SearchAction\",\"target\":{\"@type\":\"EntryPoint\",\"urlTemplate\":\"https:\/\/www.cempulik.eu\/shop\/?s={search_term_string}\"},\"query-input\":{\"@type\":\"PropertyValueSpecification\",\"valueRequired\":true,\"valueName\":\"search_term_string\"}}],\"inLanguage\":\"pl-PL\"},{\"@type\":[\"Organization\",\"Place\"],\"@id\":\"https:\/\/www.cempulik.eu\/shop\/#organization\",\"name\":\"Us\u0142ugi Kamieniarskie Cempulik Stanis\u0142aw\",\"url\":\"https:\/\/www.cempulik.eu\/shop\/\",\"logo\":{\"@id\":\"https:\/\/www.cempulik.eu\/shop\/en\/produkt\/granite-memorial-pillow-light-grey\/#local-main-organization-logo\"},\"image\":{\"@id\":\"https:\/\/www.cempulik.eu\/shop\/en\/produkt\/granite-memorial-pillow-light-grey\/#local-main-organization-logo\"},\"sameAs\":[\"https:\/\/m.facebook.com\/profile.php?id=100063565541500&_rdr\"],\"address\":{\"@id\":\"https:\/\/www.cempulik.eu\/shop\/en\/produkt\/granite-memorial-pillow-light-grey\/#local-main-place-address\"},\"telephone\":[\"+48698936157\"],\"contactPoint\":{\"@type\":\"ContactPoint\",\"telephone\":\"+48698936157\",\"email\":\"firma@cempulik.eu\"},\"openingHoursSpecification\":[{\"@type\":\"OpeningHoursSpecification\",\"dayOfWeek\":[\"Monday\",\"Tuesday\",\"Wednesday\",\"Thursday\",\"Friday\",\"Saturday\",\"Sunday\"],\"opens\":\"07:00\",\"closes\":\"16:00\"}],\"email\":\"firma@cempulik.eu\",\"taxID\":\"6261055842\"},{\"@type\":\"PostalAddress\",\"@id\":\"https:\/\/www.cempulik.eu\/shop\/en\/produkt\/granite-memorial-pillow-light-grey\/#local-main-place-address\",\"streetAddress\":\"Drzewna 23\",\"addressLocality\":\"Bytom\",\"postalCode\":\"41-935\",\"addressRegion\":\"\u015al\u0105skie\",\"addressCountry\":\"PL\"},{\"@type\":\"ImageObject\",\"inLanguage\":\"pl-PL\",\"@id\":\"https:\/\/www.cempulik.eu\/shop\/en\/produkt\/granite-memorial-pillow-light-grey\/#local-main-organization-logo\",\"url\":\"https:\/\/www.cempulik.eu\/shop\/wp-content\/uploads\/2023\/02\/cropped-logo_footer__.png\",\"contentUrl\":\"https:\/\/www.cempulik.eu\/shop\/wp-content\/uploads\/2023\/02\/cropped-logo_footer__.png\",\"width\":512,\"height\":512,\"caption\":\"Us\u0142ugi Kamieniarskie Cempulik Stanis\u0142aw\"}]}<\/script>\n<meta property=\"og:availability\" content=\"instock\" \/>\n<meta property=\"product:availability\" content=\"instock\" \/>\n<meta property=\"product:retailer_item_id\" content=\"poduszka_strzeg\" \/>\n<meta property=\"product:condition\" content=\"new\" \/>\n<meta name=\"geo.placename\" content=\"Bytom\" \/>\n<meta name=\"geo.region\" content=\"Polska\" \/>\n<!-- \/ Yoast SEO Premium plugin. -->","yoast_head_json":{"title":"Light Grey Granite Memorial Pillow Custom Engraved Headstone","description":"Discover our beautiful light grey granite memorial pillows. We offer custom engraving to create a lasting and elegant headstone tribute for your loved ones.","robots":{"index":"index","follow":"follow","max-snippet":"max-snippet:-1","max-image-preview":"max-image-preview:large","max-video-preview":"max-video-preview:-1"},"canonical":"https:\/\/www.cempulik.eu\/shop\/en\/produkt\/granite-memorial-pillow-light-grey\/","og_locale":"pl_PL","og_type":"article","og_title":"Light Grey Granite Memorial Pillow Custom Engraved Headstone","og_description":"Discover our beautiful light grey granite memorial pillows. We offer custom engraving to create a lasting and elegant headstone tribute for your loved ones.","og_url":"https:\/\/www.cempulik.eu\/shop\/en\/produkt\/granite-memorial-pillow-light-grey\/","og_site_name":"Producent Nagrobk\u00f3w dla Zwierz\u0105t | Tablice i Portrety Nagrobne","article_publisher":"https:\/\/m.facebook.com\/profile.php?id=100063565541500&_rdr","article_modified_time":"2026-04-30T14:57:05+00:00","og_image":[{"width":1200,"height":930,"url":"https:\/\/www.cempulik.eu\/shop\/wp-content\/uploads\/2026\/04\/poduszka_strzeg_1_znak-7.webp","type":"image\/webp"}],"twitter_card":"summary_large_image","twitter_misc":{"Dost\u0119pno\u015b\u0107":"Dost\u0119pny"},"schema":{"@context":"https:\/\/schema.org","@graph":[{"@type":"WebPage","@id":"https:\/\/www.cempulik.eu\/shop\/en\/produkt\/granite-memorial-pillow-light-grey\/","url":"https:\/\/www.cempulik.eu\/shop\/en\/produkt\/granite-memorial-pillow-light-grey\/","name":"Light Grey Granite Memorial Pillow Custom Engraved Headstone","isPartOf":{"@id":"https:\/\/www.cempulik.eu\/shop\/#website"},"primaryImageOfPage":{"@id":"https:\/\/www.cempulik.eu\/shop\/en\/produkt\/granite-memorial-pillow-light-grey\/#primaryimage"},"image":{"@id":"https:\/\/www.cempulik.eu\/shop\/en\/produkt\/granite-memorial-pillow-light-grey\/#primaryimage"},"thumbnailUrl":"https:\/\/www.cempulik.eu\/shop\/wp-content\/uploads\/2026\/04\/poduszka_strzeg_1_znak-7.webp","datePublished":"2026-01-13T10:47:40+00:00","dateModified":"2026-04-30T14:57:05+00:00","description":"Discover our beautiful light grey granite memorial pillows. We offer custom engraving to create a lasting and elegant headstone tribute for your loved ones.","breadcrumb":{"@id":"https:\/\/www.cempulik.eu\/shop\/en\/produkt\/granite-memorial-pillow-light-grey\/#breadcrumb"},"inLanguage":"pl-PL","potentialAction":[{"@type":"ReadAction","target":["https:\/\/www.cempulik.eu\/shop\/en\/produkt\/granite-memorial-pillow-light-grey\/"]}]},{"@type":"ImageObject","inLanguage":"pl-PL","@id":"https:\/\/www.cempulik.eu\/shop\/en\/produkt\/granite-memorial-pillow-light-grey\/#primaryimage","url":"https:\/\/www.cempulik.eu\/shop\/wp-content\/uploads\/2026\/04\/poduszka_strzeg_1_znak-7.webp","contentUrl":"https:\/\/www.cempulik.eu\/shop\/wp-content\/uploads\/2026\/04\/poduszka_strzeg_1_znak-7.webp","width":1200,"height":930},{"@type":"BreadcrumbList","@id":"https:\/\/www.cempulik.eu\/shop\/en\/produkt\/granite-memorial-pillow-light-grey\/#breadcrumb","itemListElement":[{"@type":"ListItem","position":1,"name":"shop","item":"https:\/\/www.cempulik.eu\/shop\/"},{"@type":"ListItem","position":2,"name":"Granite Memorial Pillow \u2014 Light Grey (Strzegom)"}]},{"@type":"WebSite","@id":"https:\/\/www.cempulik.eu\/shop\/#website","url":"https:\/\/www.cempulik.eu\/shop\/","name":"Producent Nagrobk\u00f3w dla Zwierz\u0105t | Tablice i Portrety Nagrobne","description":"","publisher":{"@id":"https:\/\/www.cempulik.eu\/shop\/#organization"},"potentialAction":[{"@type":"SearchAction","target":{"@type":"EntryPoint","urlTemplate":"https:\/\/www.cempulik.eu\/shop\/?s={search_term_string}"},"query-input":{"@type":"PropertyValueSpecification","valueRequired":true,"valueName":"search_term_string"}}],"inLanguage":"pl-PL"},{"@type":["Organization","Place"],"@id":"https:\/\/www.cempulik.eu\/shop\/#organization","name":"Us\u0142ugi Kamieniarskie Cempulik Stanis\u0142aw","url":"https:\/\/www.cempulik.eu\/shop\/","logo":{"@id":"https:\/\/www.cempulik.eu\/shop\/en\/produkt\/granite-memorial-pillow-light-grey\/#local-main-organization-logo"},"image":{"@id":"https:\/\/www.cempulik.eu\/shop\/en\/produkt\/granite-memorial-pillow-light-grey\/#local-main-organization-logo"},"sameAs":["https:\/\/m.facebook.com\/profile.php?id=100063565541500&_rdr"],"address":{"@id":"https:\/\/www.cempulik.eu\/shop\/en\/produkt\/granite-memorial-pillow-light-grey\/#local-main-place-address"},"telephone":["+48698936157"],"contactPoint":{"@type":"ContactPoint","telephone":"+48698936157","email":"firma@cempulik.eu"},"openingHoursSpecification":[{"@type":"OpeningHoursSpecification","dayOfWeek":["Monday","Tuesday","Wednesday","Thursday","Friday","Saturday","Sunday"],"opens":"07:00","closes":"16:00"}],"email":"firma@cempulik.eu","taxID":"6261055842"},{"@type":"PostalAddress","@id":"https:\/\/www.cempulik.eu\/shop\/en\/produkt\/granite-memorial-pillow-light-grey\/#local-main-place-address","streetAddress":"Drzewna 23","addressLocality":"Bytom","postalCode":"41-935","addressRegion":"\u015al\u0105skie","addressCountry":"PL"},{"@type":"ImageObject","inLanguage":"pl-PL","@id":"https:\/\/www.cempulik.eu\/shop\/en\/produkt\/granite-memorial-pillow-light-grey\/#local-main-organization-logo","url":"https:\/\/www.cempulik.eu\/shop\/wp-content\/uploads\/2023\/02\/cropped-logo_footer__.png","contentUrl":"https:\/\/www.cempulik.eu\/shop\/wp-content\/uploads\/2023\/02\/cropped-logo_footer__.png","width":512,"height":512,"caption":"Us\u0142ugi Kamieniarskie Cempulik Stanis\u0142aw"}]},"og_availability":"instock","product_availability":"instock","product_retailer_item_id":"poduszka_strzeg","product_condition":"new","geo.placename":"Bytom","geo.region":"Polska"},"lang":"en","translations":{"en":5404,"pl":2888,"de":5412},"pll_sync_post":[],"_links":{"self":[{"href":"https:\/\/www.cempulik.eu\/shop\/wp-json\/wp\/v2\/product\/5404","targetHints":{"allow":["GET"]}}],"collection":[{"href":"https:\/\/www.cempulik.eu\/shop\/wp-json\/wp\/v2\/product"}],"about":[{"href":"https:\/\/www.cempulik.eu\/shop\/wp-json\/wp\/v2\/types\/product"}],"replies":[{"embeddable":true,"href":"https:\/\/www.cempulik.eu\/shop\/wp-json\/wp\/v2\/comments?post=5404"}],"wp:featuredmedia":[{"embeddable":true,"href":"https:\/\/www.cempulik.eu\/shop\/wp-json\/wp\/v2\/media\/6966"}],"wp:attachment":[{"href":"https:\/\/www.cempulik.eu\/shop\/wp-json\/wp\/v2\/media?parent=5404"}],"wp:term":[{"taxonomy":"product_brand","embeddable":true,"href":"https:\/\/www.cempulik.eu\/shop\/wp-json\/wp\/v2\/product_brand?post=5404"},{"taxonomy":"product_cat","embeddable":true,"href":"https:\/\/www.cempulik.eu\/shop\/wp-json\/wp\/v2\/product_cat?post=5404"},{"taxonomy":"product_tag","embeddable":true,"href":"https:\/\/www.cempulik.eu\/shop\/wp-json\/wp\/v2\/product_tag?post=5404"}],"curies":[{"name":"wp","href":"https:\/\/api.w.org\/{rel}","templated":true}]}}