{"id":5518,"date":"2026-01-13T16:51:52","date_gmt":"2026-01-13T15:51:52","guid":{"rendered":"https:\/\/www.cempulik.eu\/shop\/?post_type=product&#038;p=5518"},"modified":"2026-04-21T12:22:57","modified_gmt":"2026-04-21T10:22:57","slug":"grosses-grabherz-aus-granit-geneigt","status":"publish","type":"product","link":"https:\/\/www.cempulik.eu\/shop\/de\/produkt\/grosses-grabherz-aus-granit-geneigt\/","title":{"rendered":"Gro\u00dfes Grabherz aus Granit &#8211; Geneigt (40&#215;35)"},"content":{"rendered":"<div class=\"elite-standard-v24\">\n[H3] \ud83d\udc96 Gro\u00dfes Granitherz \u2013 Ein Symbol ewiger Liebe [\/H3]\n<\/div>\n","protected":false},"excerpt":{"rendered":"<p>Hochwertiges Granitherz mit St\u00fctzkeil.<\/p>\n","protected":false},"featured_media":2010,"comment_status":"open","ping_status":"closed","template":"","meta":{"site-sidebar-layout":"default","site-content-layout":"","ast-site-content-layout":"default","site-content-style":"default","site-sidebar-style":"default","ast-global-header-display":"","ast-banner-title-visibility":"","ast-main-header-display":"","ast-hfb-above-header-display":"","ast-hfb-below-header-display":"","ast-hfb-mobile-header-display":"","site-post-title":"","ast-breadcrumbs-content":"","ast-featured-img":"","footer-sml-layout":"","ast-disable-related-posts":"","theme-transparent-header-meta":"default","adv-header-id-meta":"","stick-header-meta":"","header-above-stick-meta":"","header-main-stick-meta":"","header-below-stick-meta":"","astra-migrate-meta-layouts":"set","ast-page-background-enabled":"default","ast-page-background-meta":{"desktop":{"background-color":"var(--ast-global-color-4)","background-image":"","background-repeat":"repeat","background-position":"center center","background-size":"auto","background-attachment":"scroll","background-type":"","background-media":"","overlay-type":"","overlay-color":"","overlay-opacity":"","overlay-gradient":""},"tablet":{"background-color":"","background-image":"","background-repeat":"repeat","background-position":"center center","background-size":"auto","background-attachment":"scroll","background-type":"","background-media":"","overlay-type":"","overlay-color":"","overlay-opacity":"","overlay-gradient":""},"mobile":{"background-color":"","background-image":"","background-repeat":"repeat","background-position":"center center","background-size":"auto","background-attachment":"scroll","background-type":"","background-media":"","overlay-type":"","overlay-color":"","overlay-opacity":"","overlay-gradient":""}},"ast-content-background-meta":{"desktop":{"background-color":"var(--ast-global-color-5)","background-image":"","background-repeat":"repeat","background-position":"center center","background-size":"auto","background-attachment":"scroll","background-type":"","background-media":"","overlay-type":"","overlay-color":"","overlay-opacity":"","overlay-gradient":""},"tablet":{"background-color":"var(--ast-global-color-5)","background-image":"","background-repeat":"repeat","background-position":"center center","background-size":"auto","background-attachment":"scroll","background-type":"","background-media":"","overlay-type":"","overlay-color":"","overlay-opacity":"","overlay-gradient":""},"mobile":{"background-color":"var(--ast-global-color-5)","background-image":"","background-repeat":"repeat","background-position":"center center","background-size":"auto","background-attachment":"scroll","background-type":"","background-media":"","overlay-type":"","overlay-color":"","overlay-opacity":"","overlay-gradient":""}}},"product_brand":[],"product_cat":[332],"product_tag":[],"class_list":{"0":"post-5518","1":"product","2":"type-product","3":"status-publish","4":"has-post-thumbnail","6":"product_cat-motiv-grabsteine-fuer-haustiere","7":"desktop-align-center","8":"tablet-align-left","9":"mobile-align-left","10":"ast-product-gallery-layout-horizontal-slider","11":"ast-product-tabs-layout-horizontal","13":"first","14":"instock","15":"shipping-taxable","16":"purchasable","17":"product-type-simple"},"yoast_head":"<!-- This site is optimized with the Yoast SEO Premium plugin v26.7 (Yoast SEO v26.7) - https:\/\/yoast.com\/wordpress\/plugins\/seo\/ -->\n<title>Schr\u00e4ges Grabherz aus Granit Gedenkstein f\u00fcr Haustiere<\/title>\n<meta name=\"description\" content=\"Majest\u00e4tisches gro\u00dfes Granit-Grabherz. Langlebiges Grabmal mit kostenloser Gravur und Visualisierung. Ein Symbol ewiger Liebe und Erinnerung.\" \/>\n<meta name=\"robots\" content=\"index, follow, max-snippet:-1, max-image-preview:large, max-video-preview:-1\" \/>\n<link rel=\"canonical\" href=\"https:\/\/www.cempulik.eu\/shop\/de\/produkt\/grosses-grabherz-aus-granit-geneigt\/\" \/>\n<meta property=\"og:locale\" content=\"pl_PL\" \/>\n<meta property=\"og:type\" content=\"article\" \/>\n<meta property=\"og:title\" content=\"Schr\u00e4ges Grabherz aus Granit Gedenkstein f\u00fcr Haustiere\" \/>\n<meta property=\"og:description\" content=\"Majest\u00e4tisches gro\u00dfes Granit-Grabherz. Langlebiges Grabmal mit kostenloser Gravur und Visualisierung. Ein Symbol ewiger Liebe und Erinnerung.\" \/>\n<meta property=\"og:url\" content=\"https:\/\/www.cempulik.eu\/shop\/de\/produkt\/grosses-grabherz-aus-granit-geneigt\/\" \/>\n<meta property=\"og:site_name\" content=\"Producent Nagrobk\u00f3w dla Zwierz\u0105t | Tablice i Portrety Nagrobne\" \/>\n<meta property=\"article:publisher\" content=\"https:\/\/m.facebook.com\/profile.php?id=100063565541500&amp;_rdr\" \/>\n<meta property=\"article:modified_time\" content=\"2026-04-21T10:22:57+00:00\" \/>\n<meta property=\"og:image\" content=\"https:\/\/www.cempulik.eu\/shop\/wp-content\/uploads\/2023\/02\/serce_pochylone_dyzia640.webp\" \/>\n\t<meta property=\"og:image:width\" content=\"640\" \/>\n\t<meta property=\"og:image:height\" content=\"460\" \/>\n\t<meta property=\"og:image:type\" content=\"image\/webp\" \/>\n<meta name=\"twitter:card\" content=\"summary_large_image\" \/>\n<meta name=\"twitter:label1\" content=\"Cena\" \/>\n\t<meta name=\"twitter:data1\" content=\"690,00&nbsp;&#122;&#322;\" \/>\n\t<meta name=\"twitter:label2\" content=\"Dost\u0119pno\u015b\u0107\" \/>\n\t<meta name=\"twitter:data2\" content=\"Dost\u0119pny\" \/>\n<script type=\"application\/ld+json\" class=\"yoast-schema-graph\">{\"@context\":\"https:\/\/schema.org\",\"@graph\":[{\"@type\":\"WebPage\",\"@id\":\"https:\/\/www.cempulik.eu\/shop\/de\/produkt\/grosses-grabherz-aus-granit-geneigt\/\",\"url\":\"https:\/\/www.cempulik.eu\/shop\/de\/produkt\/grosses-grabherz-aus-granit-geneigt\/\",\"name\":\"Schr\u00e4ges Grabherz aus Granit Gedenkstein f\u00fcr Haustiere\",\"isPartOf\":{\"@id\":\"https:\/\/www.cempulik.eu\/shop\/#website\"},\"primaryImageOfPage\":{\"@id\":\"https:\/\/www.cempulik.eu\/shop\/de\/produkt\/grosses-grabherz-aus-granit-geneigt\/#primaryimage\"},\"image\":{\"@id\":\"https:\/\/www.cempulik.eu\/shop\/de\/produkt\/grosses-grabherz-aus-granit-geneigt\/#primaryimage\"},\"thumbnailUrl\":\"https:\/\/www.cempulik.eu\/shop\/wp-content\/uploads\/2023\/02\/serce_pochylone_dyzia640.webp\",\"datePublished\":\"2026-01-13T15:51:52+00:00\",\"dateModified\":\"2026-04-21T10:22:57+00:00\",\"description\":\"Majest\u00e4tisches gro\u00dfes Granit-Grabherz. Langlebiges Grabmal mit kostenloser Gravur und Visualisierung. Ein Symbol ewiger Liebe und Erinnerung.\",\"breadcrumb\":{\"@id\":\"https:\/\/www.cempulik.eu\/shop\/de\/produkt\/grosses-grabherz-aus-granit-geneigt\/#breadcrumb\"},\"inLanguage\":\"pl-PL\",\"potentialAction\":[{\"@type\":\"ReadAction\",\"target\":[\"https:\/\/www.cempulik.eu\/shop\/de\/produkt\/grosses-grabherz-aus-granit-geneigt\/\"]}]},{\"@type\":\"ImageObject\",\"inLanguage\":\"pl-PL\",\"@id\":\"https:\/\/www.cempulik.eu\/shop\/de\/produkt\/grosses-grabherz-aus-granit-geneigt\/#primaryimage\",\"url\":\"https:\/\/www.cempulik.eu\/shop\/wp-content\/uploads\/2023\/02\/serce_pochylone_dyzia640.webp\",\"contentUrl\":\"https:\/\/www.cempulik.eu\/shop\/wp-content\/uploads\/2023\/02\/serce_pochylone_dyzia640.webp\",\"width\":640,\"height\":460,\"caption\":\"Serce dla psa o imieniu Dyzia\"},{\"@type\":\"BreadcrumbList\",\"@id\":\"https:\/\/www.cempulik.eu\/shop\/de\/produkt\/grosses-grabherz-aus-granit-geneigt\/#breadcrumb\",\"itemListElement\":[{\"@type\":\"ListItem\",\"position\":1,\"name\":\"shop\",\"item\":\"https:\/\/www.cempulik.eu\/shop\/\"},{\"@type\":\"ListItem\",\"position\":2,\"name\":\"Gro\u00dfes Grabherz aus Granit &#8211; Geneigt (40&#215;35)\"}]},{\"@type\":\"WebSite\",\"@id\":\"https:\/\/www.cempulik.eu\/shop\/#website\",\"url\":\"https:\/\/www.cempulik.eu\/shop\/\",\"name\":\"Producent Nagrobk\u00f3w dla Zwierz\u0105t | Tablice i Portrety Nagrobne\",\"description\":\"\",\"publisher\":{\"@id\":\"https:\/\/www.cempulik.eu\/shop\/#organization\"},\"potentialAction\":[{\"@type\":\"SearchAction\",\"target\":{\"@type\":\"EntryPoint\",\"urlTemplate\":\"https:\/\/www.cempulik.eu\/shop\/?s={search_term_string}\"},\"query-input\":{\"@type\":\"PropertyValueSpecification\",\"valueRequired\":true,\"valueName\":\"search_term_string\"}}],\"inLanguage\":\"pl-PL\"},{\"@type\":[\"Organization\",\"Place\"],\"@id\":\"https:\/\/www.cempulik.eu\/shop\/#organization\",\"name\":\"Us\u0142ugi Kamieniarskie Cempulik Stanis\u0142aw\",\"url\":\"https:\/\/www.cempulik.eu\/shop\/\",\"logo\":{\"@id\":\"https:\/\/www.cempulik.eu\/shop\/de\/produkt\/grosses-grabherz-aus-granit-geneigt\/#local-main-organization-logo\"},\"image\":{\"@id\":\"https:\/\/www.cempulik.eu\/shop\/de\/produkt\/grosses-grabherz-aus-granit-geneigt\/#local-main-organization-logo\"},\"sameAs\":[\"https:\/\/m.facebook.com\/profile.php?id=100063565541500&_rdr\"],\"address\":{\"@id\":\"https:\/\/www.cempulik.eu\/shop\/de\/produkt\/grosses-grabherz-aus-granit-geneigt\/#local-main-place-address\"},\"telephone\":[\"+48698936157\"],\"contactPoint\":{\"@type\":\"ContactPoint\",\"telephone\":\"+48698936157\",\"email\":\"firma@cempulik.eu\"},\"openingHoursSpecification\":[{\"@type\":\"OpeningHoursSpecification\",\"dayOfWeek\":[\"Monday\",\"Tuesday\",\"Wednesday\",\"Thursday\",\"Friday\",\"Saturday\",\"Sunday\"],\"opens\":\"07:00\",\"closes\":\"16:00\"}],\"email\":\"firma@cempulik.eu\",\"taxID\":\"6261055842\"},{\"@type\":\"PostalAddress\",\"@id\":\"https:\/\/www.cempulik.eu\/shop\/de\/produkt\/grosses-grabherz-aus-granit-geneigt\/#local-main-place-address\",\"streetAddress\":\"Drzewna 23\",\"addressLocality\":\"Bytom\",\"postalCode\":\"41-935\",\"addressRegion\":\"\u015al\u0105skie\",\"addressCountry\":\"PL\"},{\"@type\":\"ImageObject\",\"inLanguage\":\"pl-PL\",\"@id\":\"https:\/\/www.cempulik.eu\/shop\/de\/produkt\/grosses-grabherz-aus-granit-geneigt\/#local-main-organization-logo\",\"url\":\"https:\/\/www.cempulik.eu\/shop\/wp-content\/uploads\/2023\/02\/cropped-logo_footer__.png\",\"contentUrl\":\"https:\/\/www.cempulik.eu\/shop\/wp-content\/uploads\/2023\/02\/cropped-logo_footer__.png\",\"width\":512,\"height\":512,\"caption\":\"Us\u0142ugi Kamieniarskie Cempulik Stanis\u0142aw\"}]}<\/script>\n<meta property=\"product:price:amount\" content=\"690.00\" \/>\n<meta property=\"product:price:currency\" content=\"PLN\" \/>\n<meta property=\"og:availability\" content=\"instock\" \/>\n<meta property=\"product:availability\" content=\"instock\" \/>\n<meta property=\"product:retailer_item_id\" content=\"serce_6_L\" \/>\n<meta property=\"product:condition\" content=\"new\" \/>\n<meta name=\"geo.placename\" content=\"Bytom\" \/>\n<meta name=\"geo.region\" content=\"Polska\" \/>\n<!-- \/ Yoast SEO Premium plugin. -->","yoast_head_json":{"title":"Schr\u00e4ges Grabherz aus Granit Gedenkstein f\u00fcr Haustiere","description":"Majest\u00e4tisches gro\u00dfes Granit-Grabherz. Langlebiges Grabmal mit kostenloser Gravur und Visualisierung. Ein Symbol ewiger Liebe und Erinnerung.","robots":{"index":"index","follow":"follow","max-snippet":"max-snippet:-1","max-image-preview":"max-image-preview:large","max-video-preview":"max-video-preview:-1"},"canonical":"https:\/\/www.cempulik.eu\/shop\/de\/produkt\/grosses-grabherz-aus-granit-geneigt\/","og_locale":"pl_PL","og_type":"article","og_title":"Schr\u00e4ges Grabherz aus Granit Gedenkstein f\u00fcr Haustiere","og_description":"Majest\u00e4tisches gro\u00dfes Granit-Grabherz. Langlebiges Grabmal mit kostenloser Gravur und Visualisierung. Ein Symbol ewiger Liebe und Erinnerung.","og_url":"https:\/\/www.cempulik.eu\/shop\/de\/produkt\/grosses-grabherz-aus-granit-geneigt\/","og_site_name":"Producent Nagrobk\u00f3w dla Zwierz\u0105t | Tablice i Portrety Nagrobne","article_publisher":"https:\/\/m.facebook.com\/profile.php?id=100063565541500&_rdr","article_modified_time":"2026-04-21T10:22:57+00:00","og_image":[{"width":640,"height":460,"url":"https:\/\/www.cempulik.eu\/shop\/wp-content\/uploads\/2023\/02\/serce_pochylone_dyzia640.webp","type":"image\/webp"}],"twitter_card":"summary_large_image","twitter_misc":{"Cena":"690,00&nbsp;&#122;&#322;","Dost\u0119pno\u015b\u0107":"Dost\u0119pny"},"schema":{"@context":"https:\/\/schema.org","@graph":[{"@type":"WebPage","@id":"https:\/\/www.cempulik.eu\/shop\/de\/produkt\/grosses-grabherz-aus-granit-geneigt\/","url":"https:\/\/www.cempulik.eu\/shop\/de\/produkt\/grosses-grabherz-aus-granit-geneigt\/","name":"Schr\u00e4ges Grabherz aus Granit Gedenkstein f\u00fcr Haustiere","isPartOf":{"@id":"https:\/\/www.cempulik.eu\/shop\/#website"},"primaryImageOfPage":{"@id":"https:\/\/www.cempulik.eu\/shop\/de\/produkt\/grosses-grabherz-aus-granit-geneigt\/#primaryimage"},"image":{"@id":"https:\/\/www.cempulik.eu\/shop\/de\/produkt\/grosses-grabherz-aus-granit-geneigt\/#primaryimage"},"thumbnailUrl":"https:\/\/www.cempulik.eu\/shop\/wp-content\/uploads\/2023\/02\/serce_pochylone_dyzia640.webp","datePublished":"2026-01-13T15:51:52+00:00","dateModified":"2026-04-21T10:22:57+00:00","description":"Majest\u00e4tisches gro\u00dfes Granit-Grabherz. Langlebiges Grabmal mit kostenloser Gravur und Visualisierung. Ein Symbol ewiger Liebe und Erinnerung.","breadcrumb":{"@id":"https:\/\/www.cempulik.eu\/shop\/de\/produkt\/grosses-grabherz-aus-granit-geneigt\/#breadcrumb"},"inLanguage":"pl-PL","potentialAction":[{"@type":"ReadAction","target":["https:\/\/www.cempulik.eu\/shop\/de\/produkt\/grosses-grabherz-aus-granit-geneigt\/"]}]},{"@type":"ImageObject","inLanguage":"pl-PL","@id":"https:\/\/www.cempulik.eu\/shop\/de\/produkt\/grosses-grabherz-aus-granit-geneigt\/#primaryimage","url":"https:\/\/www.cempulik.eu\/shop\/wp-content\/uploads\/2023\/02\/serce_pochylone_dyzia640.webp","contentUrl":"https:\/\/www.cempulik.eu\/shop\/wp-content\/uploads\/2023\/02\/serce_pochylone_dyzia640.webp","width":640,"height":460,"caption":"Serce dla psa o imieniu Dyzia"},{"@type":"BreadcrumbList","@id":"https:\/\/www.cempulik.eu\/shop\/de\/produkt\/grosses-grabherz-aus-granit-geneigt\/#breadcrumb","itemListElement":[{"@type":"ListItem","position":1,"name":"shop","item":"https:\/\/www.cempulik.eu\/shop\/"},{"@type":"ListItem","position":2,"name":"Gro\u00dfes Grabherz aus Granit &#8211; Geneigt (40&#215;35)"}]},{"@type":"WebSite","@id":"https:\/\/www.cempulik.eu\/shop\/#website","url":"https:\/\/www.cempulik.eu\/shop\/","name":"Producent Nagrobk\u00f3w dla Zwierz\u0105t | Tablice i Portrety Nagrobne","description":"","publisher":{"@id":"https:\/\/www.cempulik.eu\/shop\/#organization"},"potentialAction":[{"@type":"SearchAction","target":{"@type":"EntryPoint","urlTemplate":"https:\/\/www.cempulik.eu\/shop\/?s={search_term_string}"},"query-input":{"@type":"PropertyValueSpecification","valueRequired":true,"valueName":"search_term_string"}}],"inLanguage":"pl-PL"},{"@type":["Organization","Place"],"@id":"https:\/\/www.cempulik.eu\/shop\/#organization","name":"Us\u0142ugi Kamieniarskie Cempulik Stanis\u0142aw","url":"https:\/\/www.cempulik.eu\/shop\/","logo":{"@id":"https:\/\/www.cempulik.eu\/shop\/de\/produkt\/grosses-grabherz-aus-granit-geneigt\/#local-main-organization-logo"},"image":{"@id":"https:\/\/www.cempulik.eu\/shop\/de\/produkt\/grosses-grabherz-aus-granit-geneigt\/#local-main-organization-logo"},"sameAs":["https:\/\/m.facebook.com\/profile.php?id=100063565541500&_rdr"],"address":{"@id":"https:\/\/www.cempulik.eu\/shop\/de\/produkt\/grosses-grabherz-aus-granit-geneigt\/#local-main-place-address"},"telephone":["+48698936157"],"contactPoint":{"@type":"ContactPoint","telephone":"+48698936157","email":"firma@cempulik.eu"},"openingHoursSpecification":[{"@type":"OpeningHoursSpecification","dayOfWeek":["Monday","Tuesday","Wednesday","Thursday","Friday","Saturday","Sunday"],"opens":"07:00","closes":"16:00"}],"email":"firma@cempulik.eu","taxID":"6261055842"},{"@type":"PostalAddress","@id":"https:\/\/www.cempulik.eu\/shop\/de\/produkt\/grosses-grabherz-aus-granit-geneigt\/#local-main-place-address","streetAddress":"Drzewna 23","addressLocality":"Bytom","postalCode":"41-935","addressRegion":"\u015al\u0105skie","addressCountry":"PL"},{"@type":"ImageObject","inLanguage":"pl-PL","@id":"https:\/\/www.cempulik.eu\/shop\/de\/produkt\/grosses-grabherz-aus-granit-geneigt\/#local-main-organization-logo","url":"https:\/\/www.cempulik.eu\/shop\/wp-content\/uploads\/2023\/02\/cropped-logo_footer__.png","contentUrl":"https:\/\/www.cempulik.eu\/shop\/wp-content\/uploads\/2023\/02\/cropped-logo_footer__.png","width":512,"height":512,"caption":"Us\u0142ugi Kamieniarskie Cempulik Stanis\u0142aw"}]},"product_price_amount":"690.00","product_price_currency":"PLN","og_availability":"instock","product_availability":"instock","product_retailer_item_id":"serce_6_L","product_condition":"new","geo.placename":"Bytom","geo.region":"Polska"},"lang":"de","translations":{"de":5518,"pl":14,"en":2006,"dk":6584},"pll_sync_post":[],"_links":{"self":[{"href":"https:\/\/www.cempulik.eu\/shop\/wp-json\/wp\/v2\/product\/5518","targetHints":{"allow":["GET"]}}],"collection":[{"href":"https:\/\/www.cempulik.eu\/shop\/wp-json\/wp\/v2\/product"}],"about":[{"href":"https:\/\/www.cempulik.eu\/shop\/wp-json\/wp\/v2\/types\/product"}],"replies":[{"embeddable":true,"href":"https:\/\/www.cempulik.eu\/shop\/wp-json\/wp\/v2\/comments?post=5518"}],"wp:featuredmedia":[{"embeddable":true,"href":"https:\/\/www.cempulik.eu\/shop\/wp-json\/wp\/v2\/media\/2010"}],"wp:attachment":[{"href":"https:\/\/www.cempulik.eu\/shop\/wp-json\/wp\/v2\/media?parent=5518"}],"wp:term":[{"taxonomy":"product_brand","embeddable":true,"href":"https:\/\/www.cempulik.eu\/shop\/wp-json\/wp\/v2\/product_brand?post=5518"},{"taxonomy":"product_cat","embeddable":true,"href":"https:\/\/www.cempulik.eu\/shop\/wp-json\/wp\/v2\/product_cat?post=5518"},{"taxonomy":"product_tag","embeddable":true,"href":"https:\/\/www.cempulik.eu\/shop\/wp-json\/wp\/v2\/product_tag?post=5518"}],"curies":[{"name":"wp","href":"https:\/\/api.w.org\/{rel}","templated":true}]}}