{"id":6038,"date":"2026-03-20T09:42:43","date_gmt":"2026-03-20T08:42:43","guid":{"rendered":"https:\/\/www.cempulik.eu\/shop\/produkt\/sredniej-wielkosci-pochylone-serce-z-napisem-i-wizerunkiem-dk\/"},"modified":"2026-03-22T12:58:57","modified_gmt":"2026-03-22T11:58:57","slug":"sredniej-wielkosci-pochylone-serce-z-napisem-i-wizerunkiem-dk","status":"publish","type":"product","link":"https:\/\/www.cempulik.eu\/shop\/dk\/produkt\/sredniej-wielkosci-pochylone-serce-z-napisem-i-wizerunkiem-dk\/","title":{"rendered":"Granithjerte til gravsten 30x35cm | Cempulik.eu"},"content":{"rendered":"<h3>Tidl\u00f8st symbol p\u00e5 erindring \u2013 Granithjerte 30&#215;35 cm<\/h3>\n<p>Et granithjerte p\u00e5 30&#215;35 cm er en af de smukkeste m\u00e5der at udtrykke k\u00e6rlighed og respekt for en elsket p\u00e5. Lavet af massiv natursten giver det et holdbart og \u00e6delt alternativ til traditionelle mindeplader. Dens klassiske form passer perfekt til b\u00e5de traditionelle gravsten og moderne urnegrave.<\/p>\n<h3>H\u00e5ndv\u00e6rksm\u00e6ssig pr\u00e6cision<\/h3>\n<ol>\n<li><strong>Naturlig granit<\/strong>: Vi bruger kun udvalgte granitblokke (sort eller m\u00f8rkegr\u00e5 Impala), kendetegnet ved nul vandoptagelse og fuldst\u00e6ndig modstandsdygtighed over for europ\u00e6iske vejrforhold.<\/li>\n<li><strong>Finish<\/strong>: Forsiden og sidekanterne af hjertet er h\u00e5ndpolerede til h\u00f8jglans, hvilket giver det en elegant spejleffekt. Bagsiden af produktet forbliver mat, hvilket er et naturligt tr\u00e6k ved stenforarbejdning og giver bedre vedh\u00e6ftning under installationen.<\/li>\n<li><strong>Nem vedligeholdelse<\/strong>: Takket v\u00e6re den polerede overflade l\u00f8ber vand og st\u00f8v frit, hvilket betyder, at hjertet bevarer sin glans i \u00e5rtier uden behov for aggressive kemikalier.<\/li>\n<\/ol>\n<h3>Montering og tilbeh\u00f8r<\/h3>\n<p>Produktet s\u00e6lges som et selvst\u00e6ndigt hjerte (uden bund). Det kan monteres direkte p\u00e5 gravstendspladen ved hj\u00e6lp af frostbestandig stenlim eller professionel monteringstape.<\/p>\n<p>Hvis du foretr\u00e6kre at udstille hjertet i en vinkel (i en halvst\u00e5ende position), anbefaler vi at k\u00f8be en dedikeret base:<br \/>\n<a href=\"\/products\/dk\/5895-granit-stoette-kile\/\">Granit st\u00f8ttekile til montering<\/a><\/p>\n","protected":false},"excerpt":{"rendered":"<p>Elegant granithjerte til gravsten lavet af topkvalitet Impala granit. M\u00e5l 30x35cm. Uden base.<\/p>\n","protected":false},"featured_media":102,"comment_status":"open","ping_status":"closed","template":"","meta":{"site-sidebar-layout":"default","site-content-layout":"","ast-site-content-layout":"default","site-content-style":"default","site-sidebar-style":"default","ast-global-header-display":"","ast-banner-title-visibility":"","ast-main-header-display":"","ast-hfb-above-header-display":"","ast-hfb-below-header-display":"","ast-hfb-mobile-header-display":"","site-post-title":"","ast-breadcrumbs-content":"","ast-featured-img":"","footer-sml-layout":"","ast-disable-related-posts":"","theme-transparent-header-meta":"","adv-header-id-meta":"","stick-header-meta":"","header-above-stick-meta":"","header-main-stick-meta":"","header-below-stick-meta":"","astra-migrate-meta-layouts":"default","ast-page-background-enabled":"default","ast-page-background-meta":{"desktop":{"background-color":"var(--ast-global-color-4)","background-image":"","background-repeat":"repeat","background-position":"center center","background-size":"auto","background-attachment":"scroll","background-type":"","background-media":"","overlay-type":"","overlay-color":"","overlay-opacity":"","overlay-gradient":""},"tablet":{"background-color":"","background-image":"","background-repeat":"repeat","background-position":"center center","background-size":"auto","background-attachment":"scroll","background-type":"","background-media":"","overlay-type":"","overlay-color":"","overlay-opacity":"","overlay-gradient":""},"mobile":{"background-color":"","background-image":"","background-repeat":"repeat","background-position":"center center","background-size":"auto","background-attachment":"scroll","background-type":"","background-media":"","overlay-type":"","overlay-color":"","overlay-opacity":"","overlay-gradient":""}},"ast-content-background-meta":{"desktop":{"background-color":"var(--ast-global-color-5)","background-image":"","background-repeat":"repeat","background-position":"center center","background-size":"auto","background-attachment":"scroll","background-type":"","background-media":"","overlay-type":"","overlay-color":"","overlay-opacity":"","overlay-gradient":""},"tablet":{"background-color":"var(--ast-global-color-5)","background-image":"","background-repeat":"repeat","background-position":"center center","background-size":"auto","background-attachment":"scroll","background-type":"","background-media":"","overlay-type":"","overlay-color":"","overlay-opacity":"","overlay-gradient":""},"mobile":{"background-color":"var(--ast-global-color-5)","background-image":"","background-repeat":"repeat","background-position":"center center","background-size":"auto","background-attachment":"scroll","background-type":"","background-media":"","overlay-type":"","overlay-color":"","overlay-opacity":"","overlay-gradient":""}}},"product_brand":[],"product_cat":[486],"product_tag":[],"class_list":{"0":"post-6038","1":"product","2":"type-product","3":"status-publish","4":"has-post-thumbnail","6":"product_cat-figur-mindesten-til-kaeledyr","7":"desktop-align-center","8":"tablet-align-left","9":"mobile-align-left","10":"ast-product-gallery-layout-horizontal-slider","11":"ast-product-tabs-layout-horizontal","13":"first","14":"instock","15":"shipping-taxable","16":"product-type-simple"},"yoast_head":"<!-- This site is optimized with the Yoast SEO Premium plugin v26.7 (Yoast SEO v26.7) - https:\/\/yoast.com\/wordpress\/plugins\/seo\/ -->\n<title>Granithjerte til gravsten 30x35cm | Cempulik.eu - Producent Nagrobk\u00f3w dla Zwierz\u0105t | Tablice i Portrety Nagrobne<\/title>\n<meta name=\"robots\" content=\"index, follow, max-snippet:-1, max-image-preview:large, max-video-preview:-1\" \/>\n<link rel=\"canonical\" href=\"https:\/\/www.cempulik.eu\/shop\/dk\/produkt\/sredniej-wielkosci-pochylone-serce-z-napisem-i-wizerunkiem-dk\/\" \/>\n<meta property=\"og:locale\" content=\"pl_PL\" \/>\n<meta property=\"og:type\" content=\"article\" \/>\n<meta property=\"og:title\" content=\"Granithjerte til gravsten 30x35cm | Cempulik.eu - Producent Nagrobk\u00f3w dla Zwierz\u0105t | Tablice i Portrety Nagrobne\" \/>\n<meta property=\"og:description\" content=\"Elegant granithjerte til gravsten lavet af topkvalitet Impala granit. M\u00e5l 30x35cm. Uden base.\" \/>\n<meta property=\"og:url\" content=\"https:\/\/www.cempulik.eu\/shop\/dk\/produkt\/sredniej-wielkosci-pochylone-serce-z-napisem-i-wizerunkiem-dk\/\" \/>\n<meta property=\"og:site_name\" content=\"Producent Nagrobk\u00f3w dla Zwierz\u0105t | Tablice i Portrety Nagrobne\" \/>\n<meta property=\"article:publisher\" content=\"https:\/\/m.facebook.com\/profile.php?id=100063565541500&amp;_rdr\" \/>\n<meta property=\"article:modified_time\" content=\"2026-03-22T11:58:57+00:00\" \/>\n<meta property=\"og:image\" content=\"https:\/\/www.cempulik.eu\/shop\/wp-content\/uploads\/2023\/02\/szymek_640.jpg\" \/>\n\t<meta property=\"og:image:width\" content=\"640\" \/>\n\t<meta property=\"og:image:height\" content=\"480\" \/>\n\t<meta property=\"og:image:type\" content=\"image\/jpeg\" \/>\n<meta name=\"twitter:card\" content=\"summary_large_image\" \/>\n<meta name=\"twitter:label1\" content=\"Cena\" \/>\n\t<meta name=\"twitter:data1\" content=\"\" \/>\n\t<meta name=\"twitter:label2\" content=\"Dost\u0119pno\u015b\u0107\" \/>\n\t<meta name=\"twitter:data2\" content=\"Dost\u0119pny\" \/>\n<script type=\"application\/ld+json\" class=\"yoast-schema-graph\">{\"@context\":\"https:\/\/schema.org\",\"@graph\":[{\"@type\":\"WebPage\",\"@id\":\"https:\/\/www.cempulik.eu\/shop\/dk\/produkt\/sredniej-wielkosci-pochylone-serce-z-napisem-i-wizerunkiem-dk\/\",\"url\":\"https:\/\/www.cempulik.eu\/shop\/dk\/produkt\/sredniej-wielkosci-pochylone-serce-z-napisem-i-wizerunkiem-dk\/\",\"name\":\"Granithjerte til gravsten 30x35cm | Cempulik.eu - Producent Nagrobk\u00f3w dla Zwierz\u0105t | Tablice i Portrety Nagrobne\",\"isPartOf\":{\"@id\":\"https:\/\/www.cempulik.eu\/shop\/#website\"},\"primaryImageOfPage\":{\"@id\":\"https:\/\/www.cempulik.eu\/shop\/dk\/produkt\/sredniej-wielkosci-pochylone-serce-z-napisem-i-wizerunkiem-dk\/#primaryimage\"},\"image\":{\"@id\":\"https:\/\/www.cempulik.eu\/shop\/dk\/produkt\/sredniej-wielkosci-pochylone-serce-z-napisem-i-wizerunkiem-dk\/#primaryimage\"},\"thumbnailUrl\":\"https:\/\/www.cempulik.eu\/shop\/wp-content\/uploads\/2023\/02\/szymek_640.jpg\",\"datePublished\":\"2026-03-20T08:42:43+00:00\",\"dateModified\":\"2026-03-22T11:58:57+00:00\",\"breadcrumb\":{\"@id\":\"https:\/\/www.cempulik.eu\/shop\/dk\/produkt\/sredniej-wielkosci-pochylone-serce-z-napisem-i-wizerunkiem-dk\/#breadcrumb\"},\"inLanguage\":\"pl-PL\",\"potentialAction\":[{\"@type\":\"ReadAction\",\"target\":[\"https:\/\/www.cempulik.eu\/shop\/dk\/produkt\/sredniej-wielkosci-pochylone-serce-z-napisem-i-wizerunkiem-dk\/\"]}]},{\"@type\":\"ImageObject\",\"inLanguage\":\"pl-PL\",\"@id\":\"https:\/\/www.cempulik.eu\/shop\/dk\/produkt\/sredniej-wielkosci-pochylone-serce-z-napisem-i-wizerunkiem-dk\/#primaryimage\",\"url\":\"https:\/\/www.cempulik.eu\/shop\/wp-content\/uploads\/2023\/02\/szymek_640.jpg\",\"contentUrl\":\"https:\/\/www.cempulik.eu\/shop\/wp-content\/uploads\/2023\/02\/szymek_640.jpg\",\"width\":640,\"height\":480,\"caption\":\"p\u0142yta dla szynszyla\"},{\"@type\":\"BreadcrumbList\",\"@id\":\"https:\/\/www.cempulik.eu\/shop\/dk\/produkt\/sredniej-wielkosci-pochylone-serce-z-napisem-i-wizerunkiem-dk\/#breadcrumb\",\"itemListElement\":[{\"@type\":\"ListItem\",\"position\":1,\"name\":\"shop\",\"item\":\"https:\/\/www.cempulik.eu\/shop\/\"},{\"@type\":\"ListItem\",\"position\":2,\"name\":\"Granithjerte til gravsten 30x35cm | Cempulik.eu\"}]},{\"@type\":\"WebSite\",\"@id\":\"https:\/\/www.cempulik.eu\/shop\/#website\",\"url\":\"https:\/\/www.cempulik.eu\/shop\/\",\"name\":\"Producent Nagrobk\u00f3w dla Zwierz\u0105t | Tablice i Portrety Nagrobne\",\"description\":\"\",\"publisher\":{\"@id\":\"https:\/\/www.cempulik.eu\/shop\/#organization\"},\"potentialAction\":[{\"@type\":\"SearchAction\",\"target\":{\"@type\":\"EntryPoint\",\"urlTemplate\":\"https:\/\/www.cempulik.eu\/shop\/?s={search_term_string}\"},\"query-input\":{\"@type\":\"PropertyValueSpecification\",\"valueRequired\":true,\"valueName\":\"search_term_string\"}}],\"inLanguage\":\"pl-PL\"},{\"@type\":[\"Organization\",\"Place\"],\"@id\":\"https:\/\/www.cempulik.eu\/shop\/#organization\",\"name\":\"Us\u0142ugi Kamieniarskie Cempulik Stanis\u0142aw\",\"url\":\"https:\/\/www.cempulik.eu\/shop\/\",\"logo\":{\"@id\":\"https:\/\/www.cempulik.eu\/shop\/dk\/produkt\/sredniej-wielkosci-pochylone-serce-z-napisem-i-wizerunkiem-dk\/#local-main-organization-logo\"},\"image\":{\"@id\":\"https:\/\/www.cempulik.eu\/shop\/dk\/produkt\/sredniej-wielkosci-pochylone-serce-z-napisem-i-wizerunkiem-dk\/#local-main-organization-logo\"},\"sameAs\":[\"https:\/\/m.facebook.com\/profile.php?id=100063565541500&_rdr\"],\"address\":{\"@id\":\"https:\/\/www.cempulik.eu\/shop\/dk\/produkt\/sredniej-wielkosci-pochylone-serce-z-napisem-i-wizerunkiem-dk\/#local-main-place-address\"},\"telephone\":[\"+48698936157\"],\"contactPoint\":{\"@type\":\"ContactPoint\",\"telephone\":\"+48698936157\",\"email\":\"firma@cempulik.eu\"},\"openingHoursSpecification\":[{\"@type\":\"OpeningHoursSpecification\",\"dayOfWeek\":[\"Monday\",\"Tuesday\",\"Wednesday\",\"Thursday\",\"Friday\",\"Saturday\",\"Sunday\"],\"opens\":\"07:00\",\"closes\":\"16:00\"}],\"email\":\"firma@cempulik.eu\",\"taxID\":\"6261055842\"},{\"@type\":\"PostalAddress\",\"@id\":\"https:\/\/www.cempulik.eu\/shop\/dk\/produkt\/sredniej-wielkosci-pochylone-serce-z-napisem-i-wizerunkiem-dk\/#local-main-place-address\",\"streetAddress\":\"Drzewna 23\",\"addressLocality\":\"Bytom\",\"postalCode\":\"41-935\",\"addressRegion\":\"\u015al\u0105skie\",\"addressCountry\":\"PL\"},{\"@type\":\"ImageObject\",\"inLanguage\":\"pl-PL\",\"@id\":\"https:\/\/www.cempulik.eu\/shop\/dk\/produkt\/sredniej-wielkosci-pochylone-serce-z-napisem-i-wizerunkiem-dk\/#local-main-organization-logo\",\"url\":\"https:\/\/www.cempulik.eu\/shop\/wp-content\/uploads\/2023\/02\/cropped-logo_footer__.png\",\"contentUrl\":\"https:\/\/www.cempulik.eu\/shop\/wp-content\/uploads\/2023\/02\/cropped-logo_footer__.png\",\"width\":512,\"height\":512,\"caption\":\"Us\u0142ugi Kamieniarskie Cempulik Stanis\u0142aw\"}]}<\/script>\n<meta property=\"product:price:currency\" content=\"PLN\" \/>\n<meta property=\"og:availability\" content=\"instock\" \/>\n<meta property=\"product:availability\" content=\"instock\" \/>\n<meta property=\"product:retailer_item_id\" content=\"serce_6_M_dk\" \/>\n<meta property=\"product:condition\" content=\"new\" \/>\n<meta name=\"geo.placename\" content=\"Bytom\" \/>\n<meta name=\"geo.region\" content=\"Polska\" \/>\n<!-- \/ Yoast SEO Premium plugin. -->","yoast_head_json":{"title":"Granithjerte til gravsten 30x35cm | Cempulik.eu - Producent Nagrobk\u00f3w dla Zwierz\u0105t | Tablice i Portrety Nagrobne","robots":{"index":"index","follow":"follow","max-snippet":"max-snippet:-1","max-image-preview":"max-image-preview:large","max-video-preview":"max-video-preview:-1"},"canonical":"https:\/\/www.cempulik.eu\/shop\/dk\/produkt\/sredniej-wielkosci-pochylone-serce-z-napisem-i-wizerunkiem-dk\/","og_locale":"pl_PL","og_type":"article","og_title":"Granithjerte til gravsten 30x35cm | Cempulik.eu - Producent Nagrobk\u00f3w dla Zwierz\u0105t | Tablice i Portrety Nagrobne","og_description":"Elegant granithjerte til gravsten lavet af topkvalitet Impala granit. M\u00e5l 30x35cm. Uden base.","og_url":"https:\/\/www.cempulik.eu\/shop\/dk\/produkt\/sredniej-wielkosci-pochylone-serce-z-napisem-i-wizerunkiem-dk\/","og_site_name":"Producent Nagrobk\u00f3w dla Zwierz\u0105t | Tablice i Portrety Nagrobne","article_publisher":"https:\/\/m.facebook.com\/profile.php?id=100063565541500&_rdr","article_modified_time":"2026-03-22T11:58:57+00:00","og_image":[{"width":640,"height":480,"url":"https:\/\/www.cempulik.eu\/shop\/wp-content\/uploads\/2023\/02\/szymek_640.jpg","type":"image\/jpeg"}],"twitter_card":"summary_large_image","twitter_misc":{"Cena":"","Dost\u0119pno\u015b\u0107":"Dost\u0119pny"},"schema":{"@context":"https:\/\/schema.org","@graph":[{"@type":"WebPage","@id":"https:\/\/www.cempulik.eu\/shop\/dk\/produkt\/sredniej-wielkosci-pochylone-serce-z-napisem-i-wizerunkiem-dk\/","url":"https:\/\/www.cempulik.eu\/shop\/dk\/produkt\/sredniej-wielkosci-pochylone-serce-z-napisem-i-wizerunkiem-dk\/","name":"Granithjerte til gravsten 30x35cm | Cempulik.eu - Producent Nagrobk\u00f3w dla Zwierz\u0105t | Tablice i Portrety Nagrobne","isPartOf":{"@id":"https:\/\/www.cempulik.eu\/shop\/#website"},"primaryImageOfPage":{"@id":"https:\/\/www.cempulik.eu\/shop\/dk\/produkt\/sredniej-wielkosci-pochylone-serce-z-napisem-i-wizerunkiem-dk\/#primaryimage"},"image":{"@id":"https:\/\/www.cempulik.eu\/shop\/dk\/produkt\/sredniej-wielkosci-pochylone-serce-z-napisem-i-wizerunkiem-dk\/#primaryimage"},"thumbnailUrl":"https:\/\/www.cempulik.eu\/shop\/wp-content\/uploads\/2023\/02\/szymek_640.jpg","datePublished":"2026-03-20T08:42:43+00:00","dateModified":"2026-03-22T11:58:57+00:00","breadcrumb":{"@id":"https:\/\/www.cempulik.eu\/shop\/dk\/produkt\/sredniej-wielkosci-pochylone-serce-z-napisem-i-wizerunkiem-dk\/#breadcrumb"},"inLanguage":"pl-PL","potentialAction":[{"@type":"ReadAction","target":["https:\/\/www.cempulik.eu\/shop\/dk\/produkt\/sredniej-wielkosci-pochylone-serce-z-napisem-i-wizerunkiem-dk\/"]}]},{"@type":"ImageObject","inLanguage":"pl-PL","@id":"https:\/\/www.cempulik.eu\/shop\/dk\/produkt\/sredniej-wielkosci-pochylone-serce-z-napisem-i-wizerunkiem-dk\/#primaryimage","url":"https:\/\/www.cempulik.eu\/shop\/wp-content\/uploads\/2023\/02\/szymek_640.jpg","contentUrl":"https:\/\/www.cempulik.eu\/shop\/wp-content\/uploads\/2023\/02\/szymek_640.jpg","width":640,"height":480,"caption":"p\u0142yta dla szynszyla"},{"@type":"BreadcrumbList","@id":"https:\/\/www.cempulik.eu\/shop\/dk\/produkt\/sredniej-wielkosci-pochylone-serce-z-napisem-i-wizerunkiem-dk\/#breadcrumb","itemListElement":[{"@type":"ListItem","position":1,"name":"shop","item":"https:\/\/www.cempulik.eu\/shop\/"},{"@type":"ListItem","position":2,"name":"Granithjerte til gravsten 30x35cm | Cempulik.eu"}]},{"@type":"WebSite","@id":"https:\/\/www.cempulik.eu\/shop\/#website","url":"https:\/\/www.cempulik.eu\/shop\/","name":"Producent Nagrobk\u00f3w dla Zwierz\u0105t | Tablice i Portrety Nagrobne","description":"","publisher":{"@id":"https:\/\/www.cempulik.eu\/shop\/#organization"},"potentialAction":[{"@type":"SearchAction","target":{"@type":"EntryPoint","urlTemplate":"https:\/\/www.cempulik.eu\/shop\/?s={search_term_string}"},"query-input":{"@type":"PropertyValueSpecification","valueRequired":true,"valueName":"search_term_string"}}],"inLanguage":"pl-PL"},{"@type":["Organization","Place"],"@id":"https:\/\/www.cempulik.eu\/shop\/#organization","name":"Us\u0142ugi Kamieniarskie Cempulik Stanis\u0142aw","url":"https:\/\/www.cempulik.eu\/shop\/","logo":{"@id":"https:\/\/www.cempulik.eu\/shop\/dk\/produkt\/sredniej-wielkosci-pochylone-serce-z-napisem-i-wizerunkiem-dk\/#local-main-organization-logo"},"image":{"@id":"https:\/\/www.cempulik.eu\/shop\/dk\/produkt\/sredniej-wielkosci-pochylone-serce-z-napisem-i-wizerunkiem-dk\/#local-main-organization-logo"},"sameAs":["https:\/\/m.facebook.com\/profile.php?id=100063565541500&_rdr"],"address":{"@id":"https:\/\/www.cempulik.eu\/shop\/dk\/produkt\/sredniej-wielkosci-pochylone-serce-z-napisem-i-wizerunkiem-dk\/#local-main-place-address"},"telephone":["+48698936157"],"contactPoint":{"@type":"ContactPoint","telephone":"+48698936157","email":"firma@cempulik.eu"},"openingHoursSpecification":[{"@type":"OpeningHoursSpecification","dayOfWeek":["Monday","Tuesday","Wednesday","Thursday","Friday","Saturday","Sunday"],"opens":"07:00","closes":"16:00"}],"email":"firma@cempulik.eu","taxID":"6261055842"},{"@type":"PostalAddress","@id":"https:\/\/www.cempulik.eu\/shop\/dk\/produkt\/sredniej-wielkosci-pochylone-serce-z-napisem-i-wizerunkiem-dk\/#local-main-place-address","streetAddress":"Drzewna 23","addressLocality":"Bytom","postalCode":"41-935","addressRegion":"\u015al\u0105skie","addressCountry":"PL"},{"@type":"ImageObject","inLanguage":"pl-PL","@id":"https:\/\/www.cempulik.eu\/shop\/dk\/produkt\/sredniej-wielkosci-pochylone-serce-z-napisem-i-wizerunkiem-dk\/#local-main-organization-logo","url":"https:\/\/www.cempulik.eu\/shop\/wp-content\/uploads\/2023\/02\/cropped-logo_footer__.png","contentUrl":"https:\/\/www.cempulik.eu\/shop\/wp-content\/uploads\/2023\/02\/cropped-logo_footer__.png","width":512,"height":512,"caption":"Us\u0142ugi Kamieniarskie Cempulik Stanis\u0142aw"}]},"product_price_currency":"PLN","og_availability":"instock","product_availability":"instock","product_retailer_item_id":"serce_6_M_dk","product_condition":"new","geo.placename":"Bytom","geo.region":"Polska"},"lang":"dk","translations":{"dk":6038},"pll_sync_post":[],"_links":{"self":[{"href":"https:\/\/www.cempulik.eu\/shop\/wp-json\/wp\/v2\/product\/6038","targetHints":{"allow":["GET"]}}],"collection":[{"href":"https:\/\/www.cempulik.eu\/shop\/wp-json\/wp\/v2\/product"}],"about":[{"href":"https:\/\/www.cempulik.eu\/shop\/wp-json\/wp\/v2\/types\/product"}],"replies":[{"embeddable":true,"href":"https:\/\/www.cempulik.eu\/shop\/wp-json\/wp\/v2\/comments?post=6038"}],"wp:featuredmedia":[{"embeddable":true,"href":"https:\/\/www.cempulik.eu\/shop\/wp-json\/wp\/v2\/media\/102"}],"wp:attachment":[{"href":"https:\/\/www.cempulik.eu\/shop\/wp-json\/wp\/v2\/media?parent=6038"}],"wp:term":[{"taxonomy":"product_brand","embeddable":true,"href":"https:\/\/www.cempulik.eu\/shop\/wp-json\/wp\/v2\/product_brand?post=6038"},{"taxonomy":"product_cat","embeddable":true,"href":"https:\/\/www.cempulik.eu\/shop\/wp-json\/wp\/v2\/product_cat?post=6038"},{"taxonomy":"product_tag","embeddable":true,"href":"https:\/\/www.cempulik.eu\/shop\/wp-json\/wp\/v2\/product_tag?post=6038"}],"curies":[{"name":"wp","href":"https:\/\/api.w.org\/{rel}","templated":true}]}}