{"id":6041,"date":"2026-03-20T11:10:11","date_gmt":"2026-03-20T10:10:11","guid":{"rendered":"https:\/\/www.cempulik.eu\/shop\/produkt\/grawerowany-portret-nagrobny-na-plytce-granitowej-21x16cm-lub-mniejsze-de\/"},"modified":"2026-04-16T14:15:45","modified_gmt":"2026-04-16T12:15:45","slug":"grawerowany-portret-nagrobny-na-plytce-granitowej-21x16cm-lub-mniejsze-de","status":"publish","type":"product","link":"https:\/\/www.cempulik.eu\/shop\/de\/produkt\/grawerowany-portret-nagrobny-na-plytce-granitowej-21x16cm-lub-mniejsze-de\/","title":{"rendered":"Graviertes Grabportr\u00e4t &#8211; Grabstein 21x16cm"},"content":{"rendered":"<p><strong>Unsterbliches Portr\u00e4t in Granit \u2013 Ein Gedenken f\u00fcr Generationen<\/strong><\/p>\n<p>Ein diamantgraviertes Foto ist die edelste und dauerhafteste Form des Gedenkens an Ihre Lieben. Im Gegensatz zur traditionellen Fotokeramik ist die Gravur ein physischer Eingriff in die Steinstruktur \u2013 das Bild wird in eine polierte Platte aus schwarzem Granit gemei\u00dfelt, was seine ewige Haltbarkeit garantiert.<\/p>\n<p>[H2] \ud83d\udcca Technische Spezifikation [\/H2]<\/p>\n<div class=\"elite-table-container\">\n<table class=\"elite-table\">\n<thead>\n<tr>\n<th>Merkmal<\/th>\n<th>Details<\/th>\n<\/tr>\n<\/thead>\n<tbody>\n<tr>\n<td>Material<\/td>\n<td>Polierter schwarzer Granit (Premium)<\/td>\n<\/tr>\n<tr>\n<td>Ma\u00dfe<\/td>\n<td>18 x 24 x 1 cm<\/td>\n<\/tr>\n<tr>\n<td>Korrektur<\/td>\n<td>Professionelle Korrektur der wichtigsten Portr\u00e4telemente von Hand mit einer Diamantnadel und einer Rei\u00dfnadel<\/td>\n<\/tr>\n<tr>\n<td>Gravur<\/td>\n<td>Diamanttechnologie (Einschlagverfahren)<\/td>\n<\/tr>\n<tr>\n<td>Montage<\/td>\n<td>Bereit zur Montage (Bindemittel auftragen)<\/td>\n<\/tr>\n<\/tbody>\n<\/table>\n<\/div>\n","protected":false},"excerpt":{"rendered":"<p>Unsterbliches Gedenken in schwarzem Granit. Manuelle Korrektur mit Diamantnadel, ewige Haltbarkeit und kostenlose Fotoretusche.<\/p>\n","protected":false},"featured_media":2638,"comment_status":"open","ping_status":"closed","template":"","meta":{"site-sidebar-layout":"default","site-content-layout":"","ast-site-content-layout":"default","site-content-style":"default","site-sidebar-style":"default","ast-global-header-display":"","ast-banner-title-visibility":"","ast-main-header-display":"","ast-hfb-above-header-display":"","ast-hfb-below-header-display":"","ast-hfb-mobile-header-display":"","site-post-title":"","ast-breadcrumbs-content":"","ast-featured-img":"","footer-sml-layout":"","ast-disable-related-posts":"","theme-transparent-header-meta":"","adv-header-id-meta":"","stick-header-meta":"","header-above-stick-meta":"","header-main-stick-meta":"","header-below-stick-meta":"","astra-migrate-meta-layouts":"default","ast-page-background-enabled":"default","ast-page-background-meta":{"desktop":{"background-color":"var(--ast-global-color-4)","background-image":"","background-repeat":"repeat","background-position":"center center","background-size":"auto","background-attachment":"scroll","background-type":"","background-media":"","overlay-type":"","overlay-color":"","overlay-opacity":"","overlay-gradient":""},"tablet":{"background-color":"","background-image":"","background-repeat":"repeat","background-position":"center center","background-size":"auto","background-attachment":"scroll","background-type":"","background-media":"","overlay-type":"","overlay-color":"","overlay-opacity":"","overlay-gradient":""},"mobile":{"background-color":"","background-image":"","background-repeat":"repeat","background-position":"center center","background-size":"auto","background-attachment":"scroll","background-type":"","background-media":"","overlay-type":"","overlay-color":"","overlay-opacity":"","overlay-gradient":""}},"ast-content-background-meta":{"desktop":{"background-color":"var(--ast-global-color-5)","background-image":"","background-repeat":"repeat","background-position":"center center","background-size":"auto","background-attachment":"scroll","background-type":"","background-media":"","overlay-type":"","overlay-color":"","overlay-opacity":"","overlay-gradient":""},"tablet":{"background-color":"var(--ast-global-color-5)","background-image":"","background-repeat":"repeat","background-position":"center center","background-size":"auto","background-attachment":"scroll","background-type":"","background-media":"","overlay-type":"","overlay-color":"","overlay-opacity":"","overlay-gradient":""},"mobile":{"background-color":"var(--ast-global-color-5)","background-image":"","background-repeat":"repeat","background-position":"center center","background-size":"auto","background-attachment":"scroll","background-type":"","background-media":"","overlay-type":"","overlay-color":"","overlay-opacity":"","overlay-gradient":""}}},"product_brand":[],"product_cat":[329,843],"product_tag":[],"class_list":{"0":"post-6041","1":"product","2":"type-product","3":"status-publish","4":"has-post-thumbnail","6":"product_cat-gedenktafeln","7":"product_cat-graviert-auf-stein","8":"desktop-align-center","9":"tablet-align-left","10":"mobile-align-left","11":"ast-product-gallery-layout-horizontal-slider","12":"ast-product-tabs-layout-horizontal","14":"first","15":"instock","16":"shipping-taxable","17":"product-type-simple"},"yoast_head":"<!-- This site is optimized with the Yoast SEO Premium plugin v26.7 (Yoast SEO v26.7) - https:\/\/yoast.com\/wordpress\/plugins\/seo\/ -->\n<title>Graviertes Grabportr\u00e4t - Grabstein 21x16cm - Producent Nagrobk\u00f3w dla Zwierz\u0105t | Tablice i Portrety Nagrobne<\/title>\n<meta name=\"robots\" content=\"index, follow, max-snippet:-1, max-image-preview:large, max-video-preview:-1\" \/>\n<link rel=\"canonical\" href=\"https:\/\/www.cempulik.eu\/shop\/de\/produkt\/grawerowany-portret-nagrobny-na-plytce-granitowej-21x16cm-lub-mniejsze-de\/\" \/>\n<meta property=\"og:locale\" content=\"pl_PL\" \/>\n<meta property=\"og:type\" content=\"article\" \/>\n<meta property=\"og:title\" content=\"Graviertes Grabportr\u00e4t - Grabstein 21x16cm - Producent Nagrobk\u00f3w dla Zwierz\u0105t | Tablice i Portrety Nagrobne\" \/>\n<meta property=\"og:description\" content=\"Unsterbliches Gedenken in schwarzem Granit. Manuelle Korrektur mit Diamantnadel, ewige Haltbarkeit und kostenlose Fotoretusche.\" \/>\n<meta property=\"og:url\" content=\"https:\/\/www.cempulik.eu\/shop\/de\/produkt\/grawerowany-portret-nagrobny-na-plytce-granitowej-21x16cm-lub-mniejsze-de\/\" \/>\n<meta property=\"og:site_name\" content=\"Producent Nagrobk\u00f3w dla Zwierz\u0105t | Tablice i Portrety Nagrobne\" \/>\n<meta property=\"article:publisher\" content=\"https:\/\/m.facebook.com\/profile.php?id=100063565541500&amp;_rdr\" \/>\n<meta property=\"article:modified_time\" content=\"2026-04-16T12:15:45+00:00\" \/>\n<meta property=\"og:image\" content=\"https:\/\/www.cempulik.eu\/shop\/wp-content\/uploads\/2023\/02\/portret_20200831_201705-kopia.webp\" \/>\n\t<meta property=\"og:image:width\" content=\"1151\" \/>\n\t<meta property=\"og:image:height\" content=\"1400\" \/>\n\t<meta property=\"og:image:type\" content=\"image\/webp\" \/>\n<meta name=\"twitter:card\" content=\"summary_large_image\" \/>\n<meta name=\"twitter:label1\" content=\"Cena\" \/>\n\t<meta name=\"twitter:data1\" content=\"\" \/>\n\t<meta name=\"twitter:label2\" content=\"Dost\u0119pno\u015b\u0107\" \/>\n\t<meta name=\"twitter:data2\" content=\"Dost\u0119pny\" \/>\n<script type=\"application\/ld+json\" class=\"yoast-schema-graph\">{\"@context\":\"https:\/\/schema.org\",\"@graph\":[{\"@type\":\"WebPage\",\"@id\":\"https:\/\/www.cempulik.eu\/shop\/de\/produkt\/grawerowany-portret-nagrobny-na-plytce-granitowej-21x16cm-lub-mniejsze-de\/\",\"url\":\"https:\/\/www.cempulik.eu\/shop\/de\/produkt\/grawerowany-portret-nagrobny-na-plytce-granitowej-21x16cm-lub-mniejsze-de\/\",\"name\":\"Graviertes Grabportr\u00e4t - Grabstein 21x16cm - Producent Nagrobk\u00f3w dla Zwierz\u0105t | Tablice i Portrety Nagrobne\",\"isPartOf\":{\"@id\":\"https:\/\/www.cempulik.eu\/shop\/#website\"},\"primaryImageOfPage\":{\"@id\":\"https:\/\/www.cempulik.eu\/shop\/de\/produkt\/grawerowany-portret-nagrobny-na-plytce-granitowej-21x16cm-lub-mniejsze-de\/#primaryimage\"},\"image\":{\"@id\":\"https:\/\/www.cempulik.eu\/shop\/de\/produkt\/grawerowany-portret-nagrobny-na-plytce-granitowej-21x16cm-lub-mniejsze-de\/#primaryimage\"},\"thumbnailUrl\":\"https:\/\/www.cempulik.eu\/shop\/wp-content\/uploads\/2023\/02\/portret_20200831_201705-kopia.webp\",\"datePublished\":\"2026-03-20T10:10:11+00:00\",\"dateModified\":\"2026-04-16T12:15:45+00:00\",\"breadcrumb\":{\"@id\":\"https:\/\/www.cempulik.eu\/shop\/de\/produkt\/grawerowany-portret-nagrobny-na-plytce-granitowej-21x16cm-lub-mniejsze-de\/#breadcrumb\"},\"inLanguage\":\"pl-PL\",\"potentialAction\":[{\"@type\":\"ReadAction\",\"target\":[\"https:\/\/www.cempulik.eu\/shop\/de\/produkt\/grawerowany-portret-nagrobny-na-plytce-granitowej-21x16cm-lub-mniejsze-de\/\"]}]},{\"@type\":\"ImageObject\",\"inLanguage\":\"pl-PL\",\"@id\":\"https:\/\/www.cempulik.eu\/shop\/de\/produkt\/grawerowany-portret-nagrobny-na-plytce-granitowej-21x16cm-lub-mniejsze-de\/#primaryimage\",\"url\":\"https:\/\/www.cempulik.eu\/shop\/wp-content\/uploads\/2023\/02\/portret_20200831_201705-kopia.webp\",\"contentUrl\":\"https:\/\/www.cempulik.eu\/shop\/wp-content\/uploads\/2023\/02\/portret_20200831_201705-kopia.webp\",\"width\":1151,\"height\":1400,\"caption\":\"portret grawerowany ze zdj\u0119cia o wielko\u015bci 18x12cm\"},{\"@type\":\"BreadcrumbList\",\"@id\":\"https:\/\/www.cempulik.eu\/shop\/de\/produkt\/grawerowany-portret-nagrobny-na-plytce-granitowej-21x16cm-lub-mniejsze-de\/#breadcrumb\",\"itemListElement\":[{\"@type\":\"ListItem\",\"position\":1,\"name\":\"shop\",\"item\":\"https:\/\/www.cempulik.eu\/shop\/\"},{\"@type\":\"ListItem\",\"position\":2,\"name\":\"Graviertes Grabportr\u00e4t &#8211; Grabstein 21x16cm\"}]},{\"@type\":\"WebSite\",\"@id\":\"https:\/\/www.cempulik.eu\/shop\/#website\",\"url\":\"https:\/\/www.cempulik.eu\/shop\/\",\"name\":\"Producent Nagrobk\u00f3w dla Zwierz\u0105t | Tablice i Portrety Nagrobne\",\"description\":\"\",\"publisher\":{\"@id\":\"https:\/\/www.cempulik.eu\/shop\/#organization\"},\"potentialAction\":[{\"@type\":\"SearchAction\",\"target\":{\"@type\":\"EntryPoint\",\"urlTemplate\":\"https:\/\/www.cempulik.eu\/shop\/?s={search_term_string}\"},\"query-input\":{\"@type\":\"PropertyValueSpecification\",\"valueRequired\":true,\"valueName\":\"search_term_string\"}}],\"inLanguage\":\"pl-PL\"},{\"@type\":[\"Organization\",\"Place\"],\"@id\":\"https:\/\/www.cempulik.eu\/shop\/#organization\",\"name\":\"Us\u0142ugi Kamieniarskie Cempulik Stanis\u0142aw\",\"url\":\"https:\/\/www.cempulik.eu\/shop\/\",\"logo\":{\"@id\":\"https:\/\/www.cempulik.eu\/shop\/de\/produkt\/grawerowany-portret-nagrobny-na-plytce-granitowej-21x16cm-lub-mniejsze-de\/#local-main-organization-logo\"},\"image\":{\"@id\":\"https:\/\/www.cempulik.eu\/shop\/de\/produkt\/grawerowany-portret-nagrobny-na-plytce-granitowej-21x16cm-lub-mniejsze-de\/#local-main-organization-logo\"},\"sameAs\":[\"https:\/\/m.facebook.com\/profile.php?id=100063565541500&_rdr\"],\"address\":{\"@id\":\"https:\/\/www.cempulik.eu\/shop\/de\/produkt\/grawerowany-portret-nagrobny-na-plytce-granitowej-21x16cm-lub-mniejsze-de\/#local-main-place-address\"},\"telephone\":[\"+48698936157\"],\"contactPoint\":{\"@type\":\"ContactPoint\",\"telephone\":\"+48698936157\",\"email\":\"firma@cempulik.eu\"},\"openingHoursSpecification\":[{\"@type\":\"OpeningHoursSpecification\",\"dayOfWeek\":[\"Monday\",\"Tuesday\",\"Wednesday\",\"Thursday\",\"Friday\",\"Saturday\",\"Sunday\"],\"opens\":\"07:00\",\"closes\":\"16:00\"}],\"email\":\"firma@cempulik.eu\",\"taxID\":\"6261055842\"},{\"@type\":\"PostalAddress\",\"@id\":\"https:\/\/www.cempulik.eu\/shop\/de\/produkt\/grawerowany-portret-nagrobny-na-plytce-granitowej-21x16cm-lub-mniejsze-de\/#local-main-place-address\",\"streetAddress\":\"Drzewna 23\",\"addressLocality\":\"Bytom\",\"postalCode\":\"41-935\",\"addressRegion\":\"\u015al\u0105skie\",\"addressCountry\":\"PL\"},{\"@type\":\"ImageObject\",\"inLanguage\":\"pl-PL\",\"@id\":\"https:\/\/www.cempulik.eu\/shop\/de\/produkt\/grawerowany-portret-nagrobny-na-plytce-granitowej-21x16cm-lub-mniejsze-de\/#local-main-organization-logo\",\"url\":\"https:\/\/www.cempulik.eu\/shop\/wp-content\/uploads\/2023\/02\/cropped-logo_footer__.png\",\"contentUrl\":\"https:\/\/www.cempulik.eu\/shop\/wp-content\/uploads\/2023\/02\/cropped-logo_footer__.png\",\"width\":512,\"height\":512,\"caption\":\"Us\u0142ugi Kamieniarskie Cempulik Stanis\u0142aw\"}]}<\/script>\n<meta property=\"product:price:currency\" content=\"PLN\" \/>\n<meta property=\"og:availability\" content=\"instock\" \/>\n<meta property=\"product:availability\" content=\"instock\" \/>\n<meta property=\"product:retailer_item_id\" content=\"foto 21x16_de\" \/>\n<meta property=\"product:condition\" content=\"new\" \/>\n<meta name=\"geo.placename\" content=\"Bytom\" \/>\n<meta name=\"geo.region\" content=\"Polska\" \/>\n<!-- \/ Yoast SEO Premium plugin. -->","yoast_head_json":{"title":"Graviertes Grabportr\u00e4t - Grabstein 21x16cm - Producent Nagrobk\u00f3w dla Zwierz\u0105t | Tablice i Portrety Nagrobne","robots":{"index":"index","follow":"follow","max-snippet":"max-snippet:-1","max-image-preview":"max-image-preview:large","max-video-preview":"max-video-preview:-1"},"canonical":"https:\/\/www.cempulik.eu\/shop\/de\/produkt\/grawerowany-portret-nagrobny-na-plytce-granitowej-21x16cm-lub-mniejsze-de\/","og_locale":"pl_PL","og_type":"article","og_title":"Graviertes Grabportr\u00e4t - Grabstein 21x16cm - Producent Nagrobk\u00f3w dla Zwierz\u0105t | Tablice i Portrety Nagrobne","og_description":"Unsterbliches Gedenken in schwarzem Granit. Manuelle Korrektur mit Diamantnadel, ewige Haltbarkeit und kostenlose Fotoretusche.","og_url":"https:\/\/www.cempulik.eu\/shop\/de\/produkt\/grawerowany-portret-nagrobny-na-plytce-granitowej-21x16cm-lub-mniejsze-de\/","og_site_name":"Producent Nagrobk\u00f3w dla Zwierz\u0105t | Tablice i Portrety Nagrobne","article_publisher":"https:\/\/m.facebook.com\/profile.php?id=100063565541500&_rdr","article_modified_time":"2026-04-16T12:15:45+00:00","og_image":[{"width":1151,"height":1400,"url":"https:\/\/www.cempulik.eu\/shop\/wp-content\/uploads\/2023\/02\/portret_20200831_201705-kopia.webp","type":"image\/webp"}],"twitter_card":"summary_large_image","twitter_misc":{"Cena":"","Dost\u0119pno\u015b\u0107":"Dost\u0119pny"},"schema":{"@context":"https:\/\/schema.org","@graph":[{"@type":"WebPage","@id":"https:\/\/www.cempulik.eu\/shop\/de\/produkt\/grawerowany-portret-nagrobny-na-plytce-granitowej-21x16cm-lub-mniejsze-de\/","url":"https:\/\/www.cempulik.eu\/shop\/de\/produkt\/grawerowany-portret-nagrobny-na-plytce-granitowej-21x16cm-lub-mniejsze-de\/","name":"Graviertes Grabportr\u00e4t - Grabstein 21x16cm - Producent Nagrobk\u00f3w dla Zwierz\u0105t | Tablice i Portrety Nagrobne","isPartOf":{"@id":"https:\/\/www.cempulik.eu\/shop\/#website"},"primaryImageOfPage":{"@id":"https:\/\/www.cempulik.eu\/shop\/de\/produkt\/grawerowany-portret-nagrobny-na-plytce-granitowej-21x16cm-lub-mniejsze-de\/#primaryimage"},"image":{"@id":"https:\/\/www.cempulik.eu\/shop\/de\/produkt\/grawerowany-portret-nagrobny-na-plytce-granitowej-21x16cm-lub-mniejsze-de\/#primaryimage"},"thumbnailUrl":"https:\/\/www.cempulik.eu\/shop\/wp-content\/uploads\/2023\/02\/portret_20200831_201705-kopia.webp","datePublished":"2026-03-20T10:10:11+00:00","dateModified":"2026-04-16T12:15:45+00:00","breadcrumb":{"@id":"https:\/\/www.cempulik.eu\/shop\/de\/produkt\/grawerowany-portret-nagrobny-na-plytce-granitowej-21x16cm-lub-mniejsze-de\/#breadcrumb"},"inLanguage":"pl-PL","potentialAction":[{"@type":"ReadAction","target":["https:\/\/www.cempulik.eu\/shop\/de\/produkt\/grawerowany-portret-nagrobny-na-plytce-granitowej-21x16cm-lub-mniejsze-de\/"]}]},{"@type":"ImageObject","inLanguage":"pl-PL","@id":"https:\/\/www.cempulik.eu\/shop\/de\/produkt\/grawerowany-portret-nagrobny-na-plytce-granitowej-21x16cm-lub-mniejsze-de\/#primaryimage","url":"https:\/\/www.cempulik.eu\/shop\/wp-content\/uploads\/2023\/02\/portret_20200831_201705-kopia.webp","contentUrl":"https:\/\/www.cempulik.eu\/shop\/wp-content\/uploads\/2023\/02\/portret_20200831_201705-kopia.webp","width":1151,"height":1400,"caption":"portret grawerowany ze zdj\u0119cia o wielko\u015bci 18x12cm"},{"@type":"BreadcrumbList","@id":"https:\/\/www.cempulik.eu\/shop\/de\/produkt\/grawerowany-portret-nagrobny-na-plytce-granitowej-21x16cm-lub-mniejsze-de\/#breadcrumb","itemListElement":[{"@type":"ListItem","position":1,"name":"shop","item":"https:\/\/www.cempulik.eu\/shop\/"},{"@type":"ListItem","position":2,"name":"Graviertes Grabportr\u00e4t &#8211; Grabstein 21x16cm"}]},{"@type":"WebSite","@id":"https:\/\/www.cempulik.eu\/shop\/#website","url":"https:\/\/www.cempulik.eu\/shop\/","name":"Producent Nagrobk\u00f3w dla Zwierz\u0105t | Tablice i Portrety Nagrobne","description":"","publisher":{"@id":"https:\/\/www.cempulik.eu\/shop\/#organization"},"potentialAction":[{"@type":"SearchAction","target":{"@type":"EntryPoint","urlTemplate":"https:\/\/www.cempulik.eu\/shop\/?s={search_term_string}"},"query-input":{"@type":"PropertyValueSpecification","valueRequired":true,"valueName":"search_term_string"}}],"inLanguage":"pl-PL"},{"@type":["Organization","Place"],"@id":"https:\/\/www.cempulik.eu\/shop\/#organization","name":"Us\u0142ugi Kamieniarskie Cempulik Stanis\u0142aw","url":"https:\/\/www.cempulik.eu\/shop\/","logo":{"@id":"https:\/\/www.cempulik.eu\/shop\/de\/produkt\/grawerowany-portret-nagrobny-na-plytce-granitowej-21x16cm-lub-mniejsze-de\/#local-main-organization-logo"},"image":{"@id":"https:\/\/www.cempulik.eu\/shop\/de\/produkt\/grawerowany-portret-nagrobny-na-plytce-granitowej-21x16cm-lub-mniejsze-de\/#local-main-organization-logo"},"sameAs":["https:\/\/m.facebook.com\/profile.php?id=100063565541500&_rdr"],"address":{"@id":"https:\/\/www.cempulik.eu\/shop\/de\/produkt\/grawerowany-portret-nagrobny-na-plytce-granitowej-21x16cm-lub-mniejsze-de\/#local-main-place-address"},"telephone":["+48698936157"],"contactPoint":{"@type":"ContactPoint","telephone":"+48698936157","email":"firma@cempulik.eu"},"openingHoursSpecification":[{"@type":"OpeningHoursSpecification","dayOfWeek":["Monday","Tuesday","Wednesday","Thursday","Friday","Saturday","Sunday"],"opens":"07:00","closes":"16:00"}],"email":"firma@cempulik.eu","taxID":"6261055842"},{"@type":"PostalAddress","@id":"https:\/\/www.cempulik.eu\/shop\/de\/produkt\/grawerowany-portret-nagrobny-na-plytce-granitowej-21x16cm-lub-mniejsze-de\/#local-main-place-address","streetAddress":"Drzewna 23","addressLocality":"Bytom","postalCode":"41-935","addressRegion":"\u015al\u0105skie","addressCountry":"PL"},{"@type":"ImageObject","inLanguage":"pl-PL","@id":"https:\/\/www.cempulik.eu\/shop\/de\/produkt\/grawerowany-portret-nagrobny-na-plytce-granitowej-21x16cm-lub-mniejsze-de\/#local-main-organization-logo","url":"https:\/\/www.cempulik.eu\/shop\/wp-content\/uploads\/2023\/02\/cropped-logo_footer__.png","contentUrl":"https:\/\/www.cempulik.eu\/shop\/wp-content\/uploads\/2023\/02\/cropped-logo_footer__.png","width":512,"height":512,"caption":"Us\u0142ugi Kamieniarskie Cempulik Stanis\u0142aw"}]},"product_price_currency":"PLN","og_availability":"instock","product_availability":"instock","product_retailer_item_id":"foto 21x16_de","product_condition":"new","geo.placename":"Bytom","geo.region":"Polska"},"lang":"de","translations":{"de":6041},"pll_sync_post":[],"_links":{"self":[{"href":"https:\/\/www.cempulik.eu\/shop\/wp-json\/wp\/v2\/product\/6041","targetHints":{"allow":["GET"]}}],"collection":[{"href":"https:\/\/www.cempulik.eu\/shop\/wp-json\/wp\/v2\/product"}],"about":[{"href":"https:\/\/www.cempulik.eu\/shop\/wp-json\/wp\/v2\/types\/product"}],"replies":[{"embeddable":true,"href":"https:\/\/www.cempulik.eu\/shop\/wp-json\/wp\/v2\/comments?post=6041"}],"wp:featuredmedia":[{"embeddable":true,"href":"https:\/\/www.cempulik.eu\/shop\/wp-json\/wp\/v2\/media\/2638"}],"wp:attachment":[{"href":"https:\/\/www.cempulik.eu\/shop\/wp-json\/wp\/v2\/media?parent=6041"}],"wp:term":[{"taxonomy":"product_brand","embeddable":true,"href":"https:\/\/www.cempulik.eu\/shop\/wp-json\/wp\/v2\/product_brand?post=6041"},{"taxonomy":"product_cat","embeddable":true,"href":"https:\/\/www.cempulik.eu\/shop\/wp-json\/wp\/v2\/product_cat?post=6041"},{"taxonomy":"product_tag","embeddable":true,"href":"https:\/\/www.cempulik.eu\/shop\/wp-json\/wp\/v2\/product_tag?post=6041"}],"curies":[{"name":"wp","href":"https:\/\/api.w.org\/{rel}","templated":true}]}}