{"id":6179,"date":"2026-04-10T20:37:07","date_gmt":"2026-04-10T18:37:07","guid":{"rendered":"https:\/\/www.cempulik.eu\/shop\/produkt\/24-glaz-pomnik-dla-psa-kopia-da\/"},"modified":"2026-04-25T07:47:30","modified_gmt":"2026-04-25T05:47:30","slug":"mindesten-marksten-skovbegravelse-24","status":"publish","type":"product","link":"https:\/\/www.cempulik.eu\/shop\/dk\/produkt\/mindesten-marksten-skovbegravelse-24\/","title":{"rendered":"Naturlig mindesten #24 \u2013 Et tidl\u00f8st minde i naturen"},"content":{"rendered":"<div class=\"elite-standard-v25\">\n<p>Mindesten #24 er udvalgt for sin harmoniske form og naturlige sk\u00f8nhed. Denne marksten er den perfekte l\u00f8sning til en skovbegravelse eller et naturpr\u00e6get gravsted, hvor stenen skal falde naturligt ind i omgivelserne.<\/p>\n<h3>Tryghed og gennemsigtighed<\/h3>\n<ul>\n<li><strong>Udvendige m\u00e5l:<\/strong> ca. 24 x 18 x 30 cm<\/li>\n<li><strong>Omr\u00e5de til tekst:<\/strong> ca. 14 x 14 cm<\/li>\n<li><strong>Grafisk korrektur:<\/strong> Du godkender ops\u00e6tningen af teksten, f\u00f8r vi graverer i stenen.<\/li>\n<li><strong>Billede f\u00f8r levering:<\/strong> Vi sender et billede af den f\u00e6rdige sten, s\u00e5 du kan se det endelige resultat.<\/li>\n<li><strong>Videooptagelse:<\/strong> Efter \u00f8nske sender vi en kort video, der viser stenens form fra alle vinkler.<\/li>\n<\/ul>\n<\/div>\n","protected":false},"excerpt":{"rendered":"<p>Smuk natursten skabt til minde. Professionel proces med grafisk korrektur og visuel dokumentation.<\/p>\n","protected":false},"featured_media":6080,"comment_status":"open","ping_status":"closed","template":"","meta":{"site-sidebar-layout":"default","site-content-layout":"","ast-site-content-layout":"default","site-content-style":"default","site-sidebar-style":"default","ast-global-header-display":"","ast-banner-title-visibility":"","ast-main-header-display":"","ast-hfb-above-header-display":"","ast-hfb-below-header-display":"","ast-hfb-mobile-header-display":"","site-post-title":"","ast-breadcrumbs-content":"","ast-featured-img":"","footer-sml-layout":"","ast-disable-related-posts":"","theme-transparent-header-meta":"default","adv-header-id-meta":"","stick-header-meta":"","header-above-stick-meta":"","header-main-stick-meta":"","header-below-stick-meta":"","astra-migrate-meta-layouts":"set","ast-page-background-enabled":"default","ast-page-background-meta":{"desktop":{"background-color":"var(--ast-global-color-4)","background-image":"","background-repeat":"repeat","background-position":"center center","background-size":"auto","background-attachment":"scroll","background-type":"","background-media":"","overlay-type":"","overlay-color":"","overlay-opacity":"","overlay-gradient":""},"tablet":{"background-color":"","background-image":"","background-repeat":"repeat","background-position":"center center","background-size":"auto","background-attachment":"scroll","background-type":"","background-media":"","overlay-type":"","overlay-color":"","overlay-opacity":"","overlay-gradient":""},"mobile":{"background-color":"","background-image":"","background-repeat":"repeat","background-position":"center center","background-size":"auto","background-attachment":"scroll","background-type":"","background-media":"","overlay-type":"","overlay-color":"","overlay-opacity":"","overlay-gradient":""}},"ast-content-background-meta":{"desktop":{"background-color":"var(--ast-global-color-5)","background-image":"","background-repeat":"repeat","background-position":"center center","background-size":"auto","background-attachment":"scroll","background-type":"","background-media":"","overlay-type":"","overlay-color":"","overlay-opacity":"","overlay-gradient":""},"tablet":{"background-color":"var(--ast-global-color-5)","background-image":"","background-repeat":"repeat","background-position":"center center","background-size":"auto","background-attachment":"scroll","background-type":"","background-media":"","overlay-type":"","overlay-color":"","overlay-opacity":"","overlay-gradient":""},"mobile":{"background-color":"var(--ast-global-color-5)","background-image":"","background-repeat":"repeat","background-position":"center center","background-size":"auto","background-attachment":"scroll","background-type":"","background-media":"","overlay-type":"","overlay-color":"","overlay-opacity":"","overlay-gradient":""}}},"product_brand":[],"product_cat":[1014],"product_tag":[],"class_list":{"0":"post-6179","1":"product","2":"type-product","3":"status-publish","4":"has-post-thumbnail","6":"product_cat-natursten-og-mindesten-skovkirkegard","7":"desktop-align-center","8":"tablet-align-left","9":"mobile-align-left","10":"ast-product-gallery-layout-horizontal-slider","11":"ast-product-tabs-layout-horizontal","13":"first","14":"instock","15":"shipping-taxable","16":"purchasable","17":"product-type-simple"},"yoast_head":"<!-- This site is optimized with the Yoast SEO Premium plugin v26.7 (Yoast SEO v26.7) - https:\/\/yoast.com\/wordpress\/plugins\/seo\/ -->\n<title>Naturlig mindesten #24 \u2013 Et tidl\u00f8st minde i naturen - Producent Nagrobk\u00f3w dla Zwierz\u0105t | Tablice i Portrety Nagrobne<\/title>\n<meta name=\"robots\" content=\"index, follow, max-snippet:-1, max-image-preview:large, max-video-preview:-1\" \/>\n<link rel=\"canonical\" href=\"https:\/\/www.cempulik.eu\/shop\/dk\/produkt\/mindesten-marksten-skovbegravelse-24\/\" \/>\n<meta property=\"og:locale\" content=\"pl_PL\" \/>\n<meta property=\"og:type\" content=\"article\" \/>\n<meta property=\"og:title\" content=\"Naturlig mindesten #24 \u2013 Et tidl\u00f8st minde i naturen - Producent Nagrobk\u00f3w dla Zwierz\u0105t | Tablice i Portrety Nagrobne\" \/>\n<meta property=\"og:description\" content=\"Smuk natursten skabt til minde. Professionel proces med grafisk korrektur og visuel dokumentation.\" \/>\n<meta property=\"og:url\" content=\"https:\/\/www.cempulik.eu\/shop\/dk\/produkt\/mindesten-marksten-skovbegravelse-24\/\" \/>\n<meta property=\"og:site_name\" content=\"Producent Nagrobk\u00f3w dla Zwierz\u0105t | Tablice i Portrety Nagrobne\" \/>\n<meta property=\"article:publisher\" content=\"https:\/\/m.facebook.com\/profile.php?id=100063565541500&amp;_rdr\" \/>\n<meta property=\"article:modified_time\" content=\"2026-04-25T05:47:30+00:00\" \/>\n<meta property=\"og:image\" content=\"https:\/\/www.cempulik.eu\/shop\/wp-content\/uploads\/2026\/03\/glaz_24-1.webp\" \/>\n\t<meta property=\"og:image:width\" content=\"1200\" \/>\n\t<meta property=\"og:image:height\" content=\"891\" \/>\n\t<meta property=\"og:image:type\" content=\"image\/webp\" \/>\n<meta name=\"twitter:card\" content=\"summary_large_image\" \/>\n<meta name=\"twitter:label1\" content=\"Cena\" \/>\n\t<meta name=\"twitter:data1\" content=\"590,00&nbsp;&#122;&#322;\" \/>\n\t<meta name=\"twitter:label2\" content=\"Dost\u0119pno\u015b\u0107\" \/>\n\t<meta name=\"twitter:data2\" content=\"Dost\u0119pny\" \/>\n<script type=\"application\/ld+json\" class=\"yoast-schema-graph\">{\"@context\":\"https:\/\/schema.org\",\"@graph\":[{\"@type\":\"WebPage\",\"@id\":\"https:\/\/www.cempulik.eu\/shop\/dk\/produkt\/mindesten-marksten-skovbegravelse-24\/\",\"url\":\"https:\/\/www.cempulik.eu\/shop\/dk\/produkt\/mindesten-marksten-skovbegravelse-24\/\",\"name\":\"Naturlig mindesten #24 \u2013 Et tidl\u00f8st minde i naturen - Producent Nagrobk\u00f3w dla Zwierz\u0105t | Tablice i Portrety Nagrobne\",\"isPartOf\":{\"@id\":\"https:\/\/www.cempulik.eu\/shop\/#website\"},\"primaryImageOfPage\":{\"@id\":\"https:\/\/www.cempulik.eu\/shop\/dk\/produkt\/mindesten-marksten-skovbegravelse-24\/#primaryimage\"},\"image\":{\"@id\":\"https:\/\/www.cempulik.eu\/shop\/dk\/produkt\/mindesten-marksten-skovbegravelse-24\/#primaryimage\"},\"thumbnailUrl\":\"https:\/\/www.cempulik.eu\/shop\/wp-content\/uploads\/2026\/03\/glaz_24-1.webp\",\"datePublished\":\"2026-04-10T18:37:07+00:00\",\"dateModified\":\"2026-04-25T05:47:30+00:00\",\"breadcrumb\":{\"@id\":\"https:\/\/www.cempulik.eu\/shop\/dk\/produkt\/mindesten-marksten-skovbegravelse-24\/#breadcrumb\"},\"inLanguage\":\"pl-PL\",\"potentialAction\":[{\"@type\":\"ReadAction\",\"target\":[\"https:\/\/www.cempulik.eu\/shop\/dk\/produkt\/mindesten-marksten-skovbegravelse-24\/\"]}]},{\"@type\":\"ImageObject\",\"inLanguage\":\"pl-PL\",\"@id\":\"https:\/\/www.cempulik.eu\/shop\/dk\/produkt\/mindesten-marksten-skovbegravelse-24\/#primaryimage\",\"url\":\"https:\/\/www.cempulik.eu\/shop\/wp-content\/uploads\/2026\/03\/glaz_24-1.webp\",\"contentUrl\":\"https:\/\/www.cempulik.eu\/shop\/wp-content\/uploads\/2026\/03\/glaz_24-1.webp\",\"width\":1200,\"height\":891},{\"@type\":\"BreadcrumbList\",\"@id\":\"https:\/\/www.cempulik.eu\/shop\/dk\/produkt\/mindesten-marksten-skovbegravelse-24\/#breadcrumb\",\"itemListElement\":[{\"@type\":\"ListItem\",\"position\":1,\"name\":\"shop\",\"item\":\"https:\/\/www.cempulik.eu\/shop\/\"},{\"@type\":\"ListItem\",\"position\":2,\"name\":\"Naturlig mindesten #24 \u2013 Et tidl\u00f8st minde i naturen\"}]},{\"@type\":\"WebSite\",\"@id\":\"https:\/\/www.cempulik.eu\/shop\/#website\",\"url\":\"https:\/\/www.cempulik.eu\/shop\/\",\"name\":\"Producent Nagrobk\u00f3w dla Zwierz\u0105t | Tablice i Portrety Nagrobne\",\"description\":\"\",\"publisher\":{\"@id\":\"https:\/\/www.cempulik.eu\/shop\/#organization\"},\"potentialAction\":[{\"@type\":\"SearchAction\",\"target\":{\"@type\":\"EntryPoint\",\"urlTemplate\":\"https:\/\/www.cempulik.eu\/shop\/?s={search_term_string}\"},\"query-input\":{\"@type\":\"PropertyValueSpecification\",\"valueRequired\":true,\"valueName\":\"search_term_string\"}}],\"inLanguage\":\"pl-PL\"},{\"@type\":[\"Organization\",\"Place\"],\"@id\":\"https:\/\/www.cempulik.eu\/shop\/#organization\",\"name\":\"Us\u0142ugi Kamieniarskie Cempulik Stanis\u0142aw\",\"url\":\"https:\/\/www.cempulik.eu\/shop\/\",\"logo\":{\"@id\":\"https:\/\/www.cempulik.eu\/shop\/dk\/produkt\/mindesten-marksten-skovbegravelse-24\/#local-main-organization-logo\"},\"image\":{\"@id\":\"https:\/\/www.cempulik.eu\/shop\/dk\/produkt\/mindesten-marksten-skovbegravelse-24\/#local-main-organization-logo\"},\"sameAs\":[\"https:\/\/m.facebook.com\/profile.php?id=100063565541500&_rdr\"],\"address\":{\"@id\":\"https:\/\/www.cempulik.eu\/shop\/dk\/produkt\/mindesten-marksten-skovbegravelse-24\/#local-main-place-address\"},\"telephone\":[\"+48698936157\"],\"contactPoint\":{\"@type\":\"ContactPoint\",\"telephone\":\"+48698936157\",\"email\":\"firma@cempulik.eu\"},\"openingHoursSpecification\":[{\"@type\":\"OpeningHoursSpecification\",\"dayOfWeek\":[\"Monday\",\"Tuesday\",\"Wednesday\",\"Thursday\",\"Friday\",\"Saturday\",\"Sunday\"],\"opens\":\"07:00\",\"closes\":\"16:00\"}],\"email\":\"firma@cempulik.eu\",\"taxID\":\"6261055842\"},{\"@type\":\"PostalAddress\",\"@id\":\"https:\/\/www.cempulik.eu\/shop\/dk\/produkt\/mindesten-marksten-skovbegravelse-24\/#local-main-place-address\",\"streetAddress\":\"Drzewna 23\",\"addressLocality\":\"Bytom\",\"postalCode\":\"41-935\",\"addressRegion\":\"\u015al\u0105skie\",\"addressCountry\":\"PL\"},{\"@type\":\"ImageObject\",\"inLanguage\":\"pl-PL\",\"@id\":\"https:\/\/www.cempulik.eu\/shop\/dk\/produkt\/mindesten-marksten-skovbegravelse-24\/#local-main-organization-logo\",\"url\":\"https:\/\/www.cempulik.eu\/shop\/wp-content\/uploads\/2023\/02\/cropped-logo_footer__.png\",\"contentUrl\":\"https:\/\/www.cempulik.eu\/shop\/wp-content\/uploads\/2023\/02\/cropped-logo_footer__.png\",\"width\":512,\"height\":512,\"caption\":\"Us\u0142ugi Kamieniarskie Cempulik Stanis\u0142aw\"}]}<\/script>\n<meta property=\"product:price:amount\" content=\"590.00\" \/>\n<meta property=\"product:price:currency\" content=\"PLN\" \/>\n<meta property=\"og:availability\" content=\"instock\" \/>\n<meta property=\"product:availability\" content=\"instock\" \/>\n<meta property=\"product:retailer_item_id\" content=\"glaz_#24-1_da\" \/>\n<meta property=\"product:condition\" content=\"new\" \/>\n<meta name=\"geo.placename\" content=\"Bytom\" \/>\n<meta name=\"geo.region\" content=\"Polska\" \/>\n<!-- \/ Yoast SEO Premium plugin. -->","yoast_head_json":{"title":"Naturlig mindesten #24 \u2013 Et tidl\u00f8st minde i naturen - Producent Nagrobk\u00f3w dla Zwierz\u0105t | Tablice i Portrety Nagrobne","robots":{"index":"index","follow":"follow","max-snippet":"max-snippet:-1","max-image-preview":"max-image-preview:large","max-video-preview":"max-video-preview:-1"},"canonical":"https:\/\/www.cempulik.eu\/shop\/dk\/produkt\/mindesten-marksten-skovbegravelse-24\/","og_locale":"pl_PL","og_type":"article","og_title":"Naturlig mindesten #24 \u2013 Et tidl\u00f8st minde i naturen - Producent Nagrobk\u00f3w dla Zwierz\u0105t | Tablice i Portrety Nagrobne","og_description":"Smuk natursten skabt til minde. Professionel proces med grafisk korrektur og visuel dokumentation.","og_url":"https:\/\/www.cempulik.eu\/shop\/dk\/produkt\/mindesten-marksten-skovbegravelse-24\/","og_site_name":"Producent Nagrobk\u00f3w dla Zwierz\u0105t | Tablice i Portrety Nagrobne","article_publisher":"https:\/\/m.facebook.com\/profile.php?id=100063565541500&_rdr","article_modified_time":"2026-04-25T05:47:30+00:00","og_image":[{"width":1200,"height":891,"url":"https:\/\/www.cempulik.eu\/shop\/wp-content\/uploads\/2026\/03\/glaz_24-1.webp","type":"image\/webp"}],"twitter_card":"summary_large_image","twitter_misc":{"Cena":"590,00&nbsp;&#122;&#322;","Dost\u0119pno\u015b\u0107":"Dost\u0119pny"},"schema":{"@context":"https:\/\/schema.org","@graph":[{"@type":"WebPage","@id":"https:\/\/www.cempulik.eu\/shop\/dk\/produkt\/mindesten-marksten-skovbegravelse-24\/","url":"https:\/\/www.cempulik.eu\/shop\/dk\/produkt\/mindesten-marksten-skovbegravelse-24\/","name":"Naturlig mindesten #24 \u2013 Et tidl\u00f8st minde i naturen - Producent Nagrobk\u00f3w dla Zwierz\u0105t | Tablice i Portrety Nagrobne","isPartOf":{"@id":"https:\/\/www.cempulik.eu\/shop\/#website"},"primaryImageOfPage":{"@id":"https:\/\/www.cempulik.eu\/shop\/dk\/produkt\/mindesten-marksten-skovbegravelse-24\/#primaryimage"},"image":{"@id":"https:\/\/www.cempulik.eu\/shop\/dk\/produkt\/mindesten-marksten-skovbegravelse-24\/#primaryimage"},"thumbnailUrl":"https:\/\/www.cempulik.eu\/shop\/wp-content\/uploads\/2026\/03\/glaz_24-1.webp","datePublished":"2026-04-10T18:37:07+00:00","dateModified":"2026-04-25T05:47:30+00:00","breadcrumb":{"@id":"https:\/\/www.cempulik.eu\/shop\/dk\/produkt\/mindesten-marksten-skovbegravelse-24\/#breadcrumb"},"inLanguage":"pl-PL","potentialAction":[{"@type":"ReadAction","target":["https:\/\/www.cempulik.eu\/shop\/dk\/produkt\/mindesten-marksten-skovbegravelse-24\/"]}]},{"@type":"ImageObject","inLanguage":"pl-PL","@id":"https:\/\/www.cempulik.eu\/shop\/dk\/produkt\/mindesten-marksten-skovbegravelse-24\/#primaryimage","url":"https:\/\/www.cempulik.eu\/shop\/wp-content\/uploads\/2026\/03\/glaz_24-1.webp","contentUrl":"https:\/\/www.cempulik.eu\/shop\/wp-content\/uploads\/2026\/03\/glaz_24-1.webp","width":1200,"height":891},{"@type":"BreadcrumbList","@id":"https:\/\/www.cempulik.eu\/shop\/dk\/produkt\/mindesten-marksten-skovbegravelse-24\/#breadcrumb","itemListElement":[{"@type":"ListItem","position":1,"name":"shop","item":"https:\/\/www.cempulik.eu\/shop\/"},{"@type":"ListItem","position":2,"name":"Naturlig mindesten #24 \u2013 Et tidl\u00f8st minde i naturen"}]},{"@type":"WebSite","@id":"https:\/\/www.cempulik.eu\/shop\/#website","url":"https:\/\/www.cempulik.eu\/shop\/","name":"Producent Nagrobk\u00f3w dla Zwierz\u0105t | Tablice i Portrety Nagrobne","description":"","publisher":{"@id":"https:\/\/www.cempulik.eu\/shop\/#organization"},"potentialAction":[{"@type":"SearchAction","target":{"@type":"EntryPoint","urlTemplate":"https:\/\/www.cempulik.eu\/shop\/?s={search_term_string}"},"query-input":{"@type":"PropertyValueSpecification","valueRequired":true,"valueName":"search_term_string"}}],"inLanguage":"pl-PL"},{"@type":["Organization","Place"],"@id":"https:\/\/www.cempulik.eu\/shop\/#organization","name":"Us\u0142ugi Kamieniarskie Cempulik Stanis\u0142aw","url":"https:\/\/www.cempulik.eu\/shop\/","logo":{"@id":"https:\/\/www.cempulik.eu\/shop\/dk\/produkt\/mindesten-marksten-skovbegravelse-24\/#local-main-organization-logo"},"image":{"@id":"https:\/\/www.cempulik.eu\/shop\/dk\/produkt\/mindesten-marksten-skovbegravelse-24\/#local-main-organization-logo"},"sameAs":["https:\/\/m.facebook.com\/profile.php?id=100063565541500&_rdr"],"address":{"@id":"https:\/\/www.cempulik.eu\/shop\/dk\/produkt\/mindesten-marksten-skovbegravelse-24\/#local-main-place-address"},"telephone":["+48698936157"],"contactPoint":{"@type":"ContactPoint","telephone":"+48698936157","email":"firma@cempulik.eu"},"openingHoursSpecification":[{"@type":"OpeningHoursSpecification","dayOfWeek":["Monday","Tuesday","Wednesday","Thursday","Friday","Saturday","Sunday"],"opens":"07:00","closes":"16:00"}],"email":"firma@cempulik.eu","taxID":"6261055842"},{"@type":"PostalAddress","@id":"https:\/\/www.cempulik.eu\/shop\/dk\/produkt\/mindesten-marksten-skovbegravelse-24\/#local-main-place-address","streetAddress":"Drzewna 23","addressLocality":"Bytom","postalCode":"41-935","addressRegion":"\u015al\u0105skie","addressCountry":"PL"},{"@type":"ImageObject","inLanguage":"pl-PL","@id":"https:\/\/www.cempulik.eu\/shop\/dk\/produkt\/mindesten-marksten-skovbegravelse-24\/#local-main-organization-logo","url":"https:\/\/www.cempulik.eu\/shop\/wp-content\/uploads\/2023\/02\/cropped-logo_footer__.png","contentUrl":"https:\/\/www.cempulik.eu\/shop\/wp-content\/uploads\/2023\/02\/cropped-logo_footer__.png","width":512,"height":512,"caption":"Us\u0142ugi Kamieniarskie Cempulik Stanis\u0142aw"}]},"product_price_amount":"590.00","product_price_currency":"PLN","og_availability":"instock","product_availability":"instock","product_retailer_item_id":"glaz_#24-1_da","product_condition":"new","geo.placename":"Bytom","geo.region":"Polska"},"lang":"dk","translations":{"dk":6179},"pll_sync_post":[],"_links":{"self":[{"href":"https:\/\/www.cempulik.eu\/shop\/wp-json\/wp\/v2\/product\/6179","targetHints":{"allow":["GET"]}}],"collection":[{"href":"https:\/\/www.cempulik.eu\/shop\/wp-json\/wp\/v2\/product"}],"about":[{"href":"https:\/\/www.cempulik.eu\/shop\/wp-json\/wp\/v2\/types\/product"}],"replies":[{"embeddable":true,"href":"https:\/\/www.cempulik.eu\/shop\/wp-json\/wp\/v2\/comments?post=6179"}],"wp:featuredmedia":[{"embeddable":true,"href":"https:\/\/www.cempulik.eu\/shop\/wp-json\/wp\/v2\/media\/6080"}],"wp:attachment":[{"href":"https:\/\/www.cempulik.eu\/shop\/wp-json\/wp\/v2\/media?parent=6179"}],"wp:term":[{"taxonomy":"product_brand","embeddable":true,"href":"https:\/\/www.cempulik.eu\/shop\/wp-json\/wp\/v2\/product_brand?post=6179"},{"taxonomy":"product_cat","embeddable":true,"href":"https:\/\/www.cempulik.eu\/shop\/wp-json\/wp\/v2\/product_cat?post=6179"},{"taxonomy":"product_tag","embeddable":true,"href":"https:\/\/www.cempulik.eu\/shop\/wp-json\/wp\/v2\/product_tag?post=6179"}],"curies":[{"name":"wp","href":"https:\/\/api.w.org\/{rel}","templated":true}]}}