{"id":6199,"date":"2026-04-12T20:59:23","date_gmt":"2026-04-12T18:59:23","guid":{"rendered":"https:\/\/www.cempulik.eu\/shop\/produkt\/prostokatna-tablica-nagrobna-z-granitu-trwale-upamietnienie-de\/"},"modified":"2026-04-13T07:23:21","modified_gmt":"2026-04-13T05:23:21","slug":"grabplatte-aus-granit-rechteckige-tafel","status":"publish","type":"product","link":"https:\/\/www.cempulik.eu\/shop\/de\/produkt\/grabplatte-aus-granit-rechteckige-tafel\/","title":{"rendered":"Grabplatte aus Granit &#8211; Rechteckige Tafel mit Portr\u00e4t und Inschrift"},"content":{"rendered":"<h3>Grabplatte aus Granit \u2013 Ein w\u00fcrdiges Gedenken an Ihre Lieben<\/h3>\n<p>Angesichts des Verlusts eines geliebten Menschen m\u00f6chten wir eine bleibende Spur hinterlassen, die den Lauf der Zeit \u00fcberdauert. Die Wahl der richtigen <strong>Grabplatte aus Granit<\/strong> ist nicht nur eine \u00e4sthetische Entscheidung, sondern vor allem eine Verpflichtung gegen\u00fcber der Erinnerung. Unsere <strong>Friedhofstafel aus Granit<\/strong> wird in unserer Manufaktur in Bytom hergestellt, wo wir Respekt vor dem traditionellen Steinmetzhandwerk mit der Pr\u00e4zision moderner Technologien verbinden. Jede unserer <strong>Grabplatten aus schwarzem Granit<\/strong> ist ein handwerkliches Kunstwerk, das jahrzehntelang die Geschichte eines Lebens und der Liebe erz\u00e4hlen soll.<\/p>\n<h3>Granitseele: Das Geheimnis des ausgew\u00e4hlten schwarzen Granits<\/h3>\n<p>Nicht jeder Stein eignet sich zur Erstellung der perfekten <strong>Grabplatte mit Portr\u00e4t<\/strong>. Der Schl\u00fcssel zum Erfolg ist die Dichte des Materials. Bei Cempulik Steinmetzwerkstatt arbeiten wir haupts\u00e4chlich auf ausgew\u00e4hltem <strong>schwarzem Granit (z. B. Schwedisch Schwarz oder Impala)<\/strong>. Diese spezielle Sorte zeichnet sich durch eine Feuchtigkeitsaufnahme von nahezu Null aus, was jede <strong>Granitgrabplatte<\/strong> aus unserer Werkstatt voll frostbest\u00e4ndig macht.<\/p>\n<p>Wasser ist der absolute Feind des Steins. Wenn der Granit por\u00f6s ist, dringt Wasser in seine Struktur ein und gefriert bei Frost, wobei Mikroporen gesprengt werden. Unsere ausgew\u00e4hlten Platten mit Spiegelglanz sind von Natur aus gegen dieses Ph\u00e4nomen resistent. Dar\u00fcber hinaus bietet nur tiefes, gleichm\u00e4\u00dfiges Schwarz das perfekte &#8222;Negativ&#8221; f\u00fcr Diamantgravuren und erm\u00f6glicht einen starken Kontrast, ohne dass chemische Farbstoffe verwendet werden m\u00fcssen, die nach einigen Saisons abbl\u00e4ttern k\u00f6nnten.<\/p>\n<h3>Diamantnadelgravur vs. Laser \u2013 Die Wahrheit \u00fcber die Haltbarkeit des Portr\u00e4ts<\/h3>\n<p>Die am h\u00e4ufigsten von unseren Kunden gestellte Frage lautet: <em>&#8222;Verschwindet das Portr\u00e4t auf der Platte nicht?&#8221;<\/em> Die Antwort h\u00e4ngt von der Technik ab. Billige Marktangebote basieren auf Lasergravur, die die Steinoberfl\u00e4che nur geringf\u00fcgig &#8222;verbrennt&#8221;. Diese Methode ist schnell, aber flach \u2013 das Bild vergraut mit der Zeit und verliert an Klarheit.<\/p>\n<p>In unserer Werkstatt verwenden wir die <strong>Diamantnadelgravur<\/strong>. Dies ist ein physischer Prozess, bei dem ein pr\u00e4zise gesteuerter Kopf mit einer Diamantklinge mikroskopische Punkte in die Struktur des Granits schl\u00e4gt. Dies kann mit traditionellem Mei\u00dfeln verglichen werden, jedoch mit fotografischer Genauigkeit. Dank dessen wird das Portr\u00e4t zu einem integralen Bestandteil des Steins. Jeder Schatten im Gesicht, jeder Glanz in den Augen oder jedes Detail der Kleidung wird dauerhaft im Fels festgehalten. Es ist diese Technik, die es uns erm\u00f6glicht, stolz von einer Haltbarkeit zu sprechen, die in Generationen gez\u00e4hlt wird.<\/p>\n<h3>Beschriftung \u2013 Von der Sandstrahlung bis zum traditionellen Handmei\u00dfeln<\/h3>\n<p>W\u00e4hrend das Bild die Pr\u00e4zision einer Nadel erfordert, erfordern die Buchstaben und Inschriften Tiefe und den entsprechenden Charakter. Der Standard in unseren Projekten ist das <strong>Tiefsandstrahlen<\/strong>. Bei diesem Prozess werden Buchstaben unter hohem Druck des Schleifmittels in den Stein geschnitten. Das Ergebnis sind vertiefte (dreidimensionale) Inschriften, die auch ohne Farbe \u00fcber Jahrhunderte lesbar bleiben w\u00fcrden.<\/p>\n<p>Um eine perfekte Lesbarkeit unter allen Lichtbedingungen zu gew\u00e4hrleisten, lackieren wir die Vertiefungen mit speziellen, UV-best\u00e4ndigen Steinmetzfarben (Gold, Silber, Grau oder Wei\u00df). Im Gegensatz zu aufgeklebten Buchstaben fallen sandgestrahlte, gemei\u00dfelte oder CNC-Buchstaben nicht durch Sonne oder Regen ab. Dies ist die Grundlage handwerklicher Solidit\u00e4t.<\/p>\n<h3>Montageanleitung und physikalische Wasserableitung<\/h3>\n<p>Eine Grabplatte ist zwar schwer und massiv, erfordert jedoch eine angemessene Platzierung. Als hilfreiche Handwerker beraten wir Sie immer \u00fcber die besten Montagel\u00f6sungen. Bei gr\u00f6\u00dferen Tafeln (z. B. 50&#215;40 cm oder 60&#215;60 cm), die auf horizontalen Grabplatten montiert werden, ist die Gew\u00e4hrleistung des Wasserablaufs entscheidend.<\/p>\n<p><strong>Empfehlung:<\/strong> Wir empfehlen Ihnen, die Option mit einem <strong>St\u00fctzkeil (sog. Montage 1)<\/strong> zu w\u00e4hlen. Dies ist ein Granitelement, das die R\u00fcckseite der Tafel um ca. 5\u20137 cm anhebt. Dies erzeugt ein nat\u00fcrliches Gef\u00e4lle, dank dem Regenwasser nicht am Fu\u00df der Platte stehen bleibt, sondern frei abflie\u00dft, was die Ablagerung von Staub und Flechten erheblich reduziert.<\/p>\n<p>[FAQ]<br \/>\nFrage: Wie sende ich Text und Foto f\u00fcr das Projekt?<br \/>\nAntwort: Bitte senden Sie nach dem Kauf die Daten an unsere E-Mail-Adresse: sklep@cempulik.eu. Das Foto kann im digitalen Format (JPG, PNG) vorliegen, oder wir k\u00f6nnen eine traditionelle Papierfotografie, die uns per Post zugesandt wird, f\u00fcr Sie einscannen.<\/p>\n<p>Frage: Sehe ich vor der Anfertigung, wie die Tafel aussehen wird?<br \/>\nAntwort: Ja. Es ist Standard in unserem Unternehmen, eine kostenlose Visualisierung vorzubereiten. Wir f\u00fchren diese innerhalb von 24 Stunden nach Erhalt der Materialien durch. Erst nach Ihrer schriftlichen Genehmigung des Projekts beginnen wir mit der Arbeit in Stein.<\/p>\n<p>Frage: Wie montiere ich die Platte selbst?<br \/>\nAntwort: Die Selbstmontage ist einfach. Reinigen und entfetten Sie einfach die Grabsteinoberfl\u00e4che, tragen Sie Steinmetz-Silikon auf oder verwenden Sie starkes Montageband. Wir legen jeder Sendung eine detaillierte Anleitung bei.<\/p>\n<p>Frage: Verblasst schwarzer Granit nicht in der Sonne?<br \/>\nAntwort: Nein. Wir verwenden nur Naturstein, dessen Farbe aus Mineralien und Dichte resultiert, nicht aus Oberfl\u00e4chenf\u00e4rbung. Granit ist UV-best\u00e4ndig und verliert jahrzehntelang nicht an Farbe.<\/p>\n<p>Frage: Was passiert, wenn die Sendung beim Transport besch\u00e4digt wird?<br \/>\nAntwort: Wir \u00fcbernehmen die volle Verantwortung f\u00fcr die Sicherheit der Lieferung. Wir verpacken unsere Tafeln in mehrschichtigen Schutz und spezielle Kartons. Sollte es dennoch zu Sch\u00e4den kommen, fertigen wir unverz\u00fcglich auf unsere Kosten eine neue Platte an \u2013 ohne zus\u00e4tzliche Formalit\u00e4ten f\u00fcr Sie.<\/p>\n<p>Frage: Wie lange dauert die Auftragsabwicklung?<br \/>\nAntwort: Ab dem Zeitpunkt Ihrer Genehmigung des Projekts versenden wir die fertige Tafel in der Regel innerhalb von 3 bis 7 Werktagen. Wir legen Wert darauf, dass das Andenken Sie so schnell wie m\u00f6glich erreicht, bei h\u00f6chster Sorgfalt in der Verarbeitung.<\/p>\n<p>Frage: Was sollte ich verwenden, um die Granittafel zu reinigen?<br \/>\nAntwort: Wir empfehlen die Verwendung von sauberem Wasser oder Wasser mit ein wenig Kernseife. Aggressive Chemikalien und Scheuerschw\u00e4mme sollten vermieden werden, da sie die spiegelglatt polierte Oberfl\u00e4che des Granits zerkratzen k\u00f6nnten.<br \/>\n[\/FAQ]<\/p>\n","protected":false},"excerpt":{"rendered":"<p>Langlebige Grabplatte aus schwarzem Granit mit Portr\u00e4t und Inschrift, in vielen Gr\u00f6\u00dfen erh\u00e4ltlich. Hergestellt in Diamantgravur-Technik, wetterfest. Ideal f\u00fcr den Friedhof.<\/p>\n","protected":false},"featured_media":0,"comment_status":"open","ping_status":"closed","template":"","meta":{"site-sidebar-layout":"default","site-content-layout":"","ast-site-content-layout":"default","site-content-style":"default","site-sidebar-style":"default","ast-global-header-display":"","ast-banner-title-visibility":"","ast-main-header-display":"","ast-hfb-above-header-display":"","ast-hfb-below-header-display":"","ast-hfb-mobile-header-display":"","site-post-title":"","ast-breadcrumbs-content":"","ast-featured-img":"","footer-sml-layout":"","ast-disable-related-posts":"","theme-transparent-header-meta":"","adv-header-id-meta":"","stick-header-meta":"","header-above-stick-meta":"","header-main-stick-meta":"","header-below-stick-meta":"","astra-migrate-meta-layouts":"default","ast-page-background-enabled":"default","ast-page-background-meta":{"desktop":{"background-color":"var(--ast-global-color-4)","background-image":"","background-repeat":"repeat","background-position":"center center","background-size":"auto","background-attachment":"scroll","background-type":"","background-media":"","overlay-type":"","overlay-color":"","overlay-opacity":"","overlay-gradient":""},"tablet":{"background-color":"","background-image":"","background-repeat":"repeat","background-position":"center center","background-size":"auto","background-attachment":"scroll","background-type":"","background-media":"","overlay-type":"","overlay-color":"","overlay-opacity":"","overlay-gradient":""},"mobile":{"background-color":"","background-image":"","background-repeat":"repeat","background-position":"center center","background-size":"auto","background-attachment":"scroll","background-type":"","background-media":"","overlay-type":"","overlay-color":"","overlay-opacity":"","overlay-gradient":""}},"ast-content-background-meta":{"desktop":{"background-color":"var(--ast-global-color-5)","background-image":"","background-repeat":"repeat","background-position":"center center","background-size":"auto","background-attachment":"scroll","background-type":"","background-media":"","overlay-type":"","overlay-color":"","overlay-opacity":"","overlay-gradient":""},"tablet":{"background-color":"var(--ast-global-color-5)","background-image":"","background-repeat":"repeat","background-position":"center center","background-size":"auto","background-attachment":"scroll","background-type":"","background-media":"","overlay-type":"","overlay-color":"","overlay-opacity":"","overlay-gradient":""},"mobile":{"background-color":"var(--ast-global-color-5)","background-image":"","background-repeat":"repeat","background-position":"center center","background-size":"auto","background-attachment":"scroll","background-type":"","background-media":"","overlay-type":"","overlay-color":"","overlay-opacity":"","overlay-gradient":""}}},"product_brand":[],"product_cat":[947],"product_tag":[],"class_list":{"0":"post-6199","1":"product","2":"type-product","3":"status-publish","5":"product_cat-rechteckige-platten","6":"desktop-align-center","7":"tablet-align-left","8":"mobile-align-left","9":"ast-product-gallery-layout-horizontal-slider","10":"ast-product-gallery-with-no-image","11":"ast-product-single-variable","12":"ast-product-tabs-layout-horizontal","14":"first","15":"instock","16":"shipping-taxable","17":"purchasable","18":"product-type-variable","19":"has-default-attributes"},"yoast_head":"<!-- This site is optimized with the Yoast SEO Premium plugin v26.7 (Yoast SEO v26.7) - https:\/\/yoast.com\/wordpress\/plugins\/seo\/ -->\n<title>Grabplatte aus Granit - Rechteckige Tafel mit Portr\u00e4t und Inschrift - Producent Nagrobk\u00f3w dla Zwierz\u0105t | Tablice i Portrety Nagrobne<\/title>\n<meta name=\"robots\" content=\"index, follow, max-snippet:-1, max-image-preview:large, max-video-preview:-1\" \/>\n<link rel=\"canonical\" href=\"https:\/\/www.cempulik.eu\/shop\/de\/produkt\/grabplatte-aus-granit-rechteckige-tafel\/\" \/>\n<meta property=\"og:locale\" content=\"pl_PL\" \/>\n<meta property=\"og:type\" content=\"article\" \/>\n<meta property=\"og:title\" content=\"Grabplatte aus Granit - Rechteckige Tafel mit Portr\u00e4t und Inschrift - Producent Nagrobk\u00f3w dla Zwierz\u0105t | Tablice i Portrety Nagrobne\" \/>\n<meta property=\"og:description\" content=\"Langlebige Grabplatte aus schwarzem Granit mit Portr\u00e4t und Inschrift, in vielen Gr\u00f6\u00dfen erh\u00e4ltlich. Hergestellt in Diamantgravur-Technik, wetterfest. Ideal f\u00fcr den Friedhof.\" \/>\n<meta property=\"og:url\" content=\"https:\/\/www.cempulik.eu\/shop\/de\/produkt\/grabplatte-aus-granit-rechteckige-tafel\/\" \/>\n<meta property=\"og:site_name\" content=\"Producent Nagrobk\u00f3w dla Zwierz\u0105t | Tablice i Portrety Nagrobne\" \/>\n<meta property=\"article:publisher\" content=\"https:\/\/m.facebook.com\/profile.php?id=100063565541500&amp;_rdr\" \/>\n<meta property=\"article:modified_time\" content=\"2026-04-13T05:23:21+00:00\" \/>\n<meta property=\"og:image\" content=\"https:\/\/www.cempulik.eu\/shop\/wp-content\/uploads\/2023\/02\/logo_footer__.png\" \/>\n\t<meta property=\"og:image:width\" content=\"396\" \/>\n\t<meta property=\"og:image:height\" content=\"128\" \/>\n\t<meta property=\"og:image:type\" content=\"image\/png\" \/>\n<meta name=\"twitter:card\" content=\"summary_large_image\" \/>\n<meta name=\"twitter:label1\" content=\"Dost\u0119pno\u015b\u0107\" \/>\n\t<meta name=\"twitter:data1\" content=\"Dost\u0119pny\" \/>\n<script type=\"application\/ld+json\" class=\"yoast-schema-graph\">{\"@context\":\"https:\/\/schema.org\",\"@graph\":[{\"@type\":\"WebPage\",\"@id\":\"https:\/\/www.cempulik.eu\/shop\/de\/produkt\/grabplatte-aus-granit-rechteckige-tafel\/\",\"url\":\"https:\/\/www.cempulik.eu\/shop\/de\/produkt\/grabplatte-aus-granit-rechteckige-tafel\/\",\"name\":\"Grabplatte aus Granit - Rechteckige Tafel mit Portr\u00e4t und Inschrift - Producent Nagrobk\u00f3w dla Zwierz\u0105t | Tablice i Portrety Nagrobne\",\"isPartOf\":{\"@id\":\"https:\/\/www.cempulik.eu\/shop\/#website\"},\"datePublished\":\"2026-04-12T18:59:23+00:00\",\"dateModified\":\"2026-04-13T05:23:21+00:00\",\"breadcrumb\":{\"@id\":\"https:\/\/www.cempulik.eu\/shop\/de\/produkt\/grabplatte-aus-granit-rechteckige-tafel\/#breadcrumb\"},\"inLanguage\":\"pl-PL\",\"potentialAction\":[{\"@type\":\"ReadAction\",\"target\":[\"https:\/\/www.cempulik.eu\/shop\/de\/produkt\/grabplatte-aus-granit-rechteckige-tafel\/\"]}]},{\"@type\":\"BreadcrumbList\",\"@id\":\"https:\/\/www.cempulik.eu\/shop\/de\/produkt\/grabplatte-aus-granit-rechteckige-tafel\/#breadcrumb\",\"itemListElement\":[{\"@type\":\"ListItem\",\"position\":1,\"name\":\"shop\",\"item\":\"https:\/\/www.cempulik.eu\/shop\/\"},{\"@type\":\"ListItem\",\"position\":2,\"name\":\"Grabplatte aus Granit &#8211; Rechteckige Tafel mit Portr\u00e4t und Inschrift\"}]},{\"@type\":\"WebSite\",\"@id\":\"https:\/\/www.cempulik.eu\/shop\/#website\",\"url\":\"https:\/\/www.cempulik.eu\/shop\/\",\"name\":\"Producent Nagrobk\u00f3w dla Zwierz\u0105t | Tablice i Portrety Nagrobne\",\"description\":\"\",\"publisher\":{\"@id\":\"https:\/\/www.cempulik.eu\/shop\/#organization\"},\"potentialAction\":[{\"@type\":\"SearchAction\",\"target\":{\"@type\":\"EntryPoint\",\"urlTemplate\":\"https:\/\/www.cempulik.eu\/shop\/?s={search_term_string}\"},\"query-input\":{\"@type\":\"PropertyValueSpecification\",\"valueRequired\":true,\"valueName\":\"search_term_string\"}}],\"inLanguage\":\"pl-PL\"},{\"@type\":[\"Organization\",\"Place\"],\"@id\":\"https:\/\/www.cempulik.eu\/shop\/#organization\",\"name\":\"Us\u0142ugi Kamieniarskie Cempulik Stanis\u0142aw\",\"url\":\"https:\/\/www.cempulik.eu\/shop\/\",\"logo\":{\"@id\":\"https:\/\/www.cempulik.eu\/shop\/de\/produkt\/grabplatte-aus-granit-rechteckige-tafel\/#local-main-organization-logo\"},\"image\":{\"@id\":\"https:\/\/www.cempulik.eu\/shop\/de\/produkt\/grabplatte-aus-granit-rechteckige-tafel\/#local-main-organization-logo\"},\"sameAs\":[\"https:\/\/m.facebook.com\/profile.php?id=100063565541500&_rdr\"],\"address\":{\"@id\":\"https:\/\/www.cempulik.eu\/shop\/de\/produkt\/grabplatte-aus-granit-rechteckige-tafel\/#local-main-place-address\"},\"telephone\":[\"+48698936157\"],\"contactPoint\":{\"@type\":\"ContactPoint\",\"telephone\":\"+48698936157\",\"email\":\"firma@cempulik.eu\"},\"openingHoursSpecification\":[{\"@type\":\"OpeningHoursSpecification\",\"dayOfWeek\":[\"Monday\",\"Tuesday\",\"Wednesday\",\"Thursday\",\"Friday\",\"Saturday\",\"Sunday\"],\"opens\":\"07:00\",\"closes\":\"16:00\"}],\"email\":\"firma@cempulik.eu\",\"taxID\":\"6261055842\"},{\"@type\":\"PostalAddress\",\"@id\":\"https:\/\/www.cempulik.eu\/shop\/de\/produkt\/grabplatte-aus-granit-rechteckige-tafel\/#local-main-place-address\",\"streetAddress\":\"Drzewna 23\",\"addressLocality\":\"Bytom\",\"postalCode\":\"41-935\",\"addressRegion\":\"\u015al\u0105skie\",\"addressCountry\":\"PL\"},{\"@type\":\"ImageObject\",\"inLanguage\":\"pl-PL\",\"@id\":\"https:\/\/www.cempulik.eu\/shop\/de\/produkt\/grabplatte-aus-granit-rechteckige-tafel\/#local-main-organization-logo\",\"url\":\"https:\/\/www.cempulik.eu\/shop\/wp-content\/uploads\/2023\/02\/cropped-logo_footer__.png\",\"contentUrl\":\"https:\/\/www.cempulik.eu\/shop\/wp-content\/uploads\/2023\/02\/cropped-logo_footer__.png\",\"width\":512,\"height\":512,\"caption\":\"Us\u0142ugi Kamieniarskie Cempulik Stanis\u0142aw\"}]}<\/script>\n<meta property=\"og:availability\" content=\"instock\" \/>\n<meta property=\"product:availability\" content=\"instock\" \/>\n<meta property=\"product:condition\" content=\"new\" \/>\n<meta name=\"geo.placename\" content=\"Bytom\" \/>\n<meta name=\"geo.region\" content=\"Polska\" \/>\n<!-- \/ Yoast SEO Premium plugin. -->","yoast_head_json":{"title":"Grabplatte aus Granit - Rechteckige Tafel mit Portr\u00e4t und Inschrift - Producent Nagrobk\u00f3w dla Zwierz\u0105t | Tablice i Portrety Nagrobne","robots":{"index":"index","follow":"follow","max-snippet":"max-snippet:-1","max-image-preview":"max-image-preview:large","max-video-preview":"max-video-preview:-1"},"canonical":"https:\/\/www.cempulik.eu\/shop\/de\/produkt\/grabplatte-aus-granit-rechteckige-tafel\/","og_locale":"pl_PL","og_type":"article","og_title":"Grabplatte aus Granit - Rechteckige Tafel mit Portr\u00e4t und Inschrift - Producent Nagrobk\u00f3w dla Zwierz\u0105t | Tablice i Portrety Nagrobne","og_description":"Langlebige Grabplatte aus schwarzem Granit mit Portr\u00e4t und Inschrift, in vielen Gr\u00f6\u00dfen erh\u00e4ltlich. Hergestellt in Diamantgravur-Technik, wetterfest. Ideal f\u00fcr den Friedhof.","og_url":"https:\/\/www.cempulik.eu\/shop\/de\/produkt\/grabplatte-aus-granit-rechteckige-tafel\/","og_site_name":"Producent Nagrobk\u00f3w dla Zwierz\u0105t | Tablice i Portrety Nagrobne","article_publisher":"https:\/\/m.facebook.com\/profile.php?id=100063565541500&_rdr","article_modified_time":"2026-04-13T05:23:21+00:00","og_image":[{"width":396,"height":128,"url":"https:\/\/www.cempulik.eu\/shop\/wp-content\/uploads\/2023\/02\/logo_footer__.png","type":"image\/png"}],"twitter_card":"summary_large_image","twitter_misc":{"Dost\u0119pno\u015b\u0107":"Dost\u0119pny"},"schema":{"@context":"https:\/\/schema.org","@graph":[{"@type":"WebPage","@id":"https:\/\/www.cempulik.eu\/shop\/de\/produkt\/grabplatte-aus-granit-rechteckige-tafel\/","url":"https:\/\/www.cempulik.eu\/shop\/de\/produkt\/grabplatte-aus-granit-rechteckige-tafel\/","name":"Grabplatte aus Granit - Rechteckige Tafel mit Portr\u00e4t und Inschrift - Producent Nagrobk\u00f3w dla Zwierz\u0105t | Tablice i Portrety Nagrobne","isPartOf":{"@id":"https:\/\/www.cempulik.eu\/shop\/#website"},"datePublished":"2026-04-12T18:59:23+00:00","dateModified":"2026-04-13T05:23:21+00:00","breadcrumb":{"@id":"https:\/\/www.cempulik.eu\/shop\/de\/produkt\/grabplatte-aus-granit-rechteckige-tafel\/#breadcrumb"},"inLanguage":"pl-PL","potentialAction":[{"@type":"ReadAction","target":["https:\/\/www.cempulik.eu\/shop\/de\/produkt\/grabplatte-aus-granit-rechteckige-tafel\/"]}]},{"@type":"BreadcrumbList","@id":"https:\/\/www.cempulik.eu\/shop\/de\/produkt\/grabplatte-aus-granit-rechteckige-tafel\/#breadcrumb","itemListElement":[{"@type":"ListItem","position":1,"name":"shop","item":"https:\/\/www.cempulik.eu\/shop\/"},{"@type":"ListItem","position":2,"name":"Grabplatte aus Granit &#8211; Rechteckige Tafel mit Portr\u00e4t und Inschrift"}]},{"@type":"WebSite","@id":"https:\/\/www.cempulik.eu\/shop\/#website","url":"https:\/\/www.cempulik.eu\/shop\/","name":"Producent Nagrobk\u00f3w dla Zwierz\u0105t | Tablice i Portrety Nagrobne","description":"","publisher":{"@id":"https:\/\/www.cempulik.eu\/shop\/#organization"},"potentialAction":[{"@type":"SearchAction","target":{"@type":"EntryPoint","urlTemplate":"https:\/\/www.cempulik.eu\/shop\/?s={search_term_string}"},"query-input":{"@type":"PropertyValueSpecification","valueRequired":true,"valueName":"search_term_string"}}],"inLanguage":"pl-PL"},{"@type":["Organization","Place"],"@id":"https:\/\/www.cempulik.eu\/shop\/#organization","name":"Us\u0142ugi Kamieniarskie Cempulik Stanis\u0142aw","url":"https:\/\/www.cempulik.eu\/shop\/","logo":{"@id":"https:\/\/www.cempulik.eu\/shop\/de\/produkt\/grabplatte-aus-granit-rechteckige-tafel\/#local-main-organization-logo"},"image":{"@id":"https:\/\/www.cempulik.eu\/shop\/de\/produkt\/grabplatte-aus-granit-rechteckige-tafel\/#local-main-organization-logo"},"sameAs":["https:\/\/m.facebook.com\/profile.php?id=100063565541500&_rdr"],"address":{"@id":"https:\/\/www.cempulik.eu\/shop\/de\/produkt\/grabplatte-aus-granit-rechteckige-tafel\/#local-main-place-address"},"telephone":["+48698936157"],"contactPoint":{"@type":"ContactPoint","telephone":"+48698936157","email":"firma@cempulik.eu"},"openingHoursSpecification":[{"@type":"OpeningHoursSpecification","dayOfWeek":["Monday","Tuesday","Wednesday","Thursday","Friday","Saturday","Sunday"],"opens":"07:00","closes":"16:00"}],"email":"firma@cempulik.eu","taxID":"6261055842"},{"@type":"PostalAddress","@id":"https:\/\/www.cempulik.eu\/shop\/de\/produkt\/grabplatte-aus-granit-rechteckige-tafel\/#local-main-place-address","streetAddress":"Drzewna 23","addressLocality":"Bytom","postalCode":"41-935","addressRegion":"\u015al\u0105skie","addressCountry":"PL"},{"@type":"ImageObject","inLanguage":"pl-PL","@id":"https:\/\/www.cempulik.eu\/shop\/de\/produkt\/grabplatte-aus-granit-rechteckige-tafel\/#local-main-organization-logo","url":"https:\/\/www.cempulik.eu\/shop\/wp-content\/uploads\/2023\/02\/cropped-logo_footer__.png","contentUrl":"https:\/\/www.cempulik.eu\/shop\/wp-content\/uploads\/2023\/02\/cropped-logo_footer__.png","width":512,"height":512,"caption":"Us\u0142ugi Kamieniarskie Cempulik Stanis\u0142aw"}]},"og_availability":"instock","product_availability":"instock","product_condition":"new","geo.placename":"Bytom","geo.region":"Polska"},"lang":"de","translations":{"de":6199,"pl":6186,"en":6198},"pll_sync_post":[],"_links":{"self":[{"href":"https:\/\/www.cempulik.eu\/shop\/wp-json\/wp\/v2\/product\/6199","targetHints":{"allow":["GET"]}}],"collection":[{"href":"https:\/\/www.cempulik.eu\/shop\/wp-json\/wp\/v2\/product"}],"about":[{"href":"https:\/\/www.cempulik.eu\/shop\/wp-json\/wp\/v2\/types\/product"}],"replies":[{"embeddable":true,"href":"https:\/\/www.cempulik.eu\/shop\/wp-json\/wp\/v2\/comments?post=6199"}],"wp:attachment":[{"href":"https:\/\/www.cempulik.eu\/shop\/wp-json\/wp\/v2\/media?parent=6199"}],"wp:term":[{"taxonomy":"product_brand","embeddable":true,"href":"https:\/\/www.cempulik.eu\/shop\/wp-json\/wp\/v2\/product_brand?post=6199"},{"taxonomy":"product_cat","embeddable":true,"href":"https:\/\/www.cempulik.eu\/shop\/wp-json\/wp\/v2\/product_cat?post=6199"},{"taxonomy":"product_tag","embeddable":true,"href":"https:\/\/www.cempulik.eu\/shop\/wp-json\/wp\/v2\/product_tag?post=6199"}],"curies":[{"name":"wp","href":"https:\/\/api.w.org\/{rel}","templated":true}]}}