{"id":6225,"date":"2026-04-14T12:33:19","date_gmt":"2026-04-14T10:33:19","guid":{"rendered":"https:\/\/www.cempulik.eu\/shop\/produkt\/monumental-mindesten-17-naturlig-marksten-med-karakter-pl\/"},"modified":"2026-04-16T14:15:07","modified_gmt":"2026-04-16T12:15:07","slug":"monumental-mindesten-17-naturlig-marksten-med-karakter-pl","status":"publish","type":"product","link":"https:\/\/www.cempulik.eu\/shop\/en\/produkt\/monumental-mindesten-17-naturlig-marksten-med-karakter-pl\/","title":{"rendered":"Du\u017cy G\u0142az Narzutowy #17 \u2013 Monumentalny Pomnik Pami\u0119ci"},"content":{"rendered":"<p><strong>Immortal Portrait in Granite \u2013 A Memorial for Generations<\/strong><\/p>\n<p>A diamond-engraved photo is the most noble and durable form of commemorating Loved Ones. Unlike traditional photo ceramics, engraving is a physical interference in the stone&#8217;s structure \u2013 the image is carved into a polished sheet of black granite, guaranteeing its eternal durability.<\/p>\n<p>[H2] \ud83d\udcca Technical Specification [\/H2]<\/p>\n<div class=\"elite-table-container\">\n<table class=\"elite-table\">\n<thead>\n<tr>\n<th>Feature<\/th>\n<th>Details<\/th>\n<\/tr>\n<\/thead>\n<tbody>\n<tr>\n<td>Material<\/td>\n<td>Polished Black Granite (Premium)<\/td>\n<\/tr>\n<tr>\n<td>Dimensions<\/td>\n<td>13 x 18 x 1 cm<\/td>\n<\/tr>\n<tr>\n<td>Correction<\/td>\n<td>Professional correction of key portrait elements by hand with a diamond needle and scribe<\/td>\n<\/tr>\n<tr>\n<td>Engraving<\/td>\n<td>Diamond technology (impact)<\/td>\n<\/tr>\n<tr>\n<td>Mounting<\/td>\n<td>Ready for installation (apply binder)<\/td>\n<\/tr>\n<\/tbody>\n<\/table>\n<\/div>\n","protected":false},"excerpt":{"rendered":"<p>Immortal memorial in black granite. Hand correction with a diamond needle, eternal durability, and free photo retouching.<\/p>\n","protected":false},"featured_media":4835,"comment_status":"open","ping_status":"closed","template":"","meta":{"site-sidebar-layout":"default","site-content-layout":"","ast-site-content-layout":"default","site-content-style":"default","site-sidebar-style":"default","ast-global-header-display":"","ast-banner-title-visibility":"","ast-main-header-display":"","ast-hfb-above-header-display":"","ast-hfb-below-header-display":"","ast-hfb-mobile-header-display":"","site-post-title":"","ast-breadcrumbs-content":"","ast-featured-img":"","footer-sml-layout":"","ast-disable-related-posts":"","theme-transparent-header-meta":"","adv-header-id-meta":"","stick-header-meta":"","header-above-stick-meta":"","header-main-stick-meta":"","header-below-stick-meta":"","astra-migrate-meta-layouts":"default","ast-page-background-enabled":"default","ast-page-background-meta":{"desktop":{"background-color":"var(--ast-global-color-4)","background-image":"","background-repeat":"repeat","background-position":"center center","background-size":"auto","background-attachment":"scroll","background-type":"","background-media":"","overlay-type":"","overlay-color":"","overlay-opacity":"","overlay-gradient":""},"tablet":{"background-color":"","background-image":"","background-repeat":"repeat","background-position":"center center","background-size":"auto","background-attachment":"scroll","background-type":"","background-media":"","overlay-type":"","overlay-color":"","overlay-opacity":"","overlay-gradient":""},"mobile":{"background-color":"","background-image":"","background-repeat":"repeat","background-position":"center center","background-size":"auto","background-attachment":"scroll","background-type":"","background-media":"","overlay-type":"","overlay-color":"","overlay-opacity":"","overlay-gradient":""}},"ast-content-background-meta":{"desktop":{"background-color":"var(--ast-global-color-5)","background-image":"","background-repeat":"repeat","background-position":"center center","background-size":"auto","background-attachment":"scroll","background-type":"","background-media":"","overlay-type":"","overlay-color":"","overlay-opacity":"","overlay-gradient":""},"tablet":{"background-color":"var(--ast-global-color-5)","background-image":"","background-repeat":"repeat","background-position":"center center","background-size":"auto","background-attachment":"scroll","background-type":"","background-media":"","overlay-type":"","overlay-color":"","overlay-opacity":"","overlay-gradient":""},"mobile":{"background-color":"var(--ast-global-color-5)","background-image":"","background-repeat":"repeat","background-position":"center center","background-size":"auto","background-attachment":"scroll","background-type":"","background-media":"","overlay-type":"","overlay-color":"","overlay-opacity":"","overlay-gradient":""}}},"product_brand":[],"product_cat":[1002],"product_tag":[],"class_list":{"0":"post-6225","1":"product","2":"type-product","3":"status-publish","4":"has-post-thumbnail","6":"product_cat-glazy-na-lesne-cmentarze-naturalne-pomniki","7":"desktop-align-center","8":"tablet-align-left","9":"mobile-align-left","10":"ast-product-gallery-layout-horizontal-slider","11":"ast-product-gallery-with-no-image","12":"ast-product-tabs-layout-horizontal","14":"first","15":"instock","16":"shipping-taxable","17":"purchasable","18":"product-type-simple"},"yoast_head":"<!-- This site is optimized with the Yoast SEO Premium plugin v26.7 (Yoast SEO v26.7) - https:\/\/yoast.com\/wordpress\/plugins\/seo\/ -->\n<title>Du\u017cy G\u0142az Narzutowy #17 \u2013 Monumentalny Pomnik Pami\u0119ci - Producent Nagrobk\u00f3w dla Zwierz\u0105t | Tablice i Portrety Nagrobne<\/title>\n<meta name=\"robots\" content=\"index, follow, max-snippet:-1, max-image-preview:large, max-video-preview:-1\" \/>\n<link rel=\"canonical\" href=\"https:\/\/www.cempulik.eu\/shop\/en\/produkt\/monumental-mindesten-17-naturlig-marksten-med-karakter-pl\/\" \/>\n<meta property=\"og:locale\" content=\"pl_PL\" \/>\n<meta property=\"og:type\" content=\"article\" \/>\n<meta property=\"og:title\" content=\"Du\u017cy G\u0142az Narzutowy #17 \u2013 Monumentalny Pomnik Pami\u0119ci - Producent Nagrobk\u00f3w dla Zwierz\u0105t | Tablice i Portrety Nagrobne\" \/>\n<meta property=\"og:description\" content=\"Immortal memorial in black granite. Hand correction with a diamond needle, eternal durability, and free photo retouching.\" \/>\n<meta property=\"og:url\" content=\"https:\/\/www.cempulik.eu\/shop\/en\/produkt\/monumental-mindesten-17-naturlig-marksten-med-karakter-pl\/\" \/>\n<meta property=\"og:site_name\" content=\"Producent Nagrobk\u00f3w dla Zwierz\u0105t | Tablice i Portrety Nagrobne\" \/>\n<meta property=\"article:publisher\" content=\"https:\/\/m.facebook.com\/profile.php?id=100063565541500&amp;_rdr\" \/>\n<meta property=\"article:modified_time\" content=\"2026-04-16T12:15:07+00:00\" \/>\n<meta property=\"og:image\" content=\"https:\/\/www.cempulik.eu\/shop\/wp-content\/uploads\/2023\/02\/serce_pochylone_dyzia640.webp\" \/>\n\t<meta property=\"og:image:width\" content=\"640\" \/>\n\t<meta property=\"og:image:height\" content=\"460\" \/>\n\t<meta property=\"og:image:type\" content=\"image\/webp\" \/>\n<meta name=\"twitter:card\" content=\"summary_large_image\" \/>\n<meta name=\"twitter:label1\" content=\"Cena\" \/>\n\t<meta name=\"twitter:data1\" content=\"720,00&nbsp;&#122;&#322;\" \/>\n\t<meta name=\"twitter:label2\" content=\"Dost\u0119pno\u015b\u0107\" \/>\n\t<meta name=\"twitter:data2\" content=\"Dost\u0119pny\" \/>\n<script type=\"application\/ld+json\" class=\"yoast-schema-graph\">{\"@context\":\"https:\/\/schema.org\",\"@graph\":[{\"@type\":\"WebPage\",\"@id\":\"https:\/\/www.cempulik.eu\/shop\/en\/produkt\/monumental-mindesten-17-naturlig-marksten-med-karakter-pl\/\",\"url\":\"https:\/\/www.cempulik.eu\/shop\/en\/produkt\/monumental-mindesten-17-naturlig-marksten-med-karakter-pl\/\",\"name\":\"Du\u017cy G\u0142az Narzutowy #17 \u2013 Monumentalny Pomnik Pami\u0119ci - Producent Nagrobk\u00f3w dla Zwierz\u0105t | Tablice i Portrety Nagrobne\",\"isPartOf\":{\"@id\":\"https:\/\/www.cempulik.eu\/shop\/#website\"},\"primaryImageOfPage\":{\"@id\":\"https:\/\/www.cempulik.eu\/shop\/en\/produkt\/monumental-mindesten-17-naturlig-marksten-med-karakter-pl\/#primaryimage\"},\"image\":{\"@id\":\"https:\/\/www.cempulik.eu\/shop\/en\/produkt\/monumental-mindesten-17-naturlig-marksten-med-karakter-pl\/#primaryimage\"},\"thumbnailUrl\":\"https:\/\/www.cempulik.eu\/shop\/wp-content\/uploads\/2023\/02\/serce_pochylone_dyzia640.webp\",\"datePublished\":\"2026-04-14T10:33:19+00:00\",\"dateModified\":\"2026-04-16T12:15:07+00:00\",\"breadcrumb\":{\"@id\":\"https:\/\/www.cempulik.eu\/shop\/en\/produkt\/monumental-mindesten-17-naturlig-marksten-med-karakter-pl\/#breadcrumb\"},\"inLanguage\":\"pl-PL\",\"potentialAction\":[{\"@type\":\"ReadAction\",\"target\":[\"https:\/\/www.cempulik.eu\/shop\/en\/produkt\/monumental-mindesten-17-naturlig-marksten-med-karakter-pl\/\"]}]},{\"@type\":\"ImageObject\",\"inLanguage\":\"pl-PL\",\"@id\":\"https:\/\/www.cempulik.eu\/shop\/en\/produkt\/monumental-mindesten-17-naturlig-marksten-med-karakter-pl\/#primaryimage\",\"url\":\"https:\/\/www.cempulik.eu\/shop\/wp-content\/uploads\/2023\/02\/serce_pochylone_dyzia640.webp\",\"contentUrl\":\"https:\/\/www.cempulik.eu\/shop\/wp-content\/uploads\/2023\/02\/serce_pochylone_dyzia640.webp\",\"width\":640,\"height\":460,\"caption\":\"Serce dla psa o imieniu Dyzia\"},{\"@type\":\"BreadcrumbList\",\"@id\":\"https:\/\/www.cempulik.eu\/shop\/en\/produkt\/monumental-mindesten-17-naturlig-marksten-med-karakter-pl\/#breadcrumb\",\"itemListElement\":[{\"@type\":\"ListItem\",\"position\":1,\"name\":\"shop\",\"item\":\"https:\/\/www.cempulik.eu\/shop\/\"},{\"@type\":\"ListItem\",\"position\":2,\"name\":\"Du\u017cy G\u0142az Narzutowy #17 \u2013 Monumentalny Pomnik Pami\u0119ci\"}]},{\"@type\":\"WebSite\",\"@id\":\"https:\/\/www.cempulik.eu\/shop\/#website\",\"url\":\"https:\/\/www.cempulik.eu\/shop\/\",\"name\":\"Producent Nagrobk\u00f3w dla Zwierz\u0105t | Tablice i Portrety Nagrobne\",\"description\":\"\",\"publisher\":{\"@id\":\"https:\/\/www.cempulik.eu\/shop\/#organization\"},\"potentialAction\":[{\"@type\":\"SearchAction\",\"target\":{\"@type\":\"EntryPoint\",\"urlTemplate\":\"https:\/\/www.cempulik.eu\/shop\/?s={search_term_string}\"},\"query-input\":{\"@type\":\"PropertyValueSpecification\",\"valueRequired\":true,\"valueName\":\"search_term_string\"}}],\"inLanguage\":\"pl-PL\"},{\"@type\":[\"Organization\",\"Place\"],\"@id\":\"https:\/\/www.cempulik.eu\/shop\/#organization\",\"name\":\"Us\u0142ugi Kamieniarskie Cempulik Stanis\u0142aw\",\"url\":\"https:\/\/www.cempulik.eu\/shop\/\",\"logo\":{\"@id\":\"https:\/\/www.cempulik.eu\/shop\/en\/produkt\/monumental-mindesten-17-naturlig-marksten-med-karakter-pl\/#local-main-organization-logo\"},\"image\":{\"@id\":\"https:\/\/www.cempulik.eu\/shop\/en\/produkt\/monumental-mindesten-17-naturlig-marksten-med-karakter-pl\/#local-main-organization-logo\"},\"sameAs\":[\"https:\/\/m.facebook.com\/profile.php?id=100063565541500&_rdr\"],\"address\":{\"@id\":\"https:\/\/www.cempulik.eu\/shop\/en\/produkt\/monumental-mindesten-17-naturlig-marksten-med-karakter-pl\/#local-main-place-address\"},\"telephone\":[\"+48698936157\"],\"contactPoint\":{\"@type\":\"ContactPoint\",\"telephone\":\"+48698936157\",\"email\":\"firma@cempulik.eu\"},\"openingHoursSpecification\":[{\"@type\":\"OpeningHoursSpecification\",\"dayOfWeek\":[\"Monday\",\"Tuesday\",\"Wednesday\",\"Thursday\",\"Friday\",\"Saturday\",\"Sunday\"],\"opens\":\"07:00\",\"closes\":\"16:00\"}],\"email\":\"firma@cempulik.eu\",\"taxID\":\"6261055842\"},{\"@type\":\"PostalAddress\",\"@id\":\"https:\/\/www.cempulik.eu\/shop\/en\/produkt\/monumental-mindesten-17-naturlig-marksten-med-karakter-pl\/#local-main-place-address\",\"streetAddress\":\"Drzewna 23\",\"addressLocality\":\"Bytom\",\"postalCode\":\"41-935\",\"addressRegion\":\"\u015al\u0105skie\",\"addressCountry\":\"PL\"},{\"@type\":\"ImageObject\",\"inLanguage\":\"pl-PL\",\"@id\":\"https:\/\/www.cempulik.eu\/shop\/en\/produkt\/monumental-mindesten-17-naturlig-marksten-med-karakter-pl\/#local-main-organization-logo\",\"url\":\"https:\/\/www.cempulik.eu\/shop\/wp-content\/uploads\/2023\/02\/cropped-logo_footer__.png\",\"contentUrl\":\"https:\/\/www.cempulik.eu\/shop\/wp-content\/uploads\/2023\/02\/cropped-logo_footer__.png\",\"width\":512,\"height\":512,\"caption\":\"Us\u0142ugi Kamieniarskie Cempulik Stanis\u0142aw\"}]}<\/script>\n<meta property=\"product:price:amount\" content=\"720.00\" \/>\n<meta property=\"product:price:currency\" content=\"PLN\" \/>\n<meta property=\"og:availability\" content=\"instock\" \/>\n<meta property=\"product:availability\" content=\"instock\" \/>\n<meta property=\"product:retailer_item_id\" content=\"serce_6_human_cf1a_da_pl\" \/>\n<meta property=\"product:condition\" content=\"new\" \/>\n<meta name=\"geo.placename\" content=\"Bytom\" \/>\n<meta name=\"geo.region\" content=\"Polska\" \/>\n<!-- \/ Yoast SEO Premium plugin. -->","yoast_head_json":{"title":"Du\u017cy G\u0142az Narzutowy #17 \u2013 Monumentalny Pomnik Pami\u0119ci - Producent Nagrobk\u00f3w dla Zwierz\u0105t | Tablice i Portrety Nagrobne","robots":{"index":"index","follow":"follow","max-snippet":"max-snippet:-1","max-image-preview":"max-image-preview:large","max-video-preview":"max-video-preview:-1"},"canonical":"https:\/\/www.cempulik.eu\/shop\/en\/produkt\/monumental-mindesten-17-naturlig-marksten-med-karakter-pl\/","og_locale":"pl_PL","og_type":"article","og_title":"Du\u017cy G\u0142az Narzutowy #17 \u2013 Monumentalny Pomnik Pami\u0119ci - Producent Nagrobk\u00f3w dla Zwierz\u0105t | Tablice i Portrety Nagrobne","og_description":"Immortal memorial in black granite. Hand correction with a diamond needle, eternal durability, and free photo retouching.","og_url":"https:\/\/www.cempulik.eu\/shop\/en\/produkt\/monumental-mindesten-17-naturlig-marksten-med-karakter-pl\/","og_site_name":"Producent Nagrobk\u00f3w dla Zwierz\u0105t | Tablice i Portrety Nagrobne","article_publisher":"https:\/\/m.facebook.com\/profile.php?id=100063565541500&_rdr","article_modified_time":"2026-04-16T12:15:07+00:00","og_image":[{"width":640,"height":460,"url":"https:\/\/www.cempulik.eu\/shop\/wp-content\/uploads\/2023\/02\/serce_pochylone_dyzia640.webp","type":"image\/webp"}],"twitter_card":"summary_large_image","twitter_misc":{"Cena":"720,00&nbsp;&#122;&#322;","Dost\u0119pno\u015b\u0107":"Dost\u0119pny"},"schema":{"@context":"https:\/\/schema.org","@graph":[{"@type":"WebPage","@id":"https:\/\/www.cempulik.eu\/shop\/en\/produkt\/monumental-mindesten-17-naturlig-marksten-med-karakter-pl\/","url":"https:\/\/www.cempulik.eu\/shop\/en\/produkt\/monumental-mindesten-17-naturlig-marksten-med-karakter-pl\/","name":"Du\u017cy G\u0142az Narzutowy #17 \u2013 Monumentalny Pomnik Pami\u0119ci - Producent Nagrobk\u00f3w dla Zwierz\u0105t | Tablice i Portrety Nagrobne","isPartOf":{"@id":"https:\/\/www.cempulik.eu\/shop\/#website"},"primaryImageOfPage":{"@id":"https:\/\/www.cempulik.eu\/shop\/en\/produkt\/monumental-mindesten-17-naturlig-marksten-med-karakter-pl\/#primaryimage"},"image":{"@id":"https:\/\/www.cempulik.eu\/shop\/en\/produkt\/monumental-mindesten-17-naturlig-marksten-med-karakter-pl\/#primaryimage"},"thumbnailUrl":"https:\/\/www.cempulik.eu\/shop\/wp-content\/uploads\/2023\/02\/serce_pochylone_dyzia640.webp","datePublished":"2026-04-14T10:33:19+00:00","dateModified":"2026-04-16T12:15:07+00:00","breadcrumb":{"@id":"https:\/\/www.cempulik.eu\/shop\/en\/produkt\/monumental-mindesten-17-naturlig-marksten-med-karakter-pl\/#breadcrumb"},"inLanguage":"pl-PL","potentialAction":[{"@type":"ReadAction","target":["https:\/\/www.cempulik.eu\/shop\/en\/produkt\/monumental-mindesten-17-naturlig-marksten-med-karakter-pl\/"]}]},{"@type":"ImageObject","inLanguage":"pl-PL","@id":"https:\/\/www.cempulik.eu\/shop\/en\/produkt\/monumental-mindesten-17-naturlig-marksten-med-karakter-pl\/#primaryimage","url":"https:\/\/www.cempulik.eu\/shop\/wp-content\/uploads\/2023\/02\/serce_pochylone_dyzia640.webp","contentUrl":"https:\/\/www.cempulik.eu\/shop\/wp-content\/uploads\/2023\/02\/serce_pochylone_dyzia640.webp","width":640,"height":460,"caption":"Serce dla psa o imieniu Dyzia"},{"@type":"BreadcrumbList","@id":"https:\/\/www.cempulik.eu\/shop\/en\/produkt\/monumental-mindesten-17-naturlig-marksten-med-karakter-pl\/#breadcrumb","itemListElement":[{"@type":"ListItem","position":1,"name":"shop","item":"https:\/\/www.cempulik.eu\/shop\/"},{"@type":"ListItem","position":2,"name":"Du\u017cy G\u0142az Narzutowy #17 \u2013 Monumentalny Pomnik Pami\u0119ci"}]},{"@type":"WebSite","@id":"https:\/\/www.cempulik.eu\/shop\/#website","url":"https:\/\/www.cempulik.eu\/shop\/","name":"Producent Nagrobk\u00f3w dla Zwierz\u0105t | Tablice i Portrety Nagrobne","description":"","publisher":{"@id":"https:\/\/www.cempulik.eu\/shop\/#organization"},"potentialAction":[{"@type":"SearchAction","target":{"@type":"EntryPoint","urlTemplate":"https:\/\/www.cempulik.eu\/shop\/?s={search_term_string}"},"query-input":{"@type":"PropertyValueSpecification","valueRequired":true,"valueName":"search_term_string"}}],"inLanguage":"pl-PL"},{"@type":["Organization","Place"],"@id":"https:\/\/www.cempulik.eu\/shop\/#organization","name":"Us\u0142ugi Kamieniarskie Cempulik Stanis\u0142aw","url":"https:\/\/www.cempulik.eu\/shop\/","logo":{"@id":"https:\/\/www.cempulik.eu\/shop\/en\/produkt\/monumental-mindesten-17-naturlig-marksten-med-karakter-pl\/#local-main-organization-logo"},"image":{"@id":"https:\/\/www.cempulik.eu\/shop\/en\/produkt\/monumental-mindesten-17-naturlig-marksten-med-karakter-pl\/#local-main-organization-logo"},"sameAs":["https:\/\/m.facebook.com\/profile.php?id=100063565541500&_rdr"],"address":{"@id":"https:\/\/www.cempulik.eu\/shop\/en\/produkt\/monumental-mindesten-17-naturlig-marksten-med-karakter-pl\/#local-main-place-address"},"telephone":["+48698936157"],"contactPoint":{"@type":"ContactPoint","telephone":"+48698936157","email":"firma@cempulik.eu"},"openingHoursSpecification":[{"@type":"OpeningHoursSpecification","dayOfWeek":["Monday","Tuesday","Wednesday","Thursday","Friday","Saturday","Sunday"],"opens":"07:00","closes":"16:00"}],"email":"firma@cempulik.eu","taxID":"6261055842"},{"@type":"PostalAddress","@id":"https:\/\/www.cempulik.eu\/shop\/en\/produkt\/monumental-mindesten-17-naturlig-marksten-med-karakter-pl\/#local-main-place-address","streetAddress":"Drzewna 23","addressLocality":"Bytom","postalCode":"41-935","addressRegion":"\u015al\u0105skie","addressCountry":"PL"},{"@type":"ImageObject","inLanguage":"pl-PL","@id":"https:\/\/www.cempulik.eu\/shop\/en\/produkt\/monumental-mindesten-17-naturlig-marksten-med-karakter-pl\/#local-main-organization-logo","url":"https:\/\/www.cempulik.eu\/shop\/wp-content\/uploads\/2023\/02\/cropped-logo_footer__.png","contentUrl":"https:\/\/www.cempulik.eu\/shop\/wp-content\/uploads\/2023\/02\/cropped-logo_footer__.png","width":512,"height":512,"caption":"Us\u0142ugi Kamieniarskie Cempulik Stanis\u0142aw"}]},"product_price_amount":"720.00","product_price_currency":"PLN","og_availability":"instock","product_availability":"instock","product_retailer_item_id":"serce_6_human_cf1a_da_pl","product_condition":"new","geo.placename":"Bytom","geo.region":"Polska"},"lang":"en","translations":{"en":6225},"pll_sync_post":[],"_links":{"self":[{"href":"https:\/\/www.cempulik.eu\/shop\/wp-json\/wp\/v2\/product\/6225","targetHints":{"allow":["GET"]}}],"collection":[{"href":"https:\/\/www.cempulik.eu\/shop\/wp-json\/wp\/v2\/product"}],"about":[{"href":"https:\/\/www.cempulik.eu\/shop\/wp-json\/wp\/v2\/types\/product"}],"replies":[{"embeddable":true,"href":"https:\/\/www.cempulik.eu\/shop\/wp-json\/wp\/v2\/comments?post=6225"}],"wp:featuredmedia":[{"embeddable":true,"href":"https:\/\/www.cempulik.eu\/shop\/wp-json\/wp\/v2\/media\/4835"}],"wp:attachment":[{"href":"https:\/\/www.cempulik.eu\/shop\/wp-json\/wp\/v2\/media?parent=6225"}],"wp:term":[{"taxonomy":"product_brand","embeddable":true,"href":"https:\/\/www.cempulik.eu\/shop\/wp-json\/wp\/v2\/product_brand?post=6225"},{"taxonomy":"product_cat","embeddable":true,"href":"https:\/\/www.cempulik.eu\/shop\/wp-json\/wp\/v2\/product_cat?post=6225"},{"taxonomy":"product_tag","embeddable":true,"href":"https:\/\/www.cempulik.eu\/shop\/wp-json\/wp\/v2\/product_tag?post=6225"}],"curies":[{"name":"wp","href":"https:\/\/api.w.org\/{rel}","templated":true}]}}