{"id":91,"date":"2023-02-27T18:40:13","date_gmt":"2023-02-27T17:40:13","guid":{"rendered":"https:\/\/www.cempulik.eu\/shop\/?post_type=product&#038;p=91"},"modified":"2026-03-22T12:57:01","modified_gmt":"2026-03-22T11:57:01","slug":"plyta-granitowa-plomieniowana-na-podstawe","status":"publish","type":"product","link":"https:\/\/www.cempulik.eu\/shop\/produkt\/plyta-granitowa-plomieniowana-na-podstawe\/","title":{"rendered":"P\u0142yta granitowa p\u0142omieniowana na podstaw\u0119"},"content":{"rendered":"<p>P\u0142omieniowana p\u0142yta granitowa o wymiarach 60x30x2 cm zachwyca wyj\u0105tkowym szorstkim i matowym dotykiem. Idealnie sprawdzi si\u0119 jako solidna podstawa do pomnika granitowego, dodaj\u0105c mu wyj\u0105tkowego charakteru i trwa\u0142o\u015bci.<\/p>\n<h3>Sprawd\u017a r\u00f3wnie\u017c:<\/h3>\n<ul>\n<li><a href=\"\/products\/91-plyta-granitowa-plomieniowana-na-podstawe\/\">plyta-granitowa-plomieniowana-na-podstawe<\/a><\/li>\n<\/ul>\n","protected":false},"excerpt":{"rendered":"<p>Oferujemy p\u0142yt\u0119 granitow\u0105 p\u0142omieniowan\u0105.<\/p>\n","protected":false},"featured_media":141,"comment_status":"closed","ping_status":"closed","template":"","meta":{"site-sidebar-layout":"default","site-content-layout":"","ast-site-content-layout":"default","site-content-style":"default","site-sidebar-style":"default","ast-global-header-display":"","ast-banner-title-visibility":"","ast-main-header-display":"","ast-hfb-above-header-display":"","ast-hfb-below-header-display":"","ast-hfb-mobile-header-display":"","site-post-title":"","ast-breadcrumbs-content":"","ast-featured-img":"","footer-sml-layout":"","ast-disable-related-posts":"","theme-transparent-header-meta":"","adv-header-id-meta":"","stick-header-meta":"","header-above-stick-meta":"","header-main-stick-meta":"","header-below-stick-meta":"","astra-migrate-meta-layouts":"default","ast-page-background-enabled":"default","ast-page-background-meta":{"desktop":{"background-color":"var(--ast-global-color-4)","background-image":"","background-repeat":"repeat","background-position":"center center","background-size":"auto","background-attachment":"scroll","background-type":"","background-media":"","overlay-type":"","overlay-color":"","overlay-opacity":"","overlay-gradient":""},"tablet":{"background-color":"","background-image":"","background-repeat":"repeat","background-position":"center center","background-size":"auto","background-attachment":"scroll","background-type":"","background-media":"","overlay-type":"","overlay-color":"","overlay-opacity":"","overlay-gradient":""},"mobile":{"background-color":"","background-image":"","background-repeat":"repeat","background-position":"center center","background-size":"auto","background-attachment":"scroll","background-type":"","background-media":"","overlay-type":"","overlay-color":"","overlay-opacity":"","overlay-gradient":""}},"ast-content-background-meta":{"desktop":{"background-color":"var(--ast-global-color-5)","background-image":"","background-repeat":"repeat","background-position":"center center","background-size":"auto","background-attachment":"scroll","background-type":"","background-media":"","overlay-type":"","overlay-color":"","overlay-opacity":"","overlay-gradient":""},"tablet":{"background-color":"var(--ast-global-color-5)","background-image":"","background-repeat":"repeat","background-position":"center center","background-size":"auto","background-attachment":"scroll","background-type":"","background-media":"","overlay-type":"","overlay-color":"","overlay-opacity":"","overlay-gradient":""},"mobile":{"background-color":"var(--ast-global-color-5)","background-image":"","background-repeat":"repeat","background-position":"center center","background-size":"auto","background-attachment":"scroll","background-type":"","background-media":"","overlay-type":"","overlay-color":"","overlay-opacity":"","overlay-gradient":""}}},"product_brand":[],"product_cat":[22,16,17],"product_tag":[],"class_list":{"0":"post-91","1":"product","2":"type-product","3":"status-publish","4":"has-post-thumbnail","6":"product_cat-architektura","7":"product_cat-nagrobki-dla-zwierzat-plyty","8":"product_cat-nagrobki-dla-zwierzat-w-roznych-ksztaltach","9":"desktop-align-center","10":"tablet-align-left","11":"mobile-align-left","12":"ast-product-gallery-layout-horizontal-slider","13":"ast-product-tabs-layout-horizontal","15":"first","16":"instock","17":"shipping-taxable","18":"purchasable","19":"product-type-simple"},"yoast_head":"<!-- This site is optimized with the Yoast SEO Premium plugin v26.7 (Yoast SEO v26.7) - https:\/\/yoast.com\/wordpress\/plugins\/seo\/ -->\n<title>P\u0142yta granitowa p\u0142omieniowana na podstaw\u0119 - Producent Nagrobk\u00f3w dla Zwierz\u0105t | Tablice i Portrety Nagrobne<\/title>\n<meta name=\"robots\" content=\"index, follow, max-snippet:-1, max-image-preview:large, max-video-preview:-1\" \/>\n<link rel=\"canonical\" href=\"https:\/\/www.cempulik.eu\/shop\/produkt\/plyta-granitowa-plomieniowana-na-podstawe\/\" \/>\n<meta property=\"og:locale\" content=\"pl_PL\" \/>\n<meta property=\"og:type\" content=\"article\" \/>\n<meta property=\"og:title\" content=\"P\u0142yta granitowa p\u0142omieniowana na podstaw\u0119 - Producent Nagrobk\u00f3w dla Zwierz\u0105t | Tablice i Portrety Nagrobne\" \/>\n<meta property=\"og:description\" content=\"Oferujemy p\u0142yt\u0119 granitow\u0105 p\u0142omieniowan\u0105.\" \/>\n<meta property=\"og:url\" content=\"https:\/\/www.cempulik.eu\/shop\/produkt\/plyta-granitowa-plomieniowana-na-podstawe\/\" \/>\n<meta property=\"og:site_name\" content=\"Producent Nagrobk\u00f3w dla Zwierz\u0105t | Tablice i Portrety Nagrobne\" \/>\n<meta property=\"article:publisher\" content=\"https:\/\/m.facebook.com\/profile.php?id=100063565541500&amp;_rdr\" \/>\n<meta property=\"article:modified_time\" content=\"2026-03-22T11:57:01+00:00\" \/>\n<meta property=\"og:image\" content=\"https:\/\/www.cempulik.eu\/shop\/wp-content\/uploads\/2023\/02\/20180404_165054-e1522996542932.jpg\" \/>\n\t<meta property=\"og:image:width\" content=\"1053\" \/>\n\t<meta property=\"og:image:height\" content=\"1500\" \/>\n\t<meta property=\"og:image:type\" content=\"image\/jpeg\" \/>\n<meta name=\"twitter:card\" content=\"summary_large_image\" \/>\n<meta name=\"twitter:label1\" content=\"Cena\" \/>\n\t<meta name=\"twitter:data1\" content=\"120,00&nbsp;&#122;&#322;\" \/>\n\t<meta name=\"twitter:label2\" content=\"Dost\u0119pno\u015b\u0107\" \/>\n\t<meta name=\"twitter:data2\" content=\"Dost\u0119pny\" \/>\n<script type=\"application\/ld+json\" class=\"yoast-schema-graph\">{\"@context\":\"https:\/\/schema.org\",\"@graph\":[{\"@type\":\"WebPage\",\"@id\":\"https:\/\/www.cempulik.eu\/shop\/produkt\/plyta-granitowa-plomieniowana-na-podstawe\/\",\"url\":\"https:\/\/www.cempulik.eu\/shop\/produkt\/plyta-granitowa-plomieniowana-na-podstawe\/\",\"name\":\"P\u0142yta granitowa p\u0142omieniowana na podstaw\u0119 - Producent Nagrobk\u00f3w dla Zwierz\u0105t | Tablice i Portrety Nagrobne\",\"isPartOf\":{\"@id\":\"https:\/\/www.cempulik.eu\/shop\/#website\"},\"primaryImageOfPage\":{\"@id\":\"https:\/\/www.cempulik.eu\/shop\/produkt\/plyta-granitowa-plomieniowana-na-podstawe\/#primaryimage\"},\"image\":{\"@id\":\"https:\/\/www.cempulik.eu\/shop\/produkt\/plyta-granitowa-plomieniowana-na-podstawe\/#primaryimage\"},\"thumbnailUrl\":\"https:\/\/www.cempulik.eu\/shop\/wp-content\/uploads\/2023\/02\/20180404_165054-e1522996542932.jpg\",\"datePublished\":\"2023-02-27T17:40:13+00:00\",\"dateModified\":\"2026-03-22T11:57:01+00:00\",\"breadcrumb\":{\"@id\":\"https:\/\/www.cempulik.eu\/shop\/produkt\/plyta-granitowa-plomieniowana-na-podstawe\/#breadcrumb\"},\"inLanguage\":\"pl-PL\",\"potentialAction\":[{\"@type\":\"ReadAction\",\"target\":[\"https:\/\/www.cempulik.eu\/shop\/produkt\/plyta-granitowa-plomieniowana-na-podstawe\/\"]}]},{\"@type\":\"ImageObject\",\"inLanguage\":\"pl-PL\",\"@id\":\"https:\/\/www.cempulik.eu\/shop\/produkt\/plyta-granitowa-plomieniowana-na-podstawe\/#primaryimage\",\"url\":\"https:\/\/www.cempulik.eu\/shop\/wp-content\/uploads\/2023\/02\/20180404_165054-e1522996542932.jpg\",\"contentUrl\":\"https:\/\/www.cempulik.eu\/shop\/wp-content\/uploads\/2023\/02\/20180404_165054-e1522996542932.jpg\",\"width\":1053,\"height\":1500,\"caption\":\"p\u0142yta p\u0142omieniowana na podstaw\u0119\"},{\"@type\":\"BreadcrumbList\",\"@id\":\"https:\/\/www.cempulik.eu\/shop\/produkt\/plyta-granitowa-plomieniowana-na-podstawe\/#breadcrumb\",\"itemListElement\":[{\"@type\":\"ListItem\",\"position\":1,\"name\":\"shop\",\"item\":\"https:\/\/www.cempulik.eu\/shop\/\"},{\"@type\":\"ListItem\",\"position\":2,\"name\":\"P\u0142yta granitowa p\u0142omieniowana na podstaw\u0119\"}]},{\"@type\":\"WebSite\",\"@id\":\"https:\/\/www.cempulik.eu\/shop\/#website\",\"url\":\"https:\/\/www.cempulik.eu\/shop\/\",\"name\":\"Producent Nagrobk\u00f3w dla Zwierz\u0105t | Tablice i Portrety Nagrobne\",\"description\":\"\",\"publisher\":{\"@id\":\"https:\/\/www.cempulik.eu\/shop\/#organization\"},\"potentialAction\":[{\"@type\":\"SearchAction\",\"target\":{\"@type\":\"EntryPoint\",\"urlTemplate\":\"https:\/\/www.cempulik.eu\/shop\/?s={search_term_string}\"},\"query-input\":{\"@type\":\"PropertyValueSpecification\",\"valueRequired\":true,\"valueName\":\"search_term_string\"}}],\"inLanguage\":\"pl-PL\"},{\"@type\":[\"Organization\",\"Place\"],\"@id\":\"https:\/\/www.cempulik.eu\/shop\/#organization\",\"name\":\"Us\u0142ugi Kamieniarskie Cempulik Stanis\u0142aw\",\"url\":\"https:\/\/www.cempulik.eu\/shop\/\",\"logo\":{\"@id\":\"https:\/\/www.cempulik.eu\/shop\/produkt\/plyta-granitowa-plomieniowana-na-podstawe\/#local-main-organization-logo\"},\"image\":{\"@id\":\"https:\/\/www.cempulik.eu\/shop\/produkt\/plyta-granitowa-plomieniowana-na-podstawe\/#local-main-organization-logo\"},\"sameAs\":[\"https:\/\/m.facebook.com\/profile.php?id=100063565541500&_rdr\"],\"address\":{\"@id\":\"https:\/\/www.cempulik.eu\/shop\/produkt\/plyta-granitowa-plomieniowana-na-podstawe\/#local-main-place-address\"},\"telephone\":[\"+48698936157\"],\"contactPoint\":{\"@type\":\"ContactPoint\",\"telephone\":\"+48698936157\",\"email\":\"firma@cempulik.eu\"},\"openingHoursSpecification\":[{\"@type\":\"OpeningHoursSpecification\",\"dayOfWeek\":[\"Monday\",\"Tuesday\",\"Wednesday\",\"Thursday\",\"Friday\",\"Saturday\",\"Sunday\"],\"opens\":\"07:00\",\"closes\":\"16:00\"}],\"email\":\"firma@cempulik.eu\",\"taxID\":\"6261055842\"},{\"@type\":\"PostalAddress\",\"@id\":\"https:\/\/www.cempulik.eu\/shop\/produkt\/plyta-granitowa-plomieniowana-na-podstawe\/#local-main-place-address\",\"streetAddress\":\"Drzewna 23\",\"addressLocality\":\"Bytom\",\"postalCode\":\"41-935\",\"addressRegion\":\"\u015al\u0105skie\",\"addressCountry\":\"PL\"},{\"@type\":\"ImageObject\",\"inLanguage\":\"pl-PL\",\"@id\":\"https:\/\/www.cempulik.eu\/shop\/produkt\/plyta-granitowa-plomieniowana-na-podstawe\/#local-main-organization-logo\",\"url\":\"https:\/\/www.cempulik.eu\/shop\/wp-content\/uploads\/2023\/02\/cropped-logo_footer__.png\",\"contentUrl\":\"https:\/\/www.cempulik.eu\/shop\/wp-content\/uploads\/2023\/02\/cropped-logo_footer__.png\",\"width\":512,\"height\":512,\"caption\":\"Us\u0142ugi Kamieniarskie Cempulik Stanis\u0142aw\"}]}<\/script>\n<meta property=\"product:price:amount\" content=\"120.00\" \/>\n<meta property=\"product:price:currency\" content=\"PLN\" \/>\n<meta property=\"og:availability\" content=\"instock\" \/>\n<meta property=\"product:availability\" content=\"instock\" \/>\n<meta property=\"product:retailer_item_id\" content=\"plyta-plomien\" \/>\n<meta property=\"product:condition\" content=\"new\" \/>\n<meta name=\"geo.placename\" content=\"Bytom\" \/>\n<meta name=\"geo.region\" content=\"Polska\" \/>\n<!-- \/ Yoast SEO Premium plugin. -->","yoast_head_json":{"title":"P\u0142yta granitowa p\u0142omieniowana na podstaw\u0119 - Producent Nagrobk\u00f3w dla Zwierz\u0105t | Tablice i Portrety Nagrobne","robots":{"index":"index","follow":"follow","max-snippet":"max-snippet:-1","max-image-preview":"max-image-preview:large","max-video-preview":"max-video-preview:-1"},"canonical":"https:\/\/www.cempulik.eu\/shop\/produkt\/plyta-granitowa-plomieniowana-na-podstawe\/","og_locale":"pl_PL","og_type":"article","og_title":"P\u0142yta granitowa p\u0142omieniowana na podstaw\u0119 - Producent Nagrobk\u00f3w dla Zwierz\u0105t | Tablice i Portrety Nagrobne","og_description":"Oferujemy p\u0142yt\u0119 granitow\u0105 p\u0142omieniowan\u0105.","og_url":"https:\/\/www.cempulik.eu\/shop\/produkt\/plyta-granitowa-plomieniowana-na-podstawe\/","og_site_name":"Producent Nagrobk\u00f3w dla Zwierz\u0105t | Tablice i Portrety Nagrobne","article_publisher":"https:\/\/m.facebook.com\/profile.php?id=100063565541500&_rdr","article_modified_time":"2026-03-22T11:57:01+00:00","og_image":[{"width":1053,"height":1500,"url":"https:\/\/www.cempulik.eu\/shop\/wp-content\/uploads\/2023\/02\/20180404_165054-e1522996542932.jpg","type":"image\/jpeg"}],"twitter_card":"summary_large_image","twitter_misc":{"Cena":"120,00&nbsp;&#122;&#322;","Dost\u0119pno\u015b\u0107":"Dost\u0119pny"},"schema":{"@context":"https:\/\/schema.org","@graph":[{"@type":"WebPage","@id":"https:\/\/www.cempulik.eu\/shop\/produkt\/plyta-granitowa-plomieniowana-na-podstawe\/","url":"https:\/\/www.cempulik.eu\/shop\/produkt\/plyta-granitowa-plomieniowana-na-podstawe\/","name":"P\u0142yta granitowa p\u0142omieniowana na podstaw\u0119 - Producent Nagrobk\u00f3w dla Zwierz\u0105t | Tablice i Portrety Nagrobne","isPartOf":{"@id":"https:\/\/www.cempulik.eu\/shop\/#website"},"primaryImageOfPage":{"@id":"https:\/\/www.cempulik.eu\/shop\/produkt\/plyta-granitowa-plomieniowana-na-podstawe\/#primaryimage"},"image":{"@id":"https:\/\/www.cempulik.eu\/shop\/produkt\/plyta-granitowa-plomieniowana-na-podstawe\/#primaryimage"},"thumbnailUrl":"https:\/\/www.cempulik.eu\/shop\/wp-content\/uploads\/2023\/02\/20180404_165054-e1522996542932.jpg","datePublished":"2023-02-27T17:40:13+00:00","dateModified":"2026-03-22T11:57:01+00:00","breadcrumb":{"@id":"https:\/\/www.cempulik.eu\/shop\/produkt\/plyta-granitowa-plomieniowana-na-podstawe\/#breadcrumb"},"inLanguage":"pl-PL","potentialAction":[{"@type":"ReadAction","target":["https:\/\/www.cempulik.eu\/shop\/produkt\/plyta-granitowa-plomieniowana-na-podstawe\/"]}]},{"@type":"ImageObject","inLanguage":"pl-PL","@id":"https:\/\/www.cempulik.eu\/shop\/produkt\/plyta-granitowa-plomieniowana-na-podstawe\/#primaryimage","url":"https:\/\/www.cempulik.eu\/shop\/wp-content\/uploads\/2023\/02\/20180404_165054-e1522996542932.jpg","contentUrl":"https:\/\/www.cempulik.eu\/shop\/wp-content\/uploads\/2023\/02\/20180404_165054-e1522996542932.jpg","width":1053,"height":1500,"caption":"p\u0142yta p\u0142omieniowana na podstaw\u0119"},{"@type":"BreadcrumbList","@id":"https:\/\/www.cempulik.eu\/shop\/produkt\/plyta-granitowa-plomieniowana-na-podstawe\/#breadcrumb","itemListElement":[{"@type":"ListItem","position":1,"name":"shop","item":"https:\/\/www.cempulik.eu\/shop\/"},{"@type":"ListItem","position":2,"name":"P\u0142yta granitowa p\u0142omieniowana na podstaw\u0119"}]},{"@type":"WebSite","@id":"https:\/\/www.cempulik.eu\/shop\/#website","url":"https:\/\/www.cempulik.eu\/shop\/","name":"Producent Nagrobk\u00f3w dla Zwierz\u0105t | Tablice i Portrety Nagrobne","description":"","publisher":{"@id":"https:\/\/www.cempulik.eu\/shop\/#organization"},"potentialAction":[{"@type":"SearchAction","target":{"@type":"EntryPoint","urlTemplate":"https:\/\/www.cempulik.eu\/shop\/?s={search_term_string}"},"query-input":{"@type":"PropertyValueSpecification","valueRequired":true,"valueName":"search_term_string"}}],"inLanguage":"pl-PL"},{"@type":["Organization","Place"],"@id":"https:\/\/www.cempulik.eu\/shop\/#organization","name":"Us\u0142ugi Kamieniarskie Cempulik Stanis\u0142aw","url":"https:\/\/www.cempulik.eu\/shop\/","logo":{"@id":"https:\/\/www.cempulik.eu\/shop\/produkt\/plyta-granitowa-plomieniowana-na-podstawe\/#local-main-organization-logo"},"image":{"@id":"https:\/\/www.cempulik.eu\/shop\/produkt\/plyta-granitowa-plomieniowana-na-podstawe\/#local-main-organization-logo"},"sameAs":["https:\/\/m.facebook.com\/profile.php?id=100063565541500&_rdr"],"address":{"@id":"https:\/\/www.cempulik.eu\/shop\/produkt\/plyta-granitowa-plomieniowana-na-podstawe\/#local-main-place-address"},"telephone":["+48698936157"],"contactPoint":{"@type":"ContactPoint","telephone":"+48698936157","email":"firma@cempulik.eu"},"openingHoursSpecification":[{"@type":"OpeningHoursSpecification","dayOfWeek":["Monday","Tuesday","Wednesday","Thursday","Friday","Saturday","Sunday"],"opens":"07:00","closes":"16:00"}],"email":"firma@cempulik.eu","taxID":"6261055842"},{"@type":"PostalAddress","@id":"https:\/\/www.cempulik.eu\/shop\/produkt\/plyta-granitowa-plomieniowana-na-podstawe\/#local-main-place-address","streetAddress":"Drzewna 23","addressLocality":"Bytom","postalCode":"41-935","addressRegion":"\u015al\u0105skie","addressCountry":"PL"},{"@type":"ImageObject","inLanguage":"pl-PL","@id":"https:\/\/www.cempulik.eu\/shop\/produkt\/plyta-granitowa-plomieniowana-na-podstawe\/#local-main-organization-logo","url":"https:\/\/www.cempulik.eu\/shop\/wp-content\/uploads\/2023\/02\/cropped-logo_footer__.png","contentUrl":"https:\/\/www.cempulik.eu\/shop\/wp-content\/uploads\/2023\/02\/cropped-logo_footer__.png","width":512,"height":512,"caption":"Us\u0142ugi Kamieniarskie Cempulik Stanis\u0142aw"}]},"product_price_amount":"120.00","product_price_currency":"PLN","og_availability":"instock","product_availability":"instock","product_retailer_item_id":"plyta-plomien","product_condition":"new","geo.placename":"Bytom","geo.region":"Polska"},"lang":"pl","translations":{"pl":91},"pll_sync_post":[],"_links":{"self":[{"href":"https:\/\/www.cempulik.eu\/shop\/wp-json\/wp\/v2\/product\/91","targetHints":{"allow":["GET"]}}],"collection":[{"href":"https:\/\/www.cempulik.eu\/shop\/wp-json\/wp\/v2\/product"}],"about":[{"href":"https:\/\/www.cempulik.eu\/shop\/wp-json\/wp\/v2\/types\/product"}],"replies":[{"embeddable":true,"href":"https:\/\/www.cempulik.eu\/shop\/wp-json\/wp\/v2\/comments?post=91"}],"wp:featuredmedia":[{"embeddable":true,"href":"https:\/\/www.cempulik.eu\/shop\/wp-json\/wp\/v2\/media\/141"}],"wp:attachment":[{"href":"https:\/\/www.cempulik.eu\/shop\/wp-json\/wp\/v2\/media?parent=91"}],"wp:term":[{"taxonomy":"product_brand","embeddable":true,"href":"https:\/\/www.cempulik.eu\/shop\/wp-json\/wp\/v2\/product_brand?post=91"},{"taxonomy":"product_cat","embeddable":true,"href":"https:\/\/www.cempulik.eu\/shop\/wp-json\/wp\/v2\/product_cat?post=91"},{"taxonomy":"product_tag","embeddable":true,"href":"https:\/\/www.cempulik.eu\/shop\/wp-json\/wp\/v2\/product_tag?post=91"}],"curies":[{"name":"wp","href":"https:\/\/api.w.org\/{rel}","templated":true}]}}